{"id":694667,"date":"2025-08-27T14:22:46","date_gmt":"2025-08-27T11:22:46","guid":{"rendered":"https:\/\/roveyayinevi.com.tr\/index.php\/urun\/vejetaryenligin-yararlari\/"},"modified":"2026-04-16T02:04:37","modified_gmt":"2026-04-15T23:04:37","slug":"vejetaryenligin-yararlari","status":"publish","type":"product","link":"https:\/\/roveyayinevi.com.tr\/index.php\/urun\/vejetaryenligin-yararlari\/","title":{"rendered":"Vejetaryenli\u011fin Yararlar\u0131"},"content":{"rendered":"<p>\u201c\u0130nsan kan d\u00f6k\u00fcyor, zul\u00fcm tohumu ekiyor. O halde sonu\u00e7ta sava\u015f, ac\u0131, y\u0131k\u0131m ve toplu k\u0131y\u0131m bi\u00e7ecek. \u0130nsanl\u0131k ilerlemeyecek, huzur bulmayacak; mutluluk, \u00f6zg\u00fcrl\u00fck ve bar\u0131\u015f y\u00fcz\u00fc g\u00f6rmeyecek etobur oldu\u011fu s\u00fcrece\u201d diye yaz\u0131yor S\u00e2d\u0131k Hid\u00e2yet, et yemeye y\u00f6neltti\u011fi ele\u015ftiriyi insan uygarl\u0131\u011f\u0131n\u0131n kapsaml\u0131 bir ele\u015ftirisine do\u011fru geni\u015fletti\u011fi bu \u00e7arp\u0131c\u0131 kitab\u0131nda. Daha sa\u011fl\u0131kl\u0131 ve bar\u0131\u015f\u00e7\u0131l bir uygarl\u0131\u011fa g\u00f6t\u00fcrecek yol olarak g\u00f6rd\u00fc\u011f\u00fc vejetaryenli\u011fi bilimsel temeli, tarihi ve felsefesiyle beraber ele al\u0131yor.     Modern \u0130ran edebiyat\u0131n\u0131n b\u00fcy\u00fck ustas\u0131 S\u00e2d\u0131k Hid\u00e2yet, Vejetaryenli\u011fin Yararlar\u0131\u2019nda vejetaryenli\u011fi ki\u015fisel bir se\u00e7im olmaktan \u00f6te bir d\u00fcnya g\u00f6r\u00fc\u015f\u00fc olarak ele al\u0131yor.   \u201cHayvanlar\u0131 \u00fczmek ve \u00f6ld\u00fcrmek, insanl\u0131k \u015feref ve makam\u0131na edilmi\u015f k\u00fcf\u00fcrd\u00fcr. Hayvanlar\u0131n varolu\u015flar\u0131, d\u00fcnyaya geli\u015fleri, oyun ve sevin\u00e7leri, ac\u0131 \u00e7ekmeleri, ana \u015fefkatleri, \u00f6l\u00fcm korkular\u0131, v\u00fccutlar\u0131nda uyanan istekler, \u00f6l\u00fcm ve yazg\u0131lar\u0131, t\u00fcm\u00fc insan\u0131nkine benzer.\u201d <\/p>\n","protected":false},"excerpt":{"rendered":"<p>\u201c\u0130nsan kan d\u00f6k\u00fcyor, zul\u00fcm tohumu ekiyor. O halde sonu\u00e7ta sava\u015f, ac\u0131, y\u0131k\u0131m ve toplu k\u0131y\u0131m bi\u00e7ecek. \u0130nsanl\u0131k ilerlemeyecek, huzur bulmayacak; mutluluk, \u00f6zg\u00fcrl\u00fck ve bar\u0131\u015f y\u00fcz\u00fc g\u00f6rmeyecek<span class=\"excerpt-hellip\"> [\u2026]<\/span><\/p>\n","protected":false},"featured_media":0,"template":"","meta":{"_monsterinsights_skip_tracking":false,"_monsterinsights_sitenote_active":false,"_monsterinsights_sitenote_note":"","_monsterinsights_sitenote_category":0},"product_brand":[],"product_cat":[13402,13365],"product_tag":[],"class_list":{"0":"post-694667","1":"product","2":"type-product","3":"status-publish","5":"product_cat-beslenme-ve-diyet","6":"product_cat-saglik","7":"pa_cilt-ciltsiz","8":"pa_tur-kitap","9":"pa_yayinevi-yapi-kredi-yayinlari","10":"pa_yazar-sadik-hidayet","12":"first","13":"instock","14":"sale","15":"shipping-taxable","16":"purchasable","17":"product-type-simple"},"_links":{"self":[{"href":"https:\/\/roveyayinevi.com.tr\/index.php\/wp-json\/wp\/v2\/product\/694667","targetHints":{"allow":["GET"]}}],"collection":[{"href":"https:\/\/roveyayinevi.com.tr\/index.php\/wp-json\/wp\/v2\/product"}],"about":[{"href":"https:\/\/roveyayinevi.com.tr\/index.php\/wp-json\/wp\/v2\/types\/product"}],"wp:attachment":[{"href":"https:\/\/roveyayinevi.com.tr\/index.php\/wp-json\/wp\/v2\/media?parent=694667"}],"wp:term":[{"taxonomy":"product_brand","embeddable":true,"href":"https:\/\/roveyayinevi.com.tr\/index.php\/wp-json\/wp\/v2\/product_brand?post=694667"},{"taxonomy":"product_cat","embeddable":true,"href":"https:\/\/roveyayinevi.com.tr\/index.php\/wp-json\/wp\/v2\/product_cat?post=694667"},{"taxonomy":"product_tag","embeddable":true,"href":"https:\/\/roveyayinevi.com.tr\/index.php\/wp-json\/wp\/v2\/product_tag?post=694667"}],"curies":[{"name":"wp","href":"https:\/\/api.w.org\/{rel}","templated":true}]}}