{"id":694666,"date":"2025-08-27T14:22:46","date_gmt":"2025-08-27T11:22:46","guid":{"rendered":"https:\/\/roveyayinevi.com.tr\/index.php\/urun\/soz-ve-diksiyon-sanati\/"},"modified":"2026-04-16T02:04:37","modified_gmt":"2026-04-15T23:04:37","slug":"soz-ve-diksiyon-sanati","status":"publish","type":"product","link":"https:\/\/roveyayinevi.com.tr\/index.php\/urun\/soz-ve-diksiyon-sanati\/","title":{"rendered":"S\u00f6z ve Diksiyon Sanat\u0131"},"content":{"rendered":"<p>\u00d6yle g\u00fczel konu\u015fanlar vard\u0131r ki, bildikleri konu \u00fczerinde d\u00fc\u015f\u00fcncelerini, duygular\u0131n\u0131 d\u00fczg\u00fcn t\u00fcmceler kurup etkili s\u00f6zc\u00fckler bularak s\u00f6yler, dinleyenleri hayran b\u0131rak\u0131rlar. -N\u00fczhet \u015eenbay- Bu kitap hem g\u00fcnl\u00fck konu\u015fmalar, hem de \u00e7e\u015fitli konferanslarda dilin do\u011fru ve etkili kullan\u0131m\u0131na y\u00f6nelik \u00f6rnek al\u0131\u015ft\u0131rmalar i\u00e7eren bir el kitab\u0131d\u0131r. <\/p>\n","protected":false},"excerpt":{"rendered":"<p>\u00d6yle g\u00fczel konu\u015fanlar vard\u0131r ki, bildikleri konu \u00fczerinde d\u00fc\u015f\u00fcncelerini, duygular\u0131n\u0131 d\u00fczg\u00fcn t\u00fcmceler kurup etkili s\u00f6zc\u00fckler bularak s\u00f6yler, dinleyenleri hayran b\u0131rak\u0131rlar. -N\u00fczhet \u015eenbay- Bu kitap hem g\u00fcnl\u00fck<span class=\"excerpt-hellip\"> [\u2026]<\/span><\/p>\n","protected":false},"featured_media":0,"template":"","meta":{"_monsterinsights_skip_tracking":false,"_monsterinsights_sitenote_active":false,"_monsterinsights_sitenote_note":"","_monsterinsights_sitenote_category":0},"product_brand":[],"product_cat":[12312,12304],"product_tag":[],"class_list":{"0":"post-694666","1":"product","2":"type-product","3":"status-publish","5":"product_cat-diger","6":"product_cat-tarih","7":"pa_cilt-ciltsiz","8":"pa_tur-kitap","9":"pa_yayinevi-yapi-kredi-yayinlari","10":"pa_yazar-nuzhet-senbay","12":"first","13":"instock","14":"sale","15":"shipping-taxable","16":"purchasable","17":"product-type-simple"},"_links":{"self":[{"href":"https:\/\/roveyayinevi.com.tr\/index.php\/wp-json\/wp\/v2\/product\/694666","targetHints":{"allow":["GET"]}}],"collection":[{"href":"https:\/\/roveyayinevi.com.tr\/index.php\/wp-json\/wp\/v2\/product"}],"about":[{"href":"https:\/\/roveyayinevi.com.tr\/index.php\/wp-json\/wp\/v2\/types\/product"}],"wp:attachment":[{"href":"https:\/\/roveyayinevi.com.tr\/index.php\/wp-json\/wp\/v2\/media?parent=694666"}],"wp:term":[{"taxonomy":"product_brand","embeddable":true,"href":"https:\/\/roveyayinevi.com.tr\/index.php\/wp-json\/wp\/v2\/product_brand?post=694666"},{"taxonomy":"product_cat","embeddable":true,"href":"https:\/\/roveyayinevi.com.tr\/index.php\/wp-json\/wp\/v2\/product_cat?post=694666"},{"taxonomy":"product_tag","embeddable":true,"href":"https:\/\/roveyayinevi.com.tr\/index.php\/wp-json\/wp\/v2\/product_tag?post=694666"}],"curies":[{"name":"wp","href":"https:\/\/api.w.org\/{rel}","templated":true}]}}