{"id":694664,"date":"2025-08-27T14:22:45","date_gmt":"2025-08-27T11:22:45","guid":{"rendered":"https:\/\/roveyayinevi.com.tr\/index.php\/urun\/solgun-bir-gul-oluyor-dokununca\/"},"modified":"2025-12-30T09:43:30","modified_gmt":"2025-12-30T06:43:30","slug":"solgun-bir-gul-oluyor-dokununca","status":"publish","type":"product","link":"https:\/\/roveyayinevi.com.tr\/index.php\/urun\/solgun-bir-gul-oluyor-dokununca\/","title":{"rendered":"Solgun Bir G\u00fcl Oluyor Dokununca"},"content":{"rendered":"<p>&#8220;Ya da yaln\u0131z bir k\u0131z\u0131n Sildi\u011fi dudak boyas\u0131nda E\u015fi\u011finde yine yorgun gecenin Ba\u015f\u0131n\u0131 yast\u0131klara koyunca. (&#8230;) Ellerde, dudaklarda, \u0131ss\u0131z yaz\u0131larda Ak\u015famlar\u0131 gerili a\u011flara tak\u0131l\u0131yor Yaral\u0131 hayvanlar gibi soluyor Bunal\u0131yor, ka\u00e7\u0131p gitmek istiyor Yollar, ya da an\u0131lar boyunca Al\u0131p al\u0131p geliyorum, uyumuyor b\u00fct\u00fcn gece K\u0131m\u0131ld\u0131yor karanl\u0131kta, ne zaman dokunsam Solgun bir g\u00fcl oluyor dokununca&#8221; <\/p>\n","protected":false},"excerpt":{"rendered":"<p>&#8220;Ya da yaln\u0131z bir k\u0131z\u0131n Sildi\u011fi dudak boyas\u0131nda E\u015fi\u011finde yine yorgun gecenin Ba\u015f\u0131n\u0131 yast\u0131klara koyunca. (&#8230;) Ellerde, dudaklarda, \u0131ss\u0131z yaz\u0131larda Ak\u015famlar\u0131 gerili a\u011flara tak\u0131l\u0131yor Yaral\u0131 hayvanlar<span class=\"excerpt-hellip\"> [\u2026]<\/span><\/p>\n","protected":false},"featured_media":0,"template":"","meta":{"_monsterinsights_skip_tracking":false,"_monsterinsights_sitenote_active":false,"_monsterinsights_sitenote_note":"","_monsterinsights_sitenote_category":0},"product_brand":[],"product_cat":[12291,12509],"product_tag":[],"class_list":{"0":"post-694664","1":"product","2":"type-product","3":"status-publish","5":"product_cat-edebiyat","6":"product_cat-siir","7":"pa_cilt-ciltsiz","8":"pa_tur-kitap","9":"pa_yayinevi-yapi-kredi-yayinlari","10":"pa_yazar-behcet-necatigil","12":"first","13":"instock","14":"sale","15":"shipping-taxable","16":"purchasable","17":"product-type-simple"},"_links":{"self":[{"href":"https:\/\/roveyayinevi.com.tr\/index.php\/wp-json\/wp\/v2\/product\/694664","targetHints":{"allow":["GET"]}}],"collection":[{"href":"https:\/\/roveyayinevi.com.tr\/index.php\/wp-json\/wp\/v2\/product"}],"about":[{"href":"https:\/\/roveyayinevi.com.tr\/index.php\/wp-json\/wp\/v2\/types\/product"}],"wp:attachment":[{"href":"https:\/\/roveyayinevi.com.tr\/index.php\/wp-json\/wp\/v2\/media?parent=694664"}],"wp:term":[{"taxonomy":"product_brand","embeddable":true,"href":"https:\/\/roveyayinevi.com.tr\/index.php\/wp-json\/wp\/v2\/product_brand?post=694664"},{"taxonomy":"product_cat","embeddable":true,"href":"https:\/\/roveyayinevi.com.tr\/index.php\/wp-json\/wp\/v2\/product_cat?post=694664"},{"taxonomy":"product_tag","embeddable":true,"href":"https:\/\/roveyayinevi.com.tr\/index.php\/wp-json\/wp\/v2\/product_tag?post=694664"}],"curies":[{"name":"wp","href":"https:\/\/api.w.org\/{rel}","templated":true}]}}