{"id":694660,"date":"2025-08-27T14:22:44","date_gmt":"2025-08-27T11:22:44","guid":{"rendered":"https:\/\/roveyayinevi.com.tr\/index.php\/urun\/ekonomik-gelismenin-toplumsal-sinirlari\/"},"modified":"2026-04-16T02:04:37","modified_gmt":"2026-04-15T23:04:37","slug":"ekonomik-gelismenin-toplumsal-sinirlari","status":"publish","type":"product","link":"https:\/\/roveyayinevi.com.tr\/index.php\/urun\/ekonomik-gelismenin-toplumsal-sinirlari\/","title":{"rendered":"Ekonomik Geli\u015fmenin Toplumsal S\u0131n\u0131rlar\u0131"},"content":{"rendered":"<p>Bu kez sundu\u011fumuz kitap \u00c7in\u2019deki ekonomik d\u00f6n\u00fc\u015f\u00fcm\u00fcn pratik ve teorik kaynaklar\u0131n\u0131 incelemektedir. T\u00fcrkiye\u2019de bu alanda ilk kez iktisadi bak\u0131\u015f a\u00e7\u0131s\u0131ndan bir eser yay\u0131nlanmaktad\u0131r. Kitapta birinci elden, \u00c7in ekonomisinin son 30 y\u0131ll\u0131k ser\u00fcvenini en g\u00fcncel verilerle incelenmekte ve tart\u0131\u015f\u0131lmaktad\u0131r. Kitap, ampirik y\u00f6ntemi \u00f6ne \u00e7\u0131kartm\u0131\u015ft\u0131r. Eserin yazar\u0131 olan J. Jinquan, \u00f6nemli bir iktisat\u00e7\u0131 ve Pekin\u2019deki siyasi otoriteye ekonomi-politika alan\u0131nda dan\u0131\u015fmanl\u0131k yapan, eserleri ve ele\u015ftirileri dikkatle izlenen bir ara\u015ft\u0131rmac\u0131d\u0131r.Yazara g\u00f6re, \u00c7in i\u00e7in d\u0131\u015f d\u00fcnyadan kaynak s\u00f6m\u00fcr\u00fcs\u00fcne, ekolojik-\u00e7evresini tahrip etme bahas\u0131na ve halk\u0131n bir b\u00f6l\u00fcm\u00fcn\u00fcn, di\u011ferinin aleyhine geli\u015fti\u011fi ve zenginle\u015fti\u011fi toplumsal kutupla\u015fma i\u00e7eren bir model i\u00e7inde geli\u015fmesi kesinkes \u00e7\u0131kmaz bir yoldur. Bu yol d\u00fcnyada denenmi\u015ftir ve s\u00fcrd\u00fcr\u00fclebilir olamayaca\u011f\u0131 kan\u0131tlanm\u0131\u015ft\u0131r. \u00c7in\u2019in ve d\u00fcnyan\u0131n ger\u00e7ekleri bu tarz geli\u015fmeye izin vermeyecektir. <\/p>\n","protected":false},"excerpt":{"rendered":"<p>Bu kez sundu\u011fumuz kitap \u00c7in\u2019deki ekonomik d\u00f6n\u00fc\u015f\u00fcm\u00fcn pratik ve teorik kaynaklar\u0131n\u0131 incelemektedir. T\u00fcrkiye\u2019de bu alanda ilk kez iktisadi bak\u0131\u015f a\u00e7\u0131s\u0131ndan bir eser yay\u0131nlanmaktad\u0131r. Kitapta birinci elden,<span class=\"excerpt-hellip\"> [\u2026]<\/span><\/p>\n","protected":false},"featured_media":0,"template":"","meta":{"_monsterinsights_skip_tracking":false,"_monsterinsights_sitenote_active":false,"_monsterinsights_sitenote_note":"","_monsterinsights_sitenote_category":0},"product_brand":[],"product_cat":[20333,13043],"product_tag":[],"class_list":{"0":"post-694660","1":"product","2":"type-product","3":"status-publish","5":"product_cat-diger-ekonomi","6":"product_cat-ekonomi","7":"pa_tur-kitap","8":"pa_yayinevi-canut-yayinlari","9":"pa_yazar-jinquan-jiang","11":"first","12":"instock","13":"sale","14":"shipping-taxable","15":"purchasable","16":"product-type-simple"},"_links":{"self":[{"href":"https:\/\/roveyayinevi.com.tr\/index.php\/wp-json\/wp\/v2\/product\/694660","targetHints":{"allow":["GET"]}}],"collection":[{"href":"https:\/\/roveyayinevi.com.tr\/index.php\/wp-json\/wp\/v2\/product"}],"about":[{"href":"https:\/\/roveyayinevi.com.tr\/index.php\/wp-json\/wp\/v2\/types\/product"}],"wp:attachment":[{"href":"https:\/\/roveyayinevi.com.tr\/index.php\/wp-json\/wp\/v2\/media?parent=694660"}],"wp:term":[{"taxonomy":"product_brand","embeddable":true,"href":"https:\/\/roveyayinevi.com.tr\/index.php\/wp-json\/wp\/v2\/product_brand?post=694660"},{"taxonomy":"product_cat","embeddable":true,"href":"https:\/\/roveyayinevi.com.tr\/index.php\/wp-json\/wp\/v2\/product_cat?post=694660"},{"taxonomy":"product_tag","embeddable":true,"href":"https:\/\/roveyayinevi.com.tr\/index.php\/wp-json\/wp\/v2\/product_tag?post=694660"}],"curies":[{"name":"wp","href":"https:\/\/api.w.org\/{rel}","templated":true}]}}