{"id":694659,"date":"2025-08-27T14:22:44","date_gmt":"2025-08-27T11:22:44","guid":{"rendered":"https:\/\/roveyayinevi.com.tr\/index.php\/urun\/bilimin-ilk-kasifleri-3\/"},"modified":"2026-04-16T02:04:37","modified_gmt":"2026-04-15T23:04:37","slug":"bilimin-ilk-kasifleri-3","status":"publish","type":"product","link":"https:\/\/roveyayinevi.com.tr\/index.php\/urun\/bilimin-ilk-kasifleri-3\/","title":{"rendered":"Bilimin \u0130lk Ka\u015fifleri &#8211; 3"},"content":{"rendered":"<p>B\u00fcy\u00fck bilim adamlar\u0131n\u0131n pek \u00e7o\u011funu tan\u0131yorsunuz.. Peki en b\u00fcy\u00fck bilim adamlar\u0131n\u0131 ne kadar tan\u0131yorsunuz? Hayat\u0131m\u0131z\u0131 de\u011fi\u015ftiren b\u00fcy\u00fck bulu\u015flar\u0131n ilk ka\u015fiflerini tan\u0131maya haz\u0131r olun!<\/p>\n","protected":false},"excerpt":{"rendered":"<p>B\u00fcy\u00fck bilim adamlar\u0131n\u0131n pek \u00e7o\u011funu tan\u0131yorsunuz.. Peki en b\u00fcy\u00fck bilim adamlar\u0131n\u0131 ne kadar tan\u0131yorsunuz? Hayat\u0131m\u0131z\u0131 de\u011fi\u015ftiren b\u00fcy\u00fck bulu\u015flar\u0131n ilk ka\u015fiflerini tan\u0131maya haz\u0131r olun!<\/p>\n","protected":false},"featured_media":0,"template":"","meta":{"_monsterinsights_skip_tracking":false,"_monsterinsights_sitenote_active":false,"_monsterinsights_sitenote_note":"","_monsterinsights_sitenote_category":0},"product_brand":[],"product_cat":[12492,12274],"product_tag":[],"class_list":{"0":"post-694659","1":"product","2":"type-product","3":"status-publish","5":"product_cat-bilmece-bulmaca","6":"product_cat-cocuk-ve-genclik-kitaplari","7":"pa_cilt-ciltsiz","8":"pa_tur-kitap","9":"pa_yayinevi-ugurbocegi-yayinlari","10":"pa_yazar-zehra-ayduz","12":"first","13":"instock","14":"sale","15":"shipping-taxable","16":"purchasable","17":"product-type-simple"},"_links":{"self":[{"href":"https:\/\/roveyayinevi.com.tr\/index.php\/wp-json\/wp\/v2\/product\/694659","targetHints":{"allow":["GET"]}}],"collection":[{"href":"https:\/\/roveyayinevi.com.tr\/index.php\/wp-json\/wp\/v2\/product"}],"about":[{"href":"https:\/\/roveyayinevi.com.tr\/index.php\/wp-json\/wp\/v2\/types\/product"}],"wp:attachment":[{"href":"https:\/\/roveyayinevi.com.tr\/index.php\/wp-json\/wp\/v2\/media?parent=694659"}],"wp:term":[{"taxonomy":"product_brand","embeddable":true,"href":"https:\/\/roveyayinevi.com.tr\/index.php\/wp-json\/wp\/v2\/product_brand?post=694659"},{"taxonomy":"product_cat","embeddable":true,"href":"https:\/\/roveyayinevi.com.tr\/index.php\/wp-json\/wp\/v2\/product_cat?post=694659"},{"taxonomy":"product_tag","embeddable":true,"href":"https:\/\/roveyayinevi.com.tr\/index.php\/wp-json\/wp\/v2\/product_tag?post=694659"}],"curies":[{"name":"wp","href":"https:\/\/api.w.org\/{rel}","templated":true}]}}