{"id":694658,"date":"2025-08-27T14:22:44","date_gmt":"2025-08-27T11:22:44","guid":{"rendered":"https:\/\/roveyayinevi.com.tr\/index.php\/urun\/cilginlar-sinifi-sirlar-takimi\/"},"modified":"2026-04-16T02:04:37","modified_gmt":"2026-04-15T23:04:37","slug":"cilginlar-sinifi-sirlar-takimi","status":"publish","type":"product","link":"https:\/\/roveyayinevi.com.tr\/index.php\/urun\/cilginlar-sinifi-sirlar-takimi\/","title":{"rendered":"\u00c7\u0131lg\u0131nlar S\u0131n\u0131f\u0131 &#8211; S\u0131rlar Tak\u0131m\u0131"},"content":{"rendered":"<p>\u00c7ocuk edebiyat\u0131n\u0131n usta kalemi Mavisel Yener, Sihirbaz Lapro\u015fka&#8217;n\u0131n Nemrut Da\u011f\u0131&#8217;nda yapaca\u011f\u0131 ola\u011fan\u00fcst\u00fc g\u00f6steriye herkesi davet ediyor. Lapro\u015fka&#8217;y\u0131 izlemeye gelen \u00e7ocuklar\u0131 farkl\u0131 s\u00fcrprizler bekliyor. Onlar\u0131n ya\u015fad\u0131klar\u0131na yeti\u015fkinler asla inanmayacak. \u00c7\u00fcnk\u00fc s\u0131n\u0131rs\u0131z uzaklar\u0131 yaln\u0131zca \u00e7ocuklar g\u00f6r\u00fcp deneyimleyebilir&#8230; Bundan b\u00f6yle tarihi eserlere bakarken, kal\u0131nt\u0131lar\u0131 gezerken hep d\u00fc\u015f\u00fcn\u00fcn onlar\u0131 yapan isimsiz kahramanlar\u0131, i\u015f\u00e7ileri, k\u00f6leleri. Kim bilir belki de baz\u0131lar\u0131 parmak izi bile b\u0131rakm\u0131\u015ft\u0131r \u00fcstlerine&#8230; <\/p>\n","protected":false},"excerpt":{"rendered":"<p>\u00c7ocuk edebiyat\u0131n\u0131n usta kalemi Mavisel Yener, Sihirbaz Lapro\u015fka&#8217;n\u0131n Nemrut Da\u011f\u0131&#8217;nda yapaca\u011f\u0131 ola\u011fan\u00fcst\u00fc g\u00f6steriye herkesi davet ediyor. Lapro\u015fka&#8217;y\u0131 izlemeye gelen \u00e7ocuklar\u0131 farkl\u0131 s\u00fcrprizler bekliyor. Onlar\u0131n ya\u015fad\u0131klar\u0131na yeti\u015fkinler<span class=\"excerpt-hellip\"> [\u2026]<\/span><\/p>\n","protected":false},"featured_media":0,"template":"","meta":{"_monsterinsights_skip_tracking":false,"_monsterinsights_sitenote_active":false,"_monsterinsights_sitenote_note":"","_monsterinsights_sitenote_category":0},"product_brand":[],"product_cat":[12274,12284],"product_tag":[],"class_list":{"0":"post-694658","1":"product","2":"type-product","3":"status-publish","5":"product_cat-cocuk-ve-genclik-kitaplari","6":"product_cat-hikayeler","7":"pa_cilt-ciltsiz","8":"pa_tur-kitap","9":"pa_yayinevi-bilgi-yayinevi-cocuk","10":"pa_yazar-mavisel-yener","12":"first","13":"instock","14":"sale","15":"shipping-taxable","16":"purchasable","17":"product-type-simple"},"_links":{"self":[{"href":"https:\/\/roveyayinevi.com.tr\/index.php\/wp-json\/wp\/v2\/product\/694658","targetHints":{"allow":["GET"]}}],"collection":[{"href":"https:\/\/roveyayinevi.com.tr\/index.php\/wp-json\/wp\/v2\/product"}],"about":[{"href":"https:\/\/roveyayinevi.com.tr\/index.php\/wp-json\/wp\/v2\/types\/product"}],"wp:attachment":[{"href":"https:\/\/roveyayinevi.com.tr\/index.php\/wp-json\/wp\/v2\/media?parent=694658"}],"wp:term":[{"taxonomy":"product_brand","embeddable":true,"href":"https:\/\/roveyayinevi.com.tr\/index.php\/wp-json\/wp\/v2\/product_brand?post=694658"},{"taxonomy":"product_cat","embeddable":true,"href":"https:\/\/roveyayinevi.com.tr\/index.php\/wp-json\/wp\/v2\/product_cat?post=694658"},{"taxonomy":"product_tag","embeddable":true,"href":"https:\/\/roveyayinevi.com.tr\/index.php\/wp-json\/wp\/v2\/product_tag?post=694658"}],"curies":[{"name":"wp","href":"https:\/\/api.w.org\/{rel}","templated":true}]}}