{"id":694657,"date":"2025-08-27T14:22:44","date_gmt":"2025-08-27T11:22:44","guid":{"rendered":"https:\/\/roveyayinevi.com.tr\/index.php\/urun\/osmanli-turkcesi-rehberi\/"},"modified":"2026-04-16T02:04:37","modified_gmt":"2026-04-15T23:04:37","slug":"osmanli-turkcesi-rehberi","status":"publish","type":"product","link":"https:\/\/roveyayinevi.com.tr\/index.php\/urun\/osmanli-turkcesi-rehberi\/","title":{"rendered":"Osmanl\u0131 T\u00fcrk\u00e7esi Rehberi"},"content":{"rendered":"<p>Osmanl\u0131 T\u00fcrk\u00e7esi Rehberi, modern \u00f6\u011fretim metodlar\u0131na g\u00f6re haz\u0131rlanm\u0131\u015ft\u0131r. Konular, kolaydan zora do\u011fru s\u0131ralanm\u0131\u015f ve a\u011f\u0131r gramer bilgilerine bo\u011fmadan sade bir dille anlat\u0131lm\u0131\u015ft\u0131r. Kitap bu y\u00f6n\u00fcyle, kendi kendine \u00f6\u011frenmek isteyenler veya ders veren e\u011fitimcilerin ihtiyac\u0131n\u0131 kar\u015f\u0131layacak d\u00fczeyde temel bilgileri sunmaktad\u0131r.     \u0130ki k\u0131s\u0131m olarak tertib edilmi\u015f olan kitab\u0131n birinci k\u0131sm\u0131, yeni ba\u015flayanlara y\u00f6neliktir. \u0130kinci k\u0131s\u0131m ise, Fars\u00e7a ve Arap\u00e7a a\u011f\u0131rl\u0131kl\u0131 metinlerin okunup anla\u015f\u0131labilmesi i\u00e7in gerekli ileri seviye konular\u0131 ihtiva etmektedir.   <\/p>\n","protected":false},"excerpt":{"rendered":"<p>Osmanl\u0131 T\u00fcrk\u00e7esi Rehberi, modern \u00f6\u011fretim metodlar\u0131na g\u00f6re haz\u0131rlanm\u0131\u015ft\u0131r. Konular, kolaydan zora do\u011fru s\u0131ralanm\u0131\u015f ve a\u011f\u0131r gramer bilgilerine bo\u011fmadan sade bir dille anlat\u0131lm\u0131\u015ft\u0131r. Kitap bu y\u00f6n\u00fcyle, kendi<span class=\"excerpt-hellip\"> [\u2026]<\/span><\/p>\n","protected":false},"featured_media":0,"template":"","meta":{"_monsterinsights_skip_tracking":false,"_monsterinsights_sitenote_active":false,"_monsterinsights_sitenote_note":"","_monsterinsights_sitenote_category":0},"product_brand":[],"product_cat":[12364,16266],"product_tag":[],"class_list":{"0":"post-694657","1":"product","2":"type-product","3":"status-publish","5":"product_cat-genel-konular","6":"product_cat-referans-kaynak-kitap","7":"pa_cilt-ciltsiz","8":"pa_tur-kitap","9":"pa_yayinevi-yeditepe-yayinevi-ders-kitaplari","10":"pa_yazar-orhan-sakin","12":"first","13":"instock","14":"sale","15":"shipping-taxable","16":"purchasable","17":"product-type-simple"},"_links":{"self":[{"href":"https:\/\/roveyayinevi.com.tr\/index.php\/wp-json\/wp\/v2\/product\/694657","targetHints":{"allow":["GET"]}}],"collection":[{"href":"https:\/\/roveyayinevi.com.tr\/index.php\/wp-json\/wp\/v2\/product"}],"about":[{"href":"https:\/\/roveyayinevi.com.tr\/index.php\/wp-json\/wp\/v2\/types\/product"}],"wp:attachment":[{"href":"https:\/\/roveyayinevi.com.tr\/index.php\/wp-json\/wp\/v2\/media?parent=694657"}],"wp:term":[{"taxonomy":"product_brand","embeddable":true,"href":"https:\/\/roveyayinevi.com.tr\/index.php\/wp-json\/wp\/v2\/product_brand?post=694657"},{"taxonomy":"product_cat","embeddable":true,"href":"https:\/\/roveyayinevi.com.tr\/index.php\/wp-json\/wp\/v2\/product_cat?post=694657"},{"taxonomy":"product_tag","embeddable":true,"href":"https:\/\/roveyayinevi.com.tr\/index.php\/wp-json\/wp\/v2\/product_tag?post=694657"}],"curies":[{"name":"wp","href":"https:\/\/api.w.org\/{rel}","templated":true}]}}