{"id":694650,"date":"2025-08-27T14:22:42","date_gmt":"2025-08-27T11:22:42","guid":{"rendered":"https:\/\/roveyayinevi.com.tr\/index.php\/urun\/osmanli-tarihi-8-kitap-takim\/"},"modified":"2026-04-16T02:04:37","modified_gmt":"2026-04-15T23:04:37","slug":"osmanli-tarihi-8-kitap-takim","status":"publish","type":"product","link":"https:\/\/roveyayinevi.com.tr\/index.php\/urun\/osmanli-tarihi-8-kitap-takim\/","title":{"rendered":"Osmanl\u0131 Tarihi (8 Kitap Tak\u0131m)"},"content":{"rendered":"<p>Tarih derslerinde s\u0131k\u0131nt\u0131dan kitap defter kenarlar\u0131na \u00e7i\u00e7ek b\u00f6cek resmi \u00e7izenler! \u00b4Kim kiminle nerede ne zaman sava\u015fm\u0131\u015f? Kim yenmi\u015f kim yenilmi\u015f? Mutlaka \u00f6\u011frenece\u011fim!\u00b4 diye kendini param param paralayanlar! <\/p>\n","protected":false},"excerpt":{"rendered":"<p>Tarih derslerinde s\u0131k\u0131nt\u0131dan kitap defter kenarlar\u0131na \u00e7i\u00e7ek b\u00f6cek resmi \u00e7izenler! \u00b4Kim kiminle nerede ne zaman sava\u015fm\u0131\u015f? Kim yenmi\u015f kim yenilmi\u015f? Mutlaka \u00f6\u011frenece\u011fim!\u00b4 diye kendini param param<span class=\"excerpt-hellip\"> [\u2026]<\/span><\/p>\n","protected":false},"featured_media":0,"template":"","meta":{"_monsterinsights_skip_tracking":false,"_monsterinsights_sitenote_active":false,"_monsterinsights_sitenote_note":"","_monsterinsights_sitenote_category":0},"product_brand":[],"product_cat":[12492,12274],"product_tag":[],"class_list":{"0":"post-694650","1":"product","2":"type-product","3":"status-publish","5":"product_cat-bilmece-bulmaca","6":"product_cat-cocuk-ve-genclik-kitaplari","7":"pa_tur-kitap","8":"pa_yayinevi-ugurbocegi-yayinlari","9":"pa_yazar-zehra-ayduz","11":"first","12":"instock","13":"sale","14":"shipping-taxable","15":"purchasable","16":"product-type-simple"},"_links":{"self":[{"href":"https:\/\/roveyayinevi.com.tr\/index.php\/wp-json\/wp\/v2\/product\/694650","targetHints":{"allow":["GET"]}}],"collection":[{"href":"https:\/\/roveyayinevi.com.tr\/index.php\/wp-json\/wp\/v2\/product"}],"about":[{"href":"https:\/\/roveyayinevi.com.tr\/index.php\/wp-json\/wp\/v2\/types\/product"}],"wp:attachment":[{"href":"https:\/\/roveyayinevi.com.tr\/index.php\/wp-json\/wp\/v2\/media?parent=694650"}],"wp:term":[{"taxonomy":"product_brand","embeddable":true,"href":"https:\/\/roveyayinevi.com.tr\/index.php\/wp-json\/wp\/v2\/product_brand?post=694650"},{"taxonomy":"product_cat","embeddable":true,"href":"https:\/\/roveyayinevi.com.tr\/index.php\/wp-json\/wp\/v2\/product_cat?post=694650"},{"taxonomy":"product_tag","embeddable":true,"href":"https:\/\/roveyayinevi.com.tr\/index.php\/wp-json\/wp\/v2\/product_tag?post=694650"}],"curies":[{"name":"wp","href":"https:\/\/api.w.org\/{rel}","templated":true}]}}