{"id":694649,"date":"2025-08-27T14:22:42","date_gmt":"2025-08-27T11:22:42","guid":{"rendered":"https:\/\/roveyayinevi.com.tr\/index.php\/urun\/kutul-amare-osmanlinin-son-zaferi\/"},"modified":"2026-04-16T02:04:37","modified_gmt":"2026-04-15T23:04:37","slug":"kutul-amare-osmanlinin-son-zaferi","status":"publish","type":"product","link":"https:\/\/roveyayinevi.com.tr\/index.php\/urun\/kutul-amare-osmanlinin-son-zaferi\/","title":{"rendered":"Kut\u2019\u00fcl Amare Osmanl\u0131\u2019n\u0131n Son Zaferi"},"content":{"rendered":"<p>&#8220;\u00dcniforman\u0131z\u0131 kefen belleyin. \u00dcniforma, yeri geldi\u011finde ate\u015ften g\u00f6mlek, yeri geldi\u011finde serin sular gibidir. Kah ate\u015fler i\u00e7inde yanars\u0131n\u0131z pervaneler gibi, kah denize do\u011fru gidersiniz so\u011fuk \u00e7a\u011flayanlar gibi&#8230;&#8221;Kut&#8217;\u00fcl Amare&#8217;de konu\u015flanan \u0130ngilizler, General Towshend komutas\u0131nda, Osmanl\u0131&#8217;ya kar\u015f\u0131 koymak i\u00e7in t\u00fcm imkanlar\u0131n\u0131 kullan\u0131yorlard\u0131. Araplar\u0131 alt\u0131nla, pirin\u00e7le kendi saflar\u0131na \u00e7ekiyor, gerek i\u00e7ten gerekse d\u0131\u015ftan t\u00fcrl\u00fc m\u00fcdahalelerle Osmanl\u0131&#8217;y\u0131 p\u00fcsk\u00fcrtmeye \u00e7al\u0131\u015f\u0131yordu.Ancak Osmanl\u0131, Kut&#8217;\u00fcl Amare&#8217;yi \u0130ngilizlere b\u0131rakmayacakt\u0131&#8230;\u00c7anakkale&#8217;den sonra \u0130ngilizlerin u\u011frad\u0131\u011f\u0131 en b\u00fcy\u00fck hezimet olan, fakat bug\u00fcne kadar \u00fczerinde \u00e7ok\u00e7a durulmam\u0131\u015f Kut&#8217;\u00fcl Amare Harek\u00e2t\u0131&#8217;n\u0131, \u0130smail Bilgin&#8217;in titiz kurgusuyla soluksuz okuyacaks\u0131n\u0131z.<\/p>\n","protected":false},"excerpt":{"rendered":"<p>&#8220;\u00dcniforman\u0131z\u0131 kefen belleyin. \u00dcniforma, yeri geldi\u011finde ate\u015ften g\u00f6mlek, yeri geldi\u011finde serin sular gibidir. Kah ate\u015fler i\u00e7inde yanars\u0131n\u0131z pervaneler gibi, kah denize do\u011fru gidersiniz so\u011fuk \u00e7a\u011flayanlar gibi&#8230;&#8221;Kut&#8217;\u00fcl<span class=\"excerpt-hellip\"> [\u2026]<\/span><\/p>\n","protected":false},"featured_media":0,"template":"","meta":{"_monsterinsights_skip_tracking":false,"_monsterinsights_sitenote_active":false,"_monsterinsights_sitenote_note":"","_monsterinsights_sitenote_category":0},"product_brand":[],"product_cat":[12291,12745],"product_tag":[],"class_list":{"0":"post-694649","1":"product","2":"type-product","3":"status-publish","5":"product_cat-edebiyat","6":"product_cat-tarihi-roman","7":"pa_cilt-ciltsiz","8":"pa_tur-kitap","9":"pa_yayinevi-timas-yayinlari","10":"pa_yazar-ismail-bilgin","12":"first","13":"instock","14":"sale","15":"shipping-taxable","16":"purchasable","17":"product-type-simple"},"_links":{"self":[{"href":"https:\/\/roveyayinevi.com.tr\/index.php\/wp-json\/wp\/v2\/product\/694649","targetHints":{"allow":["GET"]}}],"collection":[{"href":"https:\/\/roveyayinevi.com.tr\/index.php\/wp-json\/wp\/v2\/product"}],"about":[{"href":"https:\/\/roveyayinevi.com.tr\/index.php\/wp-json\/wp\/v2\/types\/product"}],"wp:attachment":[{"href":"https:\/\/roveyayinevi.com.tr\/index.php\/wp-json\/wp\/v2\/media?parent=694649"}],"wp:term":[{"taxonomy":"product_brand","embeddable":true,"href":"https:\/\/roveyayinevi.com.tr\/index.php\/wp-json\/wp\/v2\/product_brand?post=694649"},{"taxonomy":"product_cat","embeddable":true,"href":"https:\/\/roveyayinevi.com.tr\/index.php\/wp-json\/wp\/v2\/product_cat?post=694649"},{"taxonomy":"product_tag","embeddable":true,"href":"https:\/\/roveyayinevi.com.tr\/index.php\/wp-json\/wp\/v2\/product_tag?post=694649"}],"curies":[{"name":"wp","href":"https:\/\/api.w.org\/{rel}","templated":true}]}}