{"id":694646,"date":"2025-08-27T14:22:41","date_gmt":"2025-08-27T11:22:41","guid":{"rendered":"https:\/\/roveyayinevi.com.tr\/index.php\/urun\/sehitler-gunlugu\/"},"modified":"2026-04-16T02:04:37","modified_gmt":"2026-04-15T23:04:37","slug":"sehitler-gunlugu","status":"publish","type":"product","link":"https:\/\/roveyayinevi.com.tr\/index.php\/urun\/sehitler-gunlugu\/","title":{"rendered":"\u015eehitler G\u00fcnl\u00fc\u011f\u00fc"},"content":{"rendered":"<p>Ara\u015ft\u0131rmac\u0131 yazar Bil\u00e2l N. \u015eim\u015fir\u2019in, on y\u0131l\u0131 a\u015fan kesintisiz bir \u00e7al\u0131\u015fma sonucu ortaya \u00e7\u0131kard\u0131\u011f\u0131 bu kitap, P KK ter\u00f6r\u00fcne verdi\u011fimiz \u015fehitlerimizin insan olarak, kahraman olarak \u00f6yk\u00fclerini anlat\u0131yor. <\/p>\n","protected":false},"excerpt":{"rendered":"<p>Ara\u015ft\u0131rmac\u0131 yazar Bil\u00e2l N. \u015eim\u015fir\u2019in, on y\u0131l\u0131 a\u015fan kesintisiz bir \u00e7al\u0131\u015fma sonucu ortaya \u00e7\u0131kard\u0131\u011f\u0131 bu kitap, P KK ter\u00f6r\u00fcne verdi\u011fimiz \u015fehitlerimizin insan olarak, kahraman olarak \u00f6yk\u00fclerini<span class=\"excerpt-hellip\"> [\u2026]<\/span><\/p>\n","protected":false},"featured_media":0,"template":"","meta":{"_monsterinsights_skip_tracking":false,"_monsterinsights_sitenote_active":false,"_monsterinsights_sitenote_note":"","_monsterinsights_sitenote_category":0},"product_brand":[],"product_cat":[12365,12364],"product_tag":[],"class_list":{"0":"post-694646","1":"product","2":"type-product","3":"status-publish","5":"product_cat-diger-genel-konular","6":"product_cat-genel-konular","7":"pa_tur-kitap","8":"pa_yayinevi-bilgi-yayinevi","9":"pa_yazar-bilal-n-simsir","11":"first","12":"instock","13":"sale","14":"shipping-taxable","15":"purchasable","16":"product-type-simple"},"_links":{"self":[{"href":"https:\/\/roveyayinevi.com.tr\/index.php\/wp-json\/wp\/v2\/product\/694646","targetHints":{"allow":["GET"]}}],"collection":[{"href":"https:\/\/roveyayinevi.com.tr\/index.php\/wp-json\/wp\/v2\/product"}],"about":[{"href":"https:\/\/roveyayinevi.com.tr\/index.php\/wp-json\/wp\/v2\/types\/product"}],"wp:attachment":[{"href":"https:\/\/roveyayinevi.com.tr\/index.php\/wp-json\/wp\/v2\/media?parent=694646"}],"wp:term":[{"taxonomy":"product_brand","embeddable":true,"href":"https:\/\/roveyayinevi.com.tr\/index.php\/wp-json\/wp\/v2\/product_brand?post=694646"},{"taxonomy":"product_cat","embeddable":true,"href":"https:\/\/roveyayinevi.com.tr\/index.php\/wp-json\/wp\/v2\/product_cat?post=694646"},{"taxonomy":"product_tag","embeddable":true,"href":"https:\/\/roveyayinevi.com.tr\/index.php\/wp-json\/wp\/v2\/product_tag?post=694646"}],"curies":[{"name":"wp","href":"https:\/\/api.w.org\/{rel}","templated":true}]}}