{"id":694641,"date":"2025-08-27T14:22:40","date_gmt":"2025-08-27T11:22:40","guid":{"rendered":"https:\/\/roveyayinevi.com.tr\/index.php\/urun\/2008-kavsaginda-turkiye\/"},"modified":"2026-04-16T02:04:37","modified_gmt":"2026-04-15T23:04:37","slug":"2008-kavsaginda-turkiye","status":"publish","type":"product","link":"https:\/\/roveyayinevi.com.tr\/index.php\/urun\/2008-kavsaginda-turkiye\/","title":{"rendered":"2008 Kav\u015fa\u011f\u0131nda T\u00fcrkiye"},"content":{"rendered":"<p>2008 Kavsag\u0131nda T\u00fcrkiye &#8216;farkli hukumetler, tek siyaset&#8217;le gecen 1998-2007 cevrimini genel siyasal ortam, uluslararasi ekonomik cerceve, makroekonomik politikalar, dis ekonomik iliskiler, kamu maliyesi, tarim, sanayi, enerji sektorleri, egitim, saglik, sosyal guvenlik, kamu yonetimi ve yolsuzluk, yasal duzenlemeler gibi konu basliklari altinda irdeliyor. T\u00fcrkiye Cumhuriyeti&#8217;nin sosyal bir hukuk devleti olma ozelliginin buyuk olcude erozyona ugradigi AKP iktidarinin ikinci doneminin bir baska carpici yani, rejimin laik niteliginin de yipranmasidir. Turkiye toplumunun son on yillik serencamini, onceki donemlerle de baglantilar kurarak inceleyen bu calismanin, &#8216;sermayenin sinirsiz tahakkumu&#8217;nu hedefleyen bir buyuk harek\u00e2tin ana cercevesini, politika ogelerini, sinirlarini, (ornegin bolusum iliskilerine veya siyas\u00ee iktidarla egemen siniflar arasindaki iliskilerin yozlasmasina isik tutan) sonuclarini aydinlattigini d\u00fc\u015f\u00fcn\u00fcn\u00fcyoruz. <\/p>\n","protected":false},"excerpt":{"rendered":"<p>2008 Kavsag\u0131nda T\u00fcrkiye &#8216;farkli hukumetler, tek siyaset&#8217;le gecen 1998-2007 cevrimini genel siyasal ortam, uluslararasi ekonomik cerceve, makroekonomik politikalar, dis ekonomik iliskiler, kamu maliyesi, tarim, sanayi, enerji<span class=\"excerpt-hellip\"> [\u2026]<\/span><\/p>\n","protected":false},"featured_media":0,"template":"","meta":{"_monsterinsights_skip_tracking":false,"_monsterinsights_sitenote_active":false,"_monsterinsights_sitenote_note":"","_monsterinsights_sitenote_category":0},"product_brand":[],"product_cat":[13043,14144],"product_tag":[],"class_list":{"0":"post-694641","1":"product","2":"type-product","3":"status-publish","5":"product_cat-ekonomi","6":"product_cat-turkiye-ekonomisi","7":"pa_cilt-ciltsiz","8":"pa_tur-kitap","9":"pa_yayinevi-yordam-kitap","10":"pa_yazar-kolektif","12":"first","13":"instock","14":"sale","15":"shipping-taxable","16":"purchasable","17":"product-type-simple"},"_links":{"self":[{"href":"https:\/\/roveyayinevi.com.tr\/index.php\/wp-json\/wp\/v2\/product\/694641","targetHints":{"allow":["GET"]}}],"collection":[{"href":"https:\/\/roveyayinevi.com.tr\/index.php\/wp-json\/wp\/v2\/product"}],"about":[{"href":"https:\/\/roveyayinevi.com.tr\/index.php\/wp-json\/wp\/v2\/types\/product"}],"wp:attachment":[{"href":"https:\/\/roveyayinevi.com.tr\/index.php\/wp-json\/wp\/v2\/media?parent=694641"}],"wp:term":[{"taxonomy":"product_brand","embeddable":true,"href":"https:\/\/roveyayinevi.com.tr\/index.php\/wp-json\/wp\/v2\/product_brand?post=694641"},{"taxonomy":"product_cat","embeddable":true,"href":"https:\/\/roveyayinevi.com.tr\/index.php\/wp-json\/wp\/v2\/product_cat?post=694641"},{"taxonomy":"product_tag","embeddable":true,"href":"https:\/\/roveyayinevi.com.tr\/index.php\/wp-json\/wp\/v2\/product_tag?post=694641"}],"curies":[{"name":"wp","href":"https:\/\/api.w.org\/{rel}","templated":true}]}}