{"id":694635,"date":"2025-08-27T14:22:02","date_gmt":"2025-08-27T11:22:02","guid":{"rendered":"https:\/\/roveyayinevi.com.tr\/index.php\/urun\/yakalanan-zaman\/"},"modified":"2026-04-16T02:04:37","modified_gmt":"2026-04-15T23:04:37","slug":"yakalanan-zaman","status":"publish","type":"product","link":"https:\/\/roveyayinevi.com.tr\/index.php\/urun\/yakalanan-zaman\/","title":{"rendered":"Yakalanan Zaman"},"content":{"rendered":"<p>Yakalanan Zaman\u2019\u0131n \u00f6nemli yan\u0131, roman\u0131n estetik bir boyutla ta\u00e7land\u0131r\u0131lmas\u0131d\u0131r. Y\u0131llar\u0131n ak\u0131\u015f\u0131 s\u0131ras\u0131nda \u00e7evresindeki kibarlar d\u00fcnyas\u0131, a\u015fk d\u00fcnyas\u0131, sanat d\u00fcnyas\u0131n\u0131 yorumlayarak hakikati \u00f6\u011frenmeye \u00e7al\u0131\u015fan anlat\u0131c\u0131, yaz\u0131m\u0131n\u0131 y\u0131llard\u0131r erteledi\u011fi, yazamayaca\u011f\u0131na karar verdi\u011fi kitab\u0131n\u0131 art\u0131k yaratma a\u015famas\u0131na gelmi\u015ftir.   Proust\u2019un \u201cKay\u0131p Zaman\u0131n \u0130zinde\u201d att\u0131\u011f\u0131 son ad\u0131m.     Kay\u0131p Zaman\u0131n \u0130zinde hem komik romand\u0131r hem trajik roman, hem ser\u00fcven roman\u0131d\u0131r hem \u015fiirsel roman, hem d\u00fc\u015flerin roman\u0131d\u0131r hem de imgeler roman\u0131&#8230;&#8221;B\u00f6yle bir kitab\u0131 yazmay\u0131 ba\u015faran ki\u015fi ne kadar mutlu olurdu! O kitab\u0131 yazmak ne b\u00fcy\u00fck emek gerektirirdi! Bir fikir verebilmek i\u00e7in, en y\u00fcce, birbirinden en farkl\u0131 sanatlarla kar\u015f\u0131la\u015ft\u0131rma yapmak yerinde olur; \u00e7\u00fcnk\u00fc b\u00f6yle bir kitaptaki karakterlere hacim kazand\u0131rabilmek i\u00e7in her birinin farkl\u0131 y\u00f6nlerini g\u00f6stermek zorunda olan yazar\u0131n, kitab\u0131n\u0131 titizlikle, birliklerini s\u00fcrekli yeniden grupland\u0131rarak, t\u0131pk\u0131 bir sald\u0131r\u0131 gibi haz\u0131rlamas\u0131, bir yorgunluk gibi ona tahamm\u00fcl etmesi, bir kural gibi kabullenmesi, bir kilise gibi in\u015fa etmesi, bir perhiz gibi ona uymas\u0131, bir engel gibi a\u015fmas\u0131, bir dostluk gibi fethetmesi, bir \u00e7ocuk gibi a\u015f\u0131r\u0131 beslemesi, bir \u00e2lem gibi yaratmas\u0131 ve \u00fcstelik, a\u00e7\u0131klamas\u0131 muhtemelen ancak ba\u015fka \u00e2lemlerde bulunabilecek, \u00f6nsezisi bizi hayatta ve sanatta en \u00e7ok duyguland\u0131ran \u015fey olan o muammalar\u0131 da g\u00f6z ard\u0131 etmemesi gerekir\u2026\u201d <\/p>\n","protected":false},"excerpt":{"rendered":"<p>Yakalanan Zaman\u2019\u0131n \u00f6nemli yan\u0131, roman\u0131n estetik bir boyutla ta\u00e7land\u0131r\u0131lmas\u0131d\u0131r. Y\u0131llar\u0131n ak\u0131\u015f\u0131 s\u0131ras\u0131nda \u00e7evresindeki kibarlar d\u00fcnyas\u0131, a\u015fk d\u00fcnyas\u0131, sanat d\u00fcnyas\u0131n\u0131 yorumlayarak hakikati \u00f6\u011frenmeye \u00e7al\u0131\u015fan anlat\u0131c\u0131, yaz\u0131m\u0131n\u0131 y\u0131llard\u0131r<span class=\"excerpt-hellip\"> [\u2026]<\/span><\/p>\n","protected":false},"featured_media":0,"template":"","meta":{"_monsterinsights_skip_tracking":false,"_monsterinsights_sitenote_active":false,"_monsterinsights_sitenote_note":"","_monsterinsights_sitenote_category":0},"product_brand":[],"product_cat":[12291,13376],"product_tag":[],"class_list":{"0":"post-694635","1":"product","2":"type-product","3":"status-publish","5":"product_cat-edebiyat","6":"product_cat-fransiz-edebiyati","7":"pa_cilt-ciltsiz","8":"pa_tur-kitap","9":"pa_yayinevi-yapi-kredi-yayinlari","10":"pa_yazar-marcel-proust","12":"first","13":"instock","14":"sale","15":"shipping-taxable","16":"purchasable","17":"product-type-simple"},"_links":{"self":[{"href":"https:\/\/roveyayinevi.com.tr\/index.php\/wp-json\/wp\/v2\/product\/694635","targetHints":{"allow":["GET"]}}],"collection":[{"href":"https:\/\/roveyayinevi.com.tr\/index.php\/wp-json\/wp\/v2\/product"}],"about":[{"href":"https:\/\/roveyayinevi.com.tr\/index.php\/wp-json\/wp\/v2\/types\/product"}],"wp:attachment":[{"href":"https:\/\/roveyayinevi.com.tr\/index.php\/wp-json\/wp\/v2\/media?parent=694635"}],"wp:term":[{"taxonomy":"product_brand","embeddable":true,"href":"https:\/\/roveyayinevi.com.tr\/index.php\/wp-json\/wp\/v2\/product_brand?post=694635"},{"taxonomy":"product_cat","embeddable":true,"href":"https:\/\/roveyayinevi.com.tr\/index.php\/wp-json\/wp\/v2\/product_cat?post=694635"},{"taxonomy":"product_tag","embeddable":true,"href":"https:\/\/roveyayinevi.com.tr\/index.php\/wp-json\/wp\/v2\/product_tag?post=694635"}],"curies":[{"name":"wp","href":"https:\/\/api.w.org\/{rel}","templated":true}]}}