{"id":694634,"date":"2025-08-27T14:22:02","date_gmt":"2025-08-27T11:22:02","guid":{"rendered":"https:\/\/roveyayinevi.com.tr\/index.php\/urun\/itin-biri\/"},"modified":"2026-04-16T02:04:37","modified_gmt":"2026-04-15T23:04:37","slug":"itin-biri","status":"publish","type":"product","link":"https:\/\/roveyayinevi.com.tr\/index.php\/urun\/itin-biri\/","title":{"rendered":"\u0130tin Biri"},"content":{"rendered":"<p>\u00c7\u0131kt\u0131m&#8230; Mutluluk i\u00e7in \u00e7ok a\u011flamak gerekiyordu. Yapamad\u0131m, al\u0131\u015famad\u0131m En fazla bir ay \u00e7al\u0131\u015fabildim para kar\u015f\u0131l\u0131\u011f\u0131. Kimbilir ba\u015fka yerlerde, ba\u015fka i\u015flerde ka\u00e7 hayat yolumu g\u00f6zl\u00fcyordu: Kalkt\u0131m, y\u00fcr\u00fcd\u00fcm, \u00e7al\u0131\u015fm\u0131yordum art\u0131k Yar\u0131n m\u0131? Olacak m\u0131? Ne mi yapaca\u011f\u0131m?&#8221; <\/p>\n","protected":false},"excerpt":{"rendered":"<p>\u00c7\u0131kt\u0131m&#8230; Mutluluk i\u00e7in \u00e7ok a\u011flamak gerekiyordu. Yapamad\u0131m, al\u0131\u015famad\u0131m En fazla bir ay \u00e7al\u0131\u015fabildim para kar\u015f\u0131l\u0131\u011f\u0131. Kimbilir ba\u015fka yerlerde, ba\u015fka i\u015flerde ka\u00e7 hayat yolumu g\u00f6zl\u00fcyordu: Kalkt\u0131m, y\u00fcr\u00fcd\u00fcm,<span class=\"excerpt-hellip\"> [\u2026]<\/span><\/p>\n","protected":false},"featured_media":0,"template":"","meta":{"_monsterinsights_skip_tracking":false,"_monsterinsights_sitenote_active":false,"_monsterinsights_sitenote_note":"","_monsterinsights_sitenote_category":0},"product_brand":[],"product_cat":[12291,12711],"product_tag":[],"class_list":{"0":"post-694634","1":"product","2":"type-product","3":"status-publish","5":"product_cat-edebiyat","6":"product_cat-roman-oyku","7":"pa_cilt-ciltsiz","8":"pa_tur-kitap","9":"pa_yayinevi-c4-kitap","10":"pa_yazar-bulent-akyurek","12":"first","13":"instock","14":"sale","15":"shipping-taxable","16":"purchasable","17":"product-type-simple"},"_links":{"self":[{"href":"https:\/\/roveyayinevi.com.tr\/index.php\/wp-json\/wp\/v2\/product\/694634","targetHints":{"allow":["GET"]}}],"collection":[{"href":"https:\/\/roveyayinevi.com.tr\/index.php\/wp-json\/wp\/v2\/product"}],"about":[{"href":"https:\/\/roveyayinevi.com.tr\/index.php\/wp-json\/wp\/v2\/types\/product"}],"wp:attachment":[{"href":"https:\/\/roveyayinevi.com.tr\/index.php\/wp-json\/wp\/v2\/media?parent=694634"}],"wp:term":[{"taxonomy":"product_brand","embeddable":true,"href":"https:\/\/roveyayinevi.com.tr\/index.php\/wp-json\/wp\/v2\/product_brand?post=694634"},{"taxonomy":"product_cat","embeddable":true,"href":"https:\/\/roveyayinevi.com.tr\/index.php\/wp-json\/wp\/v2\/product_cat?post=694634"},{"taxonomy":"product_tag","embeddable":true,"href":"https:\/\/roveyayinevi.com.tr\/index.php\/wp-json\/wp\/v2\/product_tag?post=694634"}],"curies":[{"name":"wp","href":"https:\/\/api.w.org\/{rel}","templated":true}]}}