{"id":694632,"date":"2025-08-27T14:22:01","date_gmt":"2025-08-27T11:22:01","guid":{"rendered":"https:\/\/roveyayinevi.com.tr\/index.php\/urun\/yanan-ormanlarda-elli-gun\/"},"modified":"2026-04-16T02:04:37","modified_gmt":"2026-04-15T23:04:37","slug":"yanan-ormanlarda-elli-gun","status":"publish","type":"product","link":"https:\/\/roveyayinevi.com.tr\/index.php\/urun\/yanan-ormanlarda-elli-gun\/","title":{"rendered":"Yanan Ormanlarda Elli G\u00fcn"},"content":{"rendered":"<p>Romanlar\u0131nda Anadolu insan\u0131n\u0131n ger\u00e7ek d\u00fcnyas\u0131n\u0131 destans\u0131 boyutlara ta\u015f\u0131yan, ya\u015fanm\u0131\u015f ve ya\u015fanan ger\u00e7e\u011fi mitlerin, efsanelerin evreninde \u00e7o\u011faltan Ya\u015far Kemal, sadece bir romanc\u0131 ve halkbilimci de\u011fil, gazetelerimizde modern r\u00f6portaj yazarl\u0131\u011f\u0131n\u0131n da kurucusudur. Onun, her biri yay\u0131mland\u0131\u011f\u0131 d\u00f6nemde olay yaratan r\u00f6portajlar\u0131nda ger\u00e7ek, hayat buldu ve okuyucuyu sarst\u0131. Bu Diyar Ba\u015ftanba\u015fa d\u00f6rtl\u00fcs\u00fcn\u00fcn ikinci kitab\u0131 Yanan Ormanlarda Elli G\u00fcn \u201cDo\u011fuda \u0130nan\u0131lmaz \u015eeyler G\u00f6rd\u00fcm\u201d ba\u015fl\u0131kl\u0131 bir r\u00f6portajla ba\u015flar. \u0130nan\u0131lmaz ve ac\u0131 \u015feyler Ya\u015far Kemal\u2019in sat\u0131rlar\u0131nda masals\u0131 bir g\u00fczelli\u011fe b\u00fcr\u00fcn\u00fcr, i\u00e7imize i\u015fler. Hayat kayna\u011f\u0131m\u0131z do\u011faya yapt\u0131\u011f\u0131m\u0131z k\u00f6t\u00fcl\u00fcklerle bizi y\u00fczle\u015ftirir. \u201cHalk duyarl\u0131\u011f\u0131n\u0131n yaratt\u0131\u011f\u0131 efsanelerin s\u0131n\u0131f ger\u00e7e\u011finden soyutlanmadan, k\u0131saca bir mystification\u2019a gitmeden yans\u0131t\u0131ld\u0131\u011f\u0131na tan\u0131k oluyoruz.\u201d Hilmi Yavuz, Cumhuriyet, 8 Nisan 1971 \u201cYazar, hikayeci ve romanc\u0131 Ya\u015far Kemal nereye gitmi\u015fse, kimle kar\u015f\u0131la\u015fm\u0131\u015fsa, hangi konuya e\u011filmi\u015fse hi\u00e7birinde y\u00fczeyde kalmam\u0131\u015ft\u0131r. Bir hukuk\u00e7u de\u011fildir, bir iktisat\u00e7\u0131 hele, hi\u00e7! Ama o iki meslekten olanlardan daha \u00e7ok yurdunun sorunlar\u0131na, insan\u0131n dertlerine ve ki\u015filiklerine e\u011filmesini, bakmas\u0131n\u0131 ve g\u00f6rmesini bilmi\u015ftir. Tar\u0131k Dursun K., Milliyet, 11 Mart 1971 <\/p>\n","protected":false},"excerpt":{"rendered":"<p>Romanlar\u0131nda Anadolu insan\u0131n\u0131n ger\u00e7ek d\u00fcnyas\u0131n\u0131 destans\u0131 boyutlara ta\u015f\u0131yan, ya\u015fanm\u0131\u015f ve ya\u015fanan ger\u00e7e\u011fi mitlerin, efsanelerin evreninde \u00e7o\u011faltan Ya\u015far Kemal, sadece bir romanc\u0131 ve halkbilimci de\u011fil, gazetelerimizde modern<span class=\"excerpt-hellip\"> [\u2026]<\/span><\/p>\n","protected":false},"featured_media":0,"template":"","meta":{"_monsterinsights_skip_tracking":false,"_monsterinsights_sitenote_active":false,"_monsterinsights_sitenote_note":"","_monsterinsights_sitenote_category":0},"product_brand":[],"product_cat":[12364,12826],"product_tag":[],"class_list":{"0":"post-694632","1":"product","2":"type-product","3":"status-publish","5":"product_cat-genel-konular","6":"product_cat-soylesi","7":"pa_cilt-ciltsiz","8":"pa_tur-kitap","9":"pa_yayinevi-yapi-kredi-yayinlari","10":"pa_yazar-yasar-kemal","12":"first","13":"instock","14":"sale","15":"shipping-taxable","16":"purchasable","17":"product-type-simple"},"_links":{"self":[{"href":"https:\/\/roveyayinevi.com.tr\/index.php\/wp-json\/wp\/v2\/product\/694632","targetHints":{"allow":["GET"]}}],"collection":[{"href":"https:\/\/roveyayinevi.com.tr\/index.php\/wp-json\/wp\/v2\/product"}],"about":[{"href":"https:\/\/roveyayinevi.com.tr\/index.php\/wp-json\/wp\/v2\/types\/product"}],"wp:attachment":[{"href":"https:\/\/roveyayinevi.com.tr\/index.php\/wp-json\/wp\/v2\/media?parent=694632"}],"wp:term":[{"taxonomy":"product_brand","embeddable":true,"href":"https:\/\/roveyayinevi.com.tr\/index.php\/wp-json\/wp\/v2\/product_brand?post=694632"},{"taxonomy":"product_cat","embeddable":true,"href":"https:\/\/roveyayinevi.com.tr\/index.php\/wp-json\/wp\/v2\/product_cat?post=694632"},{"taxonomy":"product_tag","embeddable":true,"href":"https:\/\/roveyayinevi.com.tr\/index.php\/wp-json\/wp\/v2\/product_tag?post=694632"}],"curies":[{"name":"wp","href":"https:\/\/api.w.org\/{rel}","templated":true}]}}