{"id":694630,"date":"2025-08-27T14:22:01","date_gmt":"2025-08-27T11:22:01","guid":{"rendered":"https:\/\/roveyayinevi.com.tr\/index.php\/urun\/aldatmaya-gittim-donucem\/"},"modified":"2026-04-16T02:04:36","modified_gmt":"2026-04-15T23:04:36","slug":"aldatmaya-gittim-donucem","status":"publish","type":"product","link":"https:\/\/roveyayinevi.com.tr\/index.php\/urun\/aldatmaya-gittim-donucem\/","title":{"rendered":"Aldatmaya Gittim D\u00f6n\u00fccem"},"content":{"rendered":"<p>Her ne kadar kitab\u0131n ad\u0131 \u00fcrk\u00fct\u00fcc\u00fc olsa da, kitap koyu bir aldatma d\u00fc\u015fman\u0131d\u0131r. Kitab\u0131n i\u00e7inde, aldatmay\u0131 hakl\u0131 g\u00f6sterecek tek bir \u015fey bulamazs\u0131n\u0131z. Kitap, s\u0131radan bir beraberli\u011fi tutkulu bir a\u015fka d\u00f6n\u00fc\u015ft\u00fcrmek i\u00e7in kaleme al\u0131nm\u0131\u015ft\u0131r. Bas\u0131nda olduk\u00e7a uzun s\u00fcre geni\u015f yer alan bu kitap, pek \u00e7ok beraberli\u011fi kurtarm\u0131\u015ft\u0131r. Kitab\u0131n Arka Kapak Yaz\u0131s\u0131: Bir sabah uyan\u0131rs\u0131n\u0131z ve y\u0131llar \u00f6nce, onu g\u00f6rmek i\u00e7in can att\u0131\u011f\u0131n\u0131z insan sizinle ayn\u0131 yast\u0131\u011f\u0131 payla\u015f\u0131yor. Bir zamanlar onu g\u00f6rd\u00fc\u011f\u00fcn\u00fczde, i\u00e7inizi eriten, ellerinizi titreten heyecan tamamen yok olmu\u015f ve yerini s\u0131radanl\u0131\u011f\u0131n bayat r\u00fcyalar\u0131 s\u00fcslemi\u015ftir. Bir ay, \u00fc\u00e7 y\u0131l, be\u015f y\u0131l, elli y\u0131l olmas\u0131 fark etmez. E\u011fer ili\u015fkinizin g\u00fcn\u00fcn birinde bu duruma geldi\u011fini fark ederseniz, o zaman beraberli\u011finizin aldatma sinyalleri verebilece\u011fini d\u00fc\u015f\u00fcnmeye ba\u015flasan\u0131z \u00e7ok iyi olur. Bu kitap, bir ay, \u00fc\u00e7 ay, on y\u0131l ya da elli y\u0131l; ili\u015fkiniz ne boyuttu olursa olsun, sizin ve partnerinizin, aldatma fikrini akl\u0131n\u0131zdan bile ge\u00e7irmemenizi sa\u011flamak amac\u0131yla yaz\u0131ld\u0131. <\/p>\n","protected":false},"excerpt":{"rendered":"<p>Her ne kadar kitab\u0131n ad\u0131 \u00fcrk\u00fct\u00fcc\u00fc olsa da, kitap koyu bir aldatma d\u00fc\u015fman\u0131d\u0131r. Kitab\u0131n i\u00e7inde, aldatmay\u0131 hakl\u0131 g\u00f6sterecek tek bir \u015fey bulamazs\u0131n\u0131z. Kitap, s\u0131radan bir beraberli\u011fi<span class=\"excerpt-hellip\"> [\u2026]<\/span><\/p>\n","protected":false},"featured_media":0,"template":"","meta":{"_monsterinsights_skip_tracking":false,"_monsterinsights_sitenote_active":false,"_monsterinsights_sitenote_note":"","_monsterinsights_sitenote_category":0},"product_brand":[],"product_cat":[12364,12376],"product_tag":[],"class_list":{"0":"post-694630","1":"product","2":"type-product","3":"status-publish","5":"product_cat-genel-konular","6":"product_cat-kisisel-gelisim","7":"pa_cilt-ciltsiz","8":"pa_tur-kitap","9":"pa_yayinevi-cay-yayinlari","10":"pa_yazar-mustafa-cay","12":"first","13":"instock","14":"sale","15":"shipping-taxable","16":"purchasable","17":"product-type-simple"},"_links":{"self":[{"href":"https:\/\/roveyayinevi.com.tr\/index.php\/wp-json\/wp\/v2\/product\/694630","targetHints":{"allow":["GET"]}}],"collection":[{"href":"https:\/\/roveyayinevi.com.tr\/index.php\/wp-json\/wp\/v2\/product"}],"about":[{"href":"https:\/\/roveyayinevi.com.tr\/index.php\/wp-json\/wp\/v2\/types\/product"}],"wp:attachment":[{"href":"https:\/\/roveyayinevi.com.tr\/index.php\/wp-json\/wp\/v2\/media?parent=694630"}],"wp:term":[{"taxonomy":"product_brand","embeddable":true,"href":"https:\/\/roveyayinevi.com.tr\/index.php\/wp-json\/wp\/v2\/product_brand?post=694630"},{"taxonomy":"product_cat","embeddable":true,"href":"https:\/\/roveyayinevi.com.tr\/index.php\/wp-json\/wp\/v2\/product_cat?post=694630"},{"taxonomy":"product_tag","embeddable":true,"href":"https:\/\/roveyayinevi.com.tr\/index.php\/wp-json\/wp\/v2\/product_tag?post=694630"}],"curies":[{"name":"wp","href":"https:\/\/api.w.org\/{rel}","templated":true}]}}