{"id":694624,"date":"2025-08-27T14:21:59","date_gmt":"2025-08-27T11:21:59","guid":{"rendered":"https:\/\/roveyayinevi.com.tr\/index.php\/urun\/kara-fatma\/"},"modified":"2025-09-01T08:53:25","modified_gmt":"2025-09-01T05:53:25","slug":"kara-fatma","status":"publish","type":"product","link":"https:\/\/roveyayinevi.com.tr\/index.php\/urun\/kara-fatma\/","title":{"rendered":"Kara Fatma"},"content":{"rendered":"<p>&#8220;Art\u0131k kad\u0131n-erkek yok, art\u0131k istiklal var!&#8221;Memleketin i\u015fgali kar\u015f\u0131s\u0131nda canla ba\u015fla yollara d\u00f6k\u00fclen ve birka\u00e7 siyah-beyaz foto\u011fraf\u0131n d\u0131\u015f\u0131nda hat\u0131rlanmayan isimsiz kahramanlar&#8230;Herkesi peri\u015fan eden bir sava\u015f ve kad\u0131n-erkek diye ay\u0131rmayan kur\u015funlar&#8230;Balkan Harbi&#8217;nden \u0130stiklal Harbi&#8217;ne, Erzurum&#8217;dan Bolu&#8217;ya, \u0130zmit&#8217;ten Bursa&#8217;ya elinde mavzer, hem erkek hem kad\u0131n askerlere kumandanl\u0131k eden, Atat\u00fcrk taraf\u0131ndan \u00fcste\u011fmenlik r\u00fctbesine kadar y\u00fckseltilen bir kad\u0131n kahraman!Cephede \u015fehit olan bir koca ve iki o\u011fula ra\u011fmen durmayan, \u00f6zg\u00fcrl\u00fck u\u011fruna kendi hayat\u0131ndan vazge\u00e7en y\u00fcre\u011fi buruk bir ana; vatan\u0131n\u0131 korumak i\u00e7in \u00f6mr\u00fcn\u00fc adayan bir kay\u0131p kahraman&#8230;Kara Fatma&#8230;Peki ama ba\u011f\u0131ndan bah\u00e7esinden d\u0131\u015far\u0131 \u00e7\u0131kmayan bu Anadolu kad\u0131n\u0131 i\u00e7in \u00f6zg\u00fcrl\u00fck nas\u0131l bir \u015feydi ki \u00f6lmeye de\u011fer diye cephelere ko\u015fmu\u015ftu?Kara Fatma hangi cephelerde sava\u015ft\u0131?Milli M\u00fccadele&#8217;den sonra sahipsiz mi b\u0131rak\u0131ld\u0131?Bir Rus Manast\u0131r\u0131&#8217;na s\u0131\u011f\u0131nmak zorunda kald\u0131\u011f\u0131 do\u011fru muydu?The New York Times&#8217;da Kara Fatma&#8217;dan nas\u0131l bahsedildi?Cepheden cepheye ko\u015fan Kara Fatma&#8217;n\u0131n \u015fimdi mezar\u0131 nerede?\u0130\u015fte bizden birinin, kendi kahraman\u0131m\u0131z\u0131n \u00f6rnek kahramanl\u0131k hik\u00e2yesi&#8230; Ailesinin ve \u00e7evresinin vermi\u015f oldu\u011fu r\u00f6portajlar, ilk defa g\u00fcn y\u00fcz\u00fcne \u00e7\u0131kan Dar\u00fclaceze, Ba\u015fbakanl\u0131k ve Genelkurmay Ba\u015fkanl\u0131\u011f\u0131 ar\u015fiv kay\u0131tlar\u0131, \u015fa\u015f\u0131rt\u0131c\u0131 foto\u011fraflar ve ge\u00e7imini sa\u011flamak i\u00e7in kaleme ald\u0131\u011f\u0131 hat\u0131rat\u0131yla birlikte efsane olmaktan \u00e7\u0131kar\u0131p ger\u00e7ek hayata ta\u015f\u0131d\u0131\u011f\u0131m\u0131z Kara Fatma&#8217;ya vefa borcumuzu \u00f6demenin \u015fimdi tam zaman&#8230;<\/p>\n","protected":false},"excerpt":{"rendered":"<p>&#8220;Art\u0131k kad\u0131n-erkek yok, art\u0131k istiklal var!&#8221;Memleketin i\u015fgali kar\u015f\u0131s\u0131nda canla ba\u015fla yollara d\u00f6k\u00fclen ve birka\u00e7 siyah-beyaz foto\u011fraf\u0131n d\u0131\u015f\u0131nda hat\u0131rlanmayan isimsiz kahramanlar&#8230;Herkesi peri\u015fan eden bir sava\u015f ve kad\u0131n-erkek<span class=\"excerpt-hellip\"> [\u2026]<\/span><\/p>\n","protected":false},"featured_media":0,"template":"","meta":{"_monsterinsights_skip_tracking":false,"_monsterinsights_sitenote_active":false,"_monsterinsights_sitenote_note":"","_monsterinsights_sitenote_category":0},"product_brand":[],"product_cat":[12291,12711],"product_tag":[],"class_list":{"0":"post-694624","1":"product","2":"type-product","3":"status-publish","5":"product_cat-edebiyat","6":"product_cat-roman-oyku","7":"pa_cilt-ciltsiz","8":"pa_tur-kitap","9":"pa_yayinevi-timas-yayinlari","10":"pa_yazar-ilknur-bektas","12":"first","13":"instock","14":"sale","15":"shipping-taxable","16":"purchasable","17":"product-type-simple"},"_links":{"self":[{"href":"https:\/\/roveyayinevi.com.tr\/index.php\/wp-json\/wp\/v2\/product\/694624","targetHints":{"allow":["GET"]}}],"collection":[{"href":"https:\/\/roveyayinevi.com.tr\/index.php\/wp-json\/wp\/v2\/product"}],"about":[{"href":"https:\/\/roveyayinevi.com.tr\/index.php\/wp-json\/wp\/v2\/types\/product"}],"wp:attachment":[{"href":"https:\/\/roveyayinevi.com.tr\/index.php\/wp-json\/wp\/v2\/media?parent=694624"}],"wp:term":[{"taxonomy":"product_brand","embeddable":true,"href":"https:\/\/roveyayinevi.com.tr\/index.php\/wp-json\/wp\/v2\/product_brand?post=694624"},{"taxonomy":"product_cat","embeddable":true,"href":"https:\/\/roveyayinevi.com.tr\/index.php\/wp-json\/wp\/v2\/product_cat?post=694624"},{"taxonomy":"product_tag","embeddable":true,"href":"https:\/\/roveyayinevi.com.tr\/index.php\/wp-json\/wp\/v2\/product_tag?post=694624"}],"curies":[{"name":"wp","href":"https:\/\/api.w.org\/{rel}","templated":true}]}}