{"id":694622,"date":"2025-08-27T14:21:59","date_gmt":"2025-08-27T11:21:59","guid":{"rendered":"https:\/\/roveyayinevi.com.tr\/index.php\/urun\/dun\/"},"modified":"2026-04-16T02:04:36","modified_gmt":"2026-04-15T23:04:36","slug":"dun","status":"publish","type":"product","link":"https:\/\/roveyayinevi.com.tr\/index.php\/urun\/dun\/","title":{"rendered":"D\u00fcn"},"content":{"rendered":"<p>Tobias \u00f6nemsiz bir \u00fclkenin ismi olmayan bir k\u00f6y\u00fcnde do\u011fmu\u015ftur. Annesiyle yokluk i\u00e7inde ya\u015far. Annesi k\u00f6yde dilenir;un, m\u0131s\u0131r veya s\u00fct kar\u015f\u0131l\u0131\u011f\u0131nda erkeklerle yatar; tarlalardan, bah\u00e7elerden de \u00e7iftliklerden tavuk \u00e7alar. K\u00fc\u00e7\u00fck Tobias bir g\u00fcn annesi bir erkekle yatarken ikisini de b\u0131\u00e7aklar ve k\u00f6y\u00fcnden, \u00fclkesinden ka\u00e7arakba\u015fka bir \u00fclkeye s\u0131\u011f\u0131n\u0131r. Yeni bir \u00fclkede yeni bir hayata ba\u015flar. Ad\u0131 art\u0131k Sandor Lester&#8217;dir. Bir fabrikada i\u015fe girer. Yazar olma hayalleri kurar. Ama ilkokuldaki k\u0131z arkada\u015f\u0131 Line&#8217;i unutamaz, onun bir g\u00fcn yan\u0131na gelece\u011fini umut eder&#8230; Ve g\u00fcn\u00fcn birinde Caroline&#8217;le kar\u015f\u0131la\u015f\u0131r&#8230; Agota Kristof, B\u00fcy\u00fck Defter-Kan\u0131t-\u00dc\u00e7\u00fcnc\u00fc Yalan \u00fc\u00e7lemesinin ard\u0131ndan bu kez okuru D\u00fcn&#8217;de ba\u015f d\u00f6nd\u00fcr\u00fcc\u00fc bir hikayeye davet ediyor. <\/p>\n","protected":false},"excerpt":{"rendered":"<p>Tobias \u00f6nemsiz bir \u00fclkenin ismi olmayan bir k\u00f6y\u00fcnde do\u011fmu\u015ftur. Annesiyle yokluk i\u00e7inde ya\u015far. Annesi k\u00f6yde dilenir;un, m\u0131s\u0131r veya s\u00fct kar\u015f\u0131l\u0131\u011f\u0131nda erkeklerle yatar; tarlalardan, bah\u00e7elerden de \u00e7iftliklerden<span class=\"excerpt-hellip\"> [\u2026]<\/span><\/p>\n","protected":false},"featured_media":0,"template":"","meta":{"_monsterinsights_skip_tracking":false,"_monsterinsights_sitenote_active":false,"_monsterinsights_sitenote_note":"","_monsterinsights_sitenote_category":0},"product_brand":[],"product_cat":[13661,12291],"product_tag":[],"class_list":{"0":"post-694622","1":"product","2":"type-product","3":"status-publish","5":"product_cat-diger-ulke-edebiyatlari","6":"product_cat-edebiyat","7":"pa_cilt-ciltsiz","8":"pa_tur-kitap","9":"pa_yayinevi-yapi-kredi-yayinlari","10":"pa_yazar-agota-kristof","12":"first","13":"instock","14":"sale","15":"shipping-taxable","16":"purchasable","17":"product-type-simple"},"_links":{"self":[{"href":"https:\/\/roveyayinevi.com.tr\/index.php\/wp-json\/wp\/v2\/product\/694622","targetHints":{"allow":["GET"]}}],"collection":[{"href":"https:\/\/roveyayinevi.com.tr\/index.php\/wp-json\/wp\/v2\/product"}],"about":[{"href":"https:\/\/roveyayinevi.com.tr\/index.php\/wp-json\/wp\/v2\/types\/product"}],"wp:attachment":[{"href":"https:\/\/roveyayinevi.com.tr\/index.php\/wp-json\/wp\/v2\/media?parent=694622"}],"wp:term":[{"taxonomy":"product_brand","embeddable":true,"href":"https:\/\/roveyayinevi.com.tr\/index.php\/wp-json\/wp\/v2\/product_brand?post=694622"},{"taxonomy":"product_cat","embeddable":true,"href":"https:\/\/roveyayinevi.com.tr\/index.php\/wp-json\/wp\/v2\/product_cat?post=694622"},{"taxonomy":"product_tag","embeddable":true,"href":"https:\/\/roveyayinevi.com.tr\/index.php\/wp-json\/wp\/v2\/product_tag?post=694622"}],"curies":[{"name":"wp","href":"https:\/\/api.w.org\/{rel}","templated":true}]}}