{"id":694619,"date":"2025-08-27T14:21:58","date_gmt":"2025-08-27T11:21:58","guid":{"rendered":"https:\/\/roveyayinevi.com.tr\/index.php\/urun\/donizetti-pasa-osmanli-sarayinin-italyan-maestrosu\/"},"modified":"2026-04-16T02:04:36","modified_gmt":"2026-04-15T23:04:36","slug":"donizetti-pasa-osmanli-sarayinin-italyan-maestrosu","status":"publish","type":"product","link":"https:\/\/roveyayinevi.com.tr\/index.php\/urun\/donizetti-pasa-osmanli-sarayinin-italyan-maestrosu\/","title":{"rendered":"Donizetti Pa\u015fa Osmanl\u0131 Saray\u0131n\u0131n \u0130talyan Maestrosu"},"content":{"rendered":"<p>Tarihimize Donizetti Pa\u015fa olarak ge\u00e7en ve me\u015fhur opera bestecisi Gaetano Donizetti\u2019nin a\u011fabeyi olan \u0130talyan as\u0131ll\u0131 Giuseppe Donizetti, Napol\u00e9on Bonaparte\u2019\u0131n bandosunda fl\u00fct\u00e7\u00fc olarak g\u00f6rev yapm\u0131\u015f ve sonra II. Mahmud\u2019un kurdu\u011fu Muzika-y\u0131 H\u00fcm\u00e2yun b\u00fcnyesinde Osmanl\u0131 bandolar\u0131na ba\u015f e\u011fitmen olarak tayin edilmi\u015fti. Emre Arac\u0131\u2019n\u0131n Bergamo, uzun soluklu ara\u015ft\u0131rmalar sonucu kaleme ald\u0131\u011f\u0131 ve \u00f6l\u00fcm\u00fcn\u00fcn 150. y\u0131l\u0131nda yay\u0131mlanan Donizetti Pa\u015fa biyografisi ona ait bilinmeyen pek \u00e7ok yeni eser, mektup, foto\u011fraf ve di\u011fer g\u00f6rsel materyalin yan\u0131 s\u0131ra, eski kaynaklardaki bilgilerin yeniden de\u011ferlendirildi\u011fi kapsaml\u0131 bir \u00e7al\u0131\u015fma \u00f6zelli\u011fini ta\u015f\u0131yor. Konservatuarlarda okutulmas\u0131 gereken kaynak kitap niteli\u011findeki bu ara\u015ft\u0131rma ayn\u0131 zamanda tarih ve m\u00fcziksever herkesin ilgiyle okuyaca\u011f\u0131, William Ashbrook\u2019un da deyimiyle, hayat\u0131 \u201ctam bir opera buffa konusu olabilecek\u201d bir \u015fahsiyetin renkli bir ya\u015fam \u00f6yk\u00fcs\u00fc. \ufffcTan\u0131t\u0131m Metni<\/p>\n","protected":false},"excerpt":{"rendered":"<p>Tarihimize Donizetti Pa\u015fa olarak ge\u00e7en ve me\u015fhur opera bestecisi Gaetano Donizetti\u2019nin a\u011fabeyi olan \u0130talyan as\u0131ll\u0131 Giuseppe Donizetti, Napol\u00e9on Bonaparte\u2019\u0131n bandosunda fl\u00fct\u00e7\u00fc olarak g\u00f6rev yapm\u0131\u015f ve sonra<span class=\"excerpt-hellip\"> [\u2026]<\/span><\/p>\n","protected":false},"featured_media":0,"template":"","meta":{"_monsterinsights_skip_tracking":false,"_monsterinsights_sitenote_active":false,"_monsterinsights_sitenote_note":"","_monsterinsights_sitenote_category":0},"product_brand":[],"product_cat":[13517,12304],"product_tag":[],"class_list":{"0":"post-694619","1":"product","2":"type-product","3":"status-publish","5":"product_cat-osmanli-tarihi","6":"product_cat-tarih","7":"pa_cilt-ciltsiz","8":"pa_tur-kitap","9":"pa_yayinevi-yapi-kredi-yayinlari","10":"pa_yazar-emre-araci","12":"first","13":"instock","14":"sale","15":"shipping-taxable","16":"purchasable","17":"product-type-simple"},"_links":{"self":[{"href":"https:\/\/roveyayinevi.com.tr\/index.php\/wp-json\/wp\/v2\/product\/694619","targetHints":{"allow":["GET"]}}],"collection":[{"href":"https:\/\/roveyayinevi.com.tr\/index.php\/wp-json\/wp\/v2\/product"}],"about":[{"href":"https:\/\/roveyayinevi.com.tr\/index.php\/wp-json\/wp\/v2\/types\/product"}],"wp:attachment":[{"href":"https:\/\/roveyayinevi.com.tr\/index.php\/wp-json\/wp\/v2\/media?parent=694619"}],"wp:term":[{"taxonomy":"product_brand","embeddable":true,"href":"https:\/\/roveyayinevi.com.tr\/index.php\/wp-json\/wp\/v2\/product_brand?post=694619"},{"taxonomy":"product_cat","embeddable":true,"href":"https:\/\/roveyayinevi.com.tr\/index.php\/wp-json\/wp\/v2\/product_cat?post=694619"},{"taxonomy":"product_tag","embeddable":true,"href":"https:\/\/roveyayinevi.com.tr\/index.php\/wp-json\/wp\/v2\/product_tag?post=694619"}],"curies":[{"name":"wp","href":"https:\/\/api.w.org\/{rel}","templated":true}]}}