{"id":694618,"date":"2025-08-27T14:21:58","date_gmt":"2025-08-27T11:21:58","guid":{"rendered":"https:\/\/roveyayinevi.com.tr\/index.php\/urun\/don\/"},"modified":"2026-04-11T13:22:38","modified_gmt":"2026-04-11T10:22:38","slug":"don","status":"publish","type":"product","link":"https:\/\/roveyayinevi.com.tr\/index.php\/urun\/don\/","title":{"rendered":"Don"},"content":{"rendered":"<p>Viyana\u2019da gen\u00e7 bir t\u0131p \u00f6\u011frencisi olan isimsiz birinci tekil anlat\u0131c\u0131 Schwarzach\u2019ta bir hastanede staj\u0131n\u0131 yapt\u0131\u011f\u0131 s\u0131rada, dan\u0131\u015fman \u015fefi cerrah Strauch\u2019un verdi\u011fi ola\u011fand\u0131\u015f\u0131 g\u00f6revle Weng adl\u0131 kasvetli, \u00fccra da\u011f k\u00f6y\u00fcne g\u00f6nderilir. G\u00f6revi, cerrah Strauch\u2019un erkek karde\u015fi ressam Strauch\u2019u klinik a\u00e7\u0131dan ve gizlice g\u00f6zlemlemektir. Kendini Henry James\u2019e tutkun bir hukuk \u00f6\u011frencisi olarak tan\u0131t\u0131p, kabu\u011funa \u00e7ekilmi\u015f ressam Strauch\u2019un monologlar\u0131n\u0131 ve sanr\u0131lar\u0131n\u0131, ona dair izlenimlerini d\u00fczenli bi\u00e7imde defterine kaydeder. Ne var ki ba\u015flang\u0131\u00e7ta \u00fcstesinden gelebilece\u011fini d\u00fc\u015f\u00fcnd\u00fc\u011f\u00fc bu kar\u015f\u0131la\u015fman\u0131n belirli bir zaman sonra kendisine h\u00fckmetmeye ba\u015flad\u0131\u011f\u0131n\u0131 fark eder.   Bernhard hen\u00fcz, 1963 tarihli, g\u00fcnl\u00fck bi\u00e7iminde yaz\u0131lm\u0131\u015f bu ilk roman\u0131 DON\u2019da, hem yap\u0131t\u0131n\u0131n omurgas\u0131n\u0131 olu\u015fturan ana temaya ula\u015f\u0131r: ayr\u0131ks\u0131 olu\u015fu nedeniyle \u00e7\u00f6z\u00fcms\u00fcz ve umutsuz durum; hem de Dil\u2019ini ve Bi\u00e7im\u2019ini bulur: donmu\u015f, ta\u015f kesilmi\u015f bir dil ve d\u00fc\u015f\u00fcnce d\u00fcnyas\u0131n\u0131n durmaks\u0131z\u0131n keskin, delici bir bi\u00e7emle ad\u0131mlar\u0131n\u0131 b\u00fcy\u00fcterek ilerleyi\u015fi.   B\u00fct\u00fcn eserlerinde insan\u0131n \u00f6l\u00fcmc\u00fcl yaln\u0131zl\u0131\u011f\u0131n\u0131 betimleyen Bernhard\u2019\u0131n ilk roman\u0131 Don keskin bir zek\u00e2 ile insan tabiat\u0131na sars\u0131lmaz bir bak\u0131\u015f\u0131n bile\u015fimi.              [DON] en rahats\u0131z edici ve en etkileyici d\u00fczyaz\u0131 eserlerden biri.                                                                                                    Carl Zuckmayer   Bernhard\u2019\u0131n kasvetli monologlara ili\u015fkin ola\u011fan\u00fcst\u00fc yetene\u011finin Beckett\u2019ten ba\u015fka bir rakibi yok ve b\u00fcy\u00fcleyici ilk roman\u0131nda d\u00f6rt d\u00f6rtl\u00fck olgun bir \u00e7ehreyle s\u0131\u00e7rama yapm\u0131\u015f g\u00f6r\u00fcn\u00fcyor.                                                                                                Publishers Weekly <\/p>\n","protected":false},"excerpt":{"rendered":"<p>Viyana\u2019da gen\u00e7 bir t\u0131p \u00f6\u011frencisi olan isimsiz birinci tekil anlat\u0131c\u0131 Schwarzach\u2019ta bir hastanede staj\u0131n\u0131 yapt\u0131\u011f\u0131 s\u0131rada, dan\u0131\u015fman \u015fefi cerrah Strauch\u2019un verdi\u011fi ola\u011fand\u0131\u015f\u0131 g\u00f6revle Weng adl\u0131 kasvetli,<span class=\"excerpt-hellip\"> [\u2026]<\/span><\/p>\n","protected":false},"featured_media":0,"template":"","meta":{"_monsterinsights_skip_tracking":false,"_monsterinsights_sitenote_active":false,"_monsterinsights_sitenote_note":"","_monsterinsights_sitenote_category":0},"product_brand":[],"product_cat":[12291,12711],"product_tag":[],"class_list":{"0":"post-694618","1":"product","2":"type-product","3":"status-publish","5":"product_cat-edebiyat","6":"product_cat-roman-oyku","7":"pa_cilt-ciltsiz","8":"pa_tur-kitap","9":"pa_yayinevi-yapi-kredi-yayinlari","10":"pa_yazar-thomas-bernhard","12":"first","13":"instock","14":"sale","15":"shipping-taxable","16":"purchasable","17":"product-type-simple"},"_links":{"self":[{"href":"https:\/\/roveyayinevi.com.tr\/index.php\/wp-json\/wp\/v2\/product\/694618","targetHints":{"allow":["GET"]}}],"collection":[{"href":"https:\/\/roveyayinevi.com.tr\/index.php\/wp-json\/wp\/v2\/product"}],"about":[{"href":"https:\/\/roveyayinevi.com.tr\/index.php\/wp-json\/wp\/v2\/types\/product"}],"wp:attachment":[{"href":"https:\/\/roveyayinevi.com.tr\/index.php\/wp-json\/wp\/v2\/media?parent=694618"}],"wp:term":[{"taxonomy":"product_brand","embeddable":true,"href":"https:\/\/roveyayinevi.com.tr\/index.php\/wp-json\/wp\/v2\/product_brand?post=694618"},{"taxonomy":"product_cat","embeddable":true,"href":"https:\/\/roveyayinevi.com.tr\/index.php\/wp-json\/wp\/v2\/product_cat?post=694618"},{"taxonomy":"product_tag","embeddable":true,"href":"https:\/\/roveyayinevi.com.tr\/index.php\/wp-json\/wp\/v2\/product_tag?post=694618"}],"curies":[{"name":"wp","href":"https:\/\/api.w.org\/{rel}","templated":true}]}}