{"id":694617,"date":"2025-08-27T14:21:58","date_gmt":"2025-08-27T11:21:58","guid":{"rendered":"https:\/\/roveyayinevi.com.tr\/index.php\/urun\/dokuza-kadar-on\/"},"modified":"2026-04-16T02:04:36","modified_gmt":"2026-04-15T23:04:36","slug":"dokuza-kadar-on","status":"publish","type":"product","link":"https:\/\/roveyayinevi.com.tr\/index.php\/urun\/dokuza-kadar-on\/","title":{"rendered":"Dokuza Kadar On"},"content":{"rendered":"<p>Yaln\u0131zl\u0131k payla\u015f\u0131lmaz..Payla\u015f\u0131lsa yaln\u0131zl\u0131k olmaz.YAKINBir \u0131\u015f\u0131k d\u00fc\u015ferse \u00fcst\u00fcne basma. Daha yak\u0131nla\u015f\u0131r, korkars\u0131n. Bir leke, silmeye &#8211; g\u00f6r, Leke kal\u0131r, sen \u00e7\u0131kars\u0131n.Bir g\u00f6lge, nereye gider. G\u00f6zlerince gider, bakars\u0131n. Bakars\u0131n girer g\u00f6zlerinden. Leke onun pe\u015finden, bakars\u0131n.Bir \u0131\u015f\u0131k d\u00fc\u015ferse \u00fcst\u00fcne basma, G\u00f6zlerine basars\u0131n.<\/p>\n","protected":false},"excerpt":{"rendered":"<p>Yaln\u0131zl\u0131k payla\u015f\u0131lmaz..Payla\u015f\u0131lsa yaln\u0131zl\u0131k olmaz.YAKINBir \u0131\u015f\u0131k d\u00fc\u015ferse \u00fcst\u00fcne basma. Daha yak\u0131nla\u015f\u0131r, korkars\u0131n. Bir leke, silmeye &#8211; g\u00f6r, Leke kal\u0131r, sen \u00e7\u0131kars\u0131n.Bir g\u00f6lge, nereye gider. G\u00f6zlerince gider, bakars\u0131n.<span class=\"excerpt-hellip\"> [\u2026]<\/span><\/p>\n","protected":false},"featured_media":0,"template":"","meta":{"_monsterinsights_skip_tracking":false,"_monsterinsights_sitenote_active":false,"_monsterinsights_sitenote_note":"","_monsterinsights_sitenote_category":0},"product_brand":[],"product_cat":[12291,12292],"product_tag":[],"class_list":{"0":"post-694617","1":"product","2":"type-product","3":"status-publish","5":"product_cat-edebiyat","6":"product_cat-turk-edebiyati","7":"pa_cilt-ciltsiz","8":"pa_tur-kitap","9":"pa_yayinevi-yapi-kredi-yayinlari","10":"pa_yazar-ozdemir-asaf","12":"first","13":"instock","14":"sale","15":"shipping-taxable","16":"purchasable","17":"product-type-simple"},"_links":{"self":[{"href":"https:\/\/roveyayinevi.com.tr\/index.php\/wp-json\/wp\/v2\/product\/694617","targetHints":{"allow":["GET"]}}],"collection":[{"href":"https:\/\/roveyayinevi.com.tr\/index.php\/wp-json\/wp\/v2\/product"}],"about":[{"href":"https:\/\/roveyayinevi.com.tr\/index.php\/wp-json\/wp\/v2\/types\/product"}],"wp:attachment":[{"href":"https:\/\/roveyayinevi.com.tr\/index.php\/wp-json\/wp\/v2\/media?parent=694617"}],"wp:term":[{"taxonomy":"product_brand","embeddable":true,"href":"https:\/\/roveyayinevi.com.tr\/index.php\/wp-json\/wp\/v2\/product_brand?post=694617"},{"taxonomy":"product_cat","embeddable":true,"href":"https:\/\/roveyayinevi.com.tr\/index.php\/wp-json\/wp\/v2\/product_cat?post=694617"},{"taxonomy":"product_tag","embeddable":true,"href":"https:\/\/roveyayinevi.com.tr\/index.php\/wp-json\/wp\/v2\/product_tag?post=694617"}],"curies":[{"name":"wp","href":"https:\/\/api.w.org\/{rel}","templated":true}]}}