{"id":694616,"date":"2025-08-27T14:21:57","date_gmt":"2025-08-27T11:21:57","guid":{"rendered":"https:\/\/roveyayinevi.com.tr\/index.php\/urun\/dogdum\/"},"modified":"2026-04-16T02:04:36","modified_gmt":"2026-04-15T23:04:36","slug":"dogdum","status":"publish","type":"product","link":"https:\/\/roveyayinevi.com.tr\/index.php\/urun\/dogdum\/","title":{"rendered":"Do\u011fdum"},"content":{"rendered":"<p>Otobiyografi denemeleri, yaz\u0131nsal projeler, toplant\u0131 tutanaklar\u0131, k\u0131sa anlat\u0131lar ve ele\u015ftiri notlar\u0131ndan olu\u015fan bu metinler, Georges Perec\u2019in en \u00f6nemli kitaplar\u0131n\u0131 nas\u0131l kurdu\u011funa, ge\u00e7mi\u015f g\u00fcnlerinden baz\u0131lar\u0131n\u0131 nas\u0131l yas\u0327ad\u0131\u011f\u0131na tan\u0131kl\u0131k etmekle kalm\u0131yor. DO\u011eDUM\u2019daki metinler d\u00f6k\u00fcmler \u00e7\u0131karman\u0131n, mek\u00e2nlar\u0131, t\u00fcketilen yiyecekleri, dilekleri ve tasar\u0131lar\u0131 s\u00fcrekli not etmenin, Georges Perec\u2019in yaz\u0131nsal oyunlar\u0131n\u0131n \u00f6tesinde, bir kimlik ve k\u00f6ken aray\u0131\u015f\u0131na ba\u011fland\u0131\u011f\u0131n\u0131n birer kan\u0131t\u0131. G\u00f6\u00e7 ve ka\u00e7\u0131\u015f, s\u00fcrg\u00fcn ve kopma, bellek ve hat\u0131ra, do\u011fum ve aidiyet gibi temalar etraf\u0131nda d\u00f6nerken, ge\u00e7mi\u015fte yitirilenlerle gelen bir unutma, unutulma ve kimliksizlik kayg\u0131s\u0131na gelip dayan\u0131yorlar. \u201cBen ailemin konu\u015ftu\u011fu dili konu\u015fmuyorum, onlar\u0131n sahip olduklar\u0131 hi\u00e7bir an\u0131y\u0131 payla\u015fm\u0131yorum. Onlara ait olan, onlar\u0131 onlar yapan \u015feyler, tarihleri, k\u00fclt\u00fcrleri, inan\u00e7lar\u0131, umutlar\u0131 bana aktar\u0131lmad\u0131. M\u00fclks\u00fczle\u015ftirildi\u011fimin bilincinde olu\u015fumda hi\u00e7bir nostalji duygusu, s\u0131rf Yahudi oldu\u011fu i\u00e7in bana daha yak\u0131n olabilecek \u015feylere kar\u015f\u0131 hi\u00e7bir \u00f6zel d\u00fc\u015fk\u00fcnl\u00fc\u011f\u00fcm yok. Ben y\u0131llard\u0131r ailemin tarih\u00e7esini yaz\u0131yor, o s\u00fcrekli par\u00e7alanmay\u0131 yeniden \u00e7izmeye \u00e7al\u0131\u015f\u0131yorum.\u201dDo\u011fdum, hem yaz\u0131nsal hem de ya\u015famsal s\u00fcre\u00e7lere \u0131\u015f\u0131k tutuyor. <\/p>\n","protected":false},"excerpt":{"rendered":"<p>Otobiyografi denemeleri, yaz\u0131nsal projeler, toplant\u0131 tutanaklar\u0131, k\u0131sa anlat\u0131lar ve ele\u015ftiri notlar\u0131ndan olu\u015fan bu metinler, Georges Perec\u2019in en \u00f6nemli kitaplar\u0131n\u0131 nas\u0131l kurdu\u011funa, ge\u00e7mi\u015f g\u00fcnlerinden baz\u0131lar\u0131n\u0131 nas\u0131l yas\u0327ad\u0131\u011f\u0131na<span class=\"excerpt-hellip\"> [\u2026]<\/span><\/p>\n","protected":false},"featured_media":0,"template":"","meta":{"_monsterinsights_skip_tracking":false,"_monsterinsights_sitenote_active":false,"_monsterinsights_sitenote_note":"","_monsterinsights_sitenote_category":0},"product_brand":[],"product_cat":[12291,13376],"product_tag":[],"class_list":{"0":"post-694616","1":"product","2":"type-product","3":"status-publish","5":"product_cat-edebiyat","6":"product_cat-fransiz-edebiyati","7":"pa_cilt-ciltsiz","8":"pa_tur-kitap","9":"pa_yayinevi-yapi-kredi-yayinlari","10":"pa_yazar-georges-perec","12":"first","13":"instock","14":"sale","15":"shipping-taxable","16":"purchasable","17":"product-type-simple"},"_links":{"self":[{"href":"https:\/\/roveyayinevi.com.tr\/index.php\/wp-json\/wp\/v2\/product\/694616","targetHints":{"allow":["GET"]}}],"collection":[{"href":"https:\/\/roveyayinevi.com.tr\/index.php\/wp-json\/wp\/v2\/product"}],"about":[{"href":"https:\/\/roveyayinevi.com.tr\/index.php\/wp-json\/wp\/v2\/types\/product"}],"wp:attachment":[{"href":"https:\/\/roveyayinevi.com.tr\/index.php\/wp-json\/wp\/v2\/media?parent=694616"}],"wp:term":[{"taxonomy":"product_brand","embeddable":true,"href":"https:\/\/roveyayinevi.com.tr\/index.php\/wp-json\/wp\/v2\/product_brand?post=694616"},{"taxonomy":"product_cat","embeddable":true,"href":"https:\/\/roveyayinevi.com.tr\/index.php\/wp-json\/wp\/v2\/product_cat?post=694616"},{"taxonomy":"product_tag","embeddable":true,"href":"https:\/\/roveyayinevi.com.tr\/index.php\/wp-json\/wp\/v2\/product_tag?post=694616"}],"curies":[{"name":"wp","href":"https:\/\/api.w.org\/{rel}","templated":true}]}}