{"id":694615,"date":"2025-08-27T14:21:57","date_gmt":"2025-08-27T11:21:57","guid":{"rendered":"https:\/\/roveyayinevi.com.tr\/index.php\/urun\/gokyuzune-bakmanin-faydalari\/"},"modified":"2026-04-16T02:04:36","modified_gmt":"2026-04-15T23:04:36","slug":"gokyuzune-bakmanin-faydalari","status":"publish","type":"product","link":"https:\/\/roveyayinevi.com.tr\/index.php\/urun\/gokyuzune-bakmanin-faydalari\/","title":{"rendered":"G\u00f6ky\u00fcz\u00fcne Bakman\u0131n Faydalar\u0131"},"content":{"rendered":"<p>\u201c\u015eu \u00e2lemi d\u00fc\u015f\u00fcnd\u00fc\u011f\u00fcnde ihtiya\u00e7 duyulan her\u015feyin i\u00e7inde haz\u0131r oldu\u011fu bir ev gibi bina edilmi\u015f bulursun. Sema tavan gibi y\u00fckseltilmi\u015f, arz sergi gibi d\u00f6\u015fenmi\u015f, y\u0131ld\u0131zlar kandiller gibi as\u0131lm\u0131\u015f, cevherler zahire gibi depolanm\u0131\u015f, her i\u015f i\u00e7in her\u015feyi haz\u0131r ve haz\u0131rlanm\u0131\u015f g\u00f6r\u00fcrs\u00fcn.Semay\u0131 yaratmakla kudretinin noksan s\u0131fatlardan temiz oldu\u011funu g\u00f6steren S\u00fcbhan, onun renklerini, renklerin en \u015fiddetlisi ve g\u00f6z i\u00e7in en uygun \u015fekilde yaratm\u0131\u015ft\u0131r. Nefisler semaya d\u00f6nd\u00fcklerinde onun geni\u015fli\u011finde bir nimet ve rahatl\u0131k bulur. Hikmet sahipleri derler ki: Evindeki nimet ve rahatl\u0131k semay\u0131 g\u00f6rebildi\u011fin yer kadard\u0131r.\u201dAsr\u0131n\u0131n m\u00fcceddidi H\u00fcccet\u00fc\u2019l-\u0130slam \u0130mam Gazal\u00ee bu kitab\u0131nda Cenab-\u0131 Hakk\u2019\u0131n mahl\u00fbkat\u0131nda yaratt\u0131\u011f\u0131 hikmetleri nazara veriyor. Seman\u0131n yarat\u0131l\u0131\u015f\u0131yla ba\u015flayarak, insan\u0131n yarat\u0131l\u0131\u015f\u0131ndan k\u00e2inat\u0131n yarat\u0131l\u0131\u015f\u0131na, ku\u015flar\u0131n yarat\u0131l\u0131\u015f\u0131ndan bal\u0131klar\u0131n yarat\u0131l\u0131\u015f\u0131na, denizlerin yarat\u0131l\u0131\u015f\u0131ndan ate\u015fin yarat\u0131l\u0131\u015f\u0131na varl\u0131k mertebelerini say\u0131yor ve bizi d\u00fc\u015f\u00fcnmeye, ibret almaya ve \u015f\u00fckretmeye \u00e7a\u011f\u0131r\u0131yor. <\/p>\n","protected":false},"excerpt":{"rendered":"<p>\u201c\u015eu \u00e2lemi d\u00fc\u015f\u00fcnd\u00fc\u011f\u00fcnde ihtiya\u00e7 duyulan her\u015feyin i\u00e7inde haz\u0131r oldu\u011fu bir ev gibi bina edilmi\u015f bulursun. Sema tavan gibi y\u00fckseltilmi\u015f, arz sergi gibi d\u00f6\u015fenmi\u015f, y\u0131ld\u0131zlar kandiller gibi<span class=\"excerpt-hellip\"> [\u2026]<\/span><\/p>\n","protected":false},"featured_media":0,"template":"","meta":{"_monsterinsights_skip_tracking":false,"_monsterinsights_sitenote_active":false,"_monsterinsights_sitenote_note":"","_monsterinsights_sitenote_category":0},"product_brand":[],"product_cat":[12718,12719],"product_tag":[],"class_list":{"0":"post-694615","1":"product","2":"type-product","3":"status-publish","5":"product_cat-din","6":"product_cat-islam","7":"pa_cilt-ciltsiz","8":"pa_tur-kitap","9":"pa_yayinevi-nesil-yayinlari","10":"pa_yazar-imam-gazali","12":"first","13":"instock","14":"sale","15":"shipping-taxable","16":"purchasable","17":"product-type-simple"},"_links":{"self":[{"href":"https:\/\/roveyayinevi.com.tr\/index.php\/wp-json\/wp\/v2\/product\/694615","targetHints":{"allow":["GET"]}}],"collection":[{"href":"https:\/\/roveyayinevi.com.tr\/index.php\/wp-json\/wp\/v2\/product"}],"about":[{"href":"https:\/\/roveyayinevi.com.tr\/index.php\/wp-json\/wp\/v2\/types\/product"}],"wp:attachment":[{"href":"https:\/\/roveyayinevi.com.tr\/index.php\/wp-json\/wp\/v2\/media?parent=694615"}],"wp:term":[{"taxonomy":"product_brand","embeddable":true,"href":"https:\/\/roveyayinevi.com.tr\/index.php\/wp-json\/wp\/v2\/product_brand?post=694615"},{"taxonomy":"product_cat","embeddable":true,"href":"https:\/\/roveyayinevi.com.tr\/index.php\/wp-json\/wp\/v2\/product_cat?post=694615"},{"taxonomy":"product_tag","embeddable":true,"href":"https:\/\/roveyayinevi.com.tr\/index.php\/wp-json\/wp\/v2\/product_tag?post=694615"}],"curies":[{"name":"wp","href":"https:\/\/api.w.org\/{rel}","templated":true}]}}