{"id":694610,"date":"2025-08-27T14:21:56","date_gmt":"2025-08-27T11:21:56","guid":{"rendered":"https:\/\/roveyayinevi.com.tr\/index.php\/urun\/yuzuncu-ad\/"},"modified":"2026-04-16T02:04:36","modified_gmt":"2026-04-15T23:04:36","slug":"yuzuncu-ad","status":"publish","type":"product","link":"https:\/\/roveyayinevi.com.tr\/index.php\/urun\/yuzuncu-ad\/","title":{"rendered":"Y\u00fcz\u00fcnc\u00fc Ad"},"content":{"rendered":"<p>Do\u011fu&#8217;daki son Cenevizlilerden, antika t\u00fcccar\u0131 Baldassare Embriaco, 1665 y\u0131l\u0131 sonlar\u0131nda, soyunun y\u00fczy\u0131llard\u0131r ya\u015fad\u0131\u011f\u0131 L\u00fcbnan&#8217;dan yollara d\u00fc\u015fer. Ertesi y\u0131l, \u0130ncil&#8217;e g\u00f6re Canavar&#8217;\u0131n Y\u0131l\u0131 d\u0131r. Kimilerine g\u00f6re d\u00fcped\u00fcz Mah\u015fer: Kan, ate\u015f, y\u0131k\u0131m ve her \u015feyin sonu&#8230; Zaman\u0131n sonu! D\u00fcnyay\u0131 ve Baldassare&#8217;yi kurtarabilecek tek \u015feyse Y\u00fcz\u00fcnc\u00fc Ad&#8217;d\u0131r. Kimselerin g\u00f6rmedi\u011fi bir yazma kitap ve kitapta a\u00e7\u0131nland\u0131\u011f\u0131 s\u00f6ylenen bir ad: Allah&#8217;\u0131n, Kuran&#8217;da an\u0131lan doksan dokuz ad\u0131n\u0131n, s\u0131radan \u00f6l\u00fcmlere bildirilmemi\u015f olan y\u00fcz\u00fcc\u00fcs\u00fc&#8230; Tanr\u0131&#8217;n\u0131n gizli ve y\u00fcce ad\u0131&#8230; Y\u00fcz\u00fcnc\u00fc Ad&#8217;\u0131n pe\u015finden \u00f6nce \u0130stanbul&#8217;a u\u011frar Baldassare&#8217;nin yolu; oradan \u0130zmir&#8217;e, Sak\u0131z&#8217;a, Cenova&#8217;ya, Amsterdam&#8217;a, sonra da Londra&#8217;ya. Konya&#8217;da veban\u0131n k\u0131y\u0131m\u0131na, \u0130zmir&#8217;de Sabetay Sevi&#8217;nin \u015fa\u015f\u0131rt\u0131c\u0131 ba\u015fkald\u0131r\u0131s\u0131na, \u0130ngiltere&#8217;de b\u00fcy\u00fck Londra yang\u0131n\u0131na tan\u0131k olur. Korku, \u015fa\u015fk\u0131nl\u0131k, d\u00fc\u015fk\u0131r\u0131kl\u0131\u011f\u0131, umut ve aldanma, menzil ta\u015flar\u0131d\u0131r bu uzun yolun. Bir de en beklenmedik anda yolcunun kar\u015f\u0131s\u0131na dikiliveren a\u015fk. Sevincin, mutlulu\u011fun tek kayna\u011f\u0131 a\u015fk!.<\/p>\n","protected":false},"excerpt":{"rendered":"<p>Do\u011fu&#8217;daki son Cenevizlilerden, antika t\u00fcccar\u0131 Baldassare Embriaco, 1665 y\u0131l\u0131 sonlar\u0131nda, soyunun y\u00fczy\u0131llard\u0131r ya\u015fad\u0131\u011f\u0131 L\u00fcbnan&#8217;dan yollara d\u00fc\u015fer. Ertesi y\u0131l, \u0130ncil&#8217;e g\u00f6re Canavar&#8217;\u0131n Y\u0131l\u0131 d\u0131r. Kimilerine g\u00f6re d\u00fcped\u00fcz<span class=\"excerpt-hellip\"> [\u2026]<\/span><\/p>\n","protected":false},"featured_media":0,"template":"","meta":{"_monsterinsights_skip_tracking":false,"_monsterinsights_sitenote_active":false,"_monsterinsights_sitenote_note":"","_monsterinsights_sitenote_category":0},"product_brand":[],"product_cat":[12291,13376],"product_tag":[],"class_list":{"0":"post-694610","1":"product","2":"type-product","3":"status-publish","5":"product_cat-edebiyat","6":"product_cat-fransiz-edebiyati","7":"pa_cilt-ciltsiz","8":"pa_tur-kitap","9":"pa_yayinevi-yapi-kredi-yayinlari","10":"pa_yazar-amin-maalouf","12":"first","13":"instock","14":"sale","15":"shipping-taxable","16":"purchasable","17":"product-type-simple"},"_links":{"self":[{"href":"https:\/\/roveyayinevi.com.tr\/index.php\/wp-json\/wp\/v2\/product\/694610","targetHints":{"allow":["GET"]}}],"collection":[{"href":"https:\/\/roveyayinevi.com.tr\/index.php\/wp-json\/wp\/v2\/product"}],"about":[{"href":"https:\/\/roveyayinevi.com.tr\/index.php\/wp-json\/wp\/v2\/types\/product"}],"wp:attachment":[{"href":"https:\/\/roveyayinevi.com.tr\/index.php\/wp-json\/wp\/v2\/media?parent=694610"}],"wp:term":[{"taxonomy":"product_brand","embeddable":true,"href":"https:\/\/roveyayinevi.com.tr\/index.php\/wp-json\/wp\/v2\/product_brand?post=694610"},{"taxonomy":"product_cat","embeddable":true,"href":"https:\/\/roveyayinevi.com.tr\/index.php\/wp-json\/wp\/v2\/product_cat?post=694610"},{"taxonomy":"product_tag","embeddable":true,"href":"https:\/\/roveyayinevi.com.tr\/index.php\/wp-json\/wp\/v2\/product_tag?post=694610"}],"curies":[{"name":"wp","href":"https:\/\/api.w.org\/{rel}","templated":true}]}}