{"id":694606,"date":"2025-08-27T14:21:55","date_gmt":"2025-08-27T11:21:55","guid":{"rendered":"https:\/\/roveyayinevi.com.tr\/index.php\/urun\/virginia-woolf\/"},"modified":"2026-04-16T02:04:36","modified_gmt":"2026-04-15T23:04:36","slug":"virginia-woolf","status":"publish","type":"product","link":"https:\/\/roveyayinevi.com.tr\/index.php\/urun\/virginia-woolf\/","title":{"rendered":"Virginia Woolf"},"content":{"rendered":"<p>\u00c7a\u011f\u0131m\u0131z\u0131n \u0130ngiliz ve d\u00fcnya edebiyat\u0131n\u0131n en etkin yazarlar\u0131ndan Virginia Woolf, evlenmesi ile 1941&#8217;deki \u00f6l\u00fcm\u00fc aras\u0131ndaki otuz y\u0131lda, aralar\u0131nda \u00e7\u0131\u011f\u0131r a\u00e7\u0131c\u0131 kitaplar\u0131 Deniz Feneri ve Dalgalar ile, feminist yakla\u015f\u0131m\u0131n \u00e7ok zekice tart\u0131\u015f\u0131ld\u0131\u011f\u0131 Kendine Ait Bir Oda n\u0131n da bulundu\u011fu on be\u015f kitap yazd\u0131. Ayn\u0131 d\u00f6nemde \u00fcrettikleri aras\u0131nda say\u0131s\u0131z ele\u015ftiri, deneme ve hikaye ile, \u00e7ok hacimli bir g\u00fcnce de var. Hayat\u0131 boyunca ak\u0131l hastal\u0131\u011f\u0131n\u0131n tehdidi alt\u0131nda ya\u015fayan biri i\u00e7in, hat\u0131r\u0131 say\u0131l\u0131r bir ba\u015far\u0131. \u0130ngiliz edebiyat\u0131na bihakk\u0131n vak\u0131f Mina Urgan, Woolf&#8217;un hayat\u0131, cinsel sorunlar\u0131, ak\u0131l hastal\u0131\u011f\u0131, ki\u015fili\u011fi ve \u00f6l\u00fcm\u00fcn\u00fcn yan\u0131 s\u0131ra feminizmi, ele\u015ftirmenli\u011fi ve roman t\u00fcr\u00fcnde yapmak istediklerini inceledi. Urgan ayr\u0131ca, yazar\u0131n ba\u015fl\u0131ca eserlerini de teker teker ele ald\u0131. Ayr\u0131ca, Bloomsbury grubu, Hogarth Press, Vita Sackville-West, sonunda kendisini \u00f6ld\u00fcrmesine yol a\u00e7an delilik n\u00f6betleri&#8230; Urgan, Woolf&#8217;u hem insan, hem yazar olarak hayranl\u0131kla, ama tarafs\u0131zca de\u011ferlendiriyor. \ufffcTan\u0131t\u0131m Metni<\/p>\n","protected":false},"excerpt":{"rendered":"<p>\u00c7a\u011f\u0131m\u0131z\u0131n \u0130ngiliz ve d\u00fcnya edebiyat\u0131n\u0131n en etkin yazarlar\u0131ndan Virginia Woolf, evlenmesi ile 1941&#8217;deki \u00f6l\u00fcm\u00fc aras\u0131ndaki otuz y\u0131lda, aralar\u0131nda \u00e7\u0131\u011f\u0131r a\u00e7\u0131c\u0131 kitaplar\u0131 Deniz Feneri ve Dalgalar ile,<span class=\"excerpt-hellip\"> [\u2026]<\/span><\/p>\n","protected":false},"featured_media":0,"template":"","meta":{"_monsterinsights_skip_tracking":false,"_monsterinsights_sitenote_active":false,"_monsterinsights_sitenote_note":"","_monsterinsights_sitenote_category":0},"product_brand":[],"product_cat":[14009,12291],"product_tag":[],"class_list":{"0":"post-694606","1":"product","2":"type-product","3":"status-publish","5":"product_cat-biyografi-otobiyografi-edebiyat","6":"product_cat-edebiyat","7":"pa_cilt-ciltsiz","8":"pa_tur-kitap","9":"pa_yayinevi-yapi-kredi-yayinlari","10":"pa_yazar-mina-urgan","12":"first","13":"instock","14":"sale","15":"shipping-taxable","16":"purchasable","17":"product-type-simple"},"_links":{"self":[{"href":"https:\/\/roveyayinevi.com.tr\/index.php\/wp-json\/wp\/v2\/product\/694606","targetHints":{"allow":["GET"]}}],"collection":[{"href":"https:\/\/roveyayinevi.com.tr\/index.php\/wp-json\/wp\/v2\/product"}],"about":[{"href":"https:\/\/roveyayinevi.com.tr\/index.php\/wp-json\/wp\/v2\/types\/product"}],"wp:attachment":[{"href":"https:\/\/roveyayinevi.com.tr\/index.php\/wp-json\/wp\/v2\/media?parent=694606"}],"wp:term":[{"taxonomy":"product_brand","embeddable":true,"href":"https:\/\/roveyayinevi.com.tr\/index.php\/wp-json\/wp\/v2\/product_brand?post=694606"},{"taxonomy":"product_cat","embeddable":true,"href":"https:\/\/roveyayinevi.com.tr\/index.php\/wp-json\/wp\/v2\/product_cat?post=694606"},{"taxonomy":"product_tag","embeddable":true,"href":"https:\/\/roveyayinevi.com.tr\/index.php\/wp-json\/wp\/v2\/product_tag?post=694606"}],"curies":[{"name":"wp","href":"https:\/\/api.w.org\/{rel}","templated":true}]}}