{"id":694601,"date":"2025-08-27T14:21:53","date_gmt":"2025-08-27T11:21:53","guid":{"rendered":"https:\/\/roveyayinevi.com.tr\/index.php\/urun\/emperyalizm-sosyalizm-ve-turkiye\/"},"modified":"2026-04-16T02:04:36","modified_gmt":"2026-04-15T23:04:36","slug":"emperyalizm-sosyalizm-ve-turkiye","status":"publish","type":"product","link":"https:\/\/roveyayinevi.com.tr\/index.php\/urun\/emperyalizm-sosyalizm-ve-turkiye\/","title":{"rendered":"Emperyalizm, Sosyalizm ve T\u00fcrkiye"},"content":{"rendered":"<p>Ankara \u00dcniversitesi Siyasal Bilgiler Fak\u00fcltesi \u0130ktisat B\u00f6l\u00fcm\u00fc emekli \u00f6\u011fretim \u00fcyesi Korkut Boratav, sadece iktisat alan\u0131nda de\u011fil, sosyal bilimlerin farkl\u0131 disiplinlerinde \u00e7ok \u00f6nemli katk\u0131larda bulunmu\u015f d\u00fcnya \u00e7ap\u0131nda bir bilim insan\u0131d\u0131r. Meslekta\u015flar\u0131n\u0131n deyimiyle bir ba\u015f\u00f6\u011fretmen dir. Emperyalizm, Sosyalizm ve T\u00fcrkiye, Boratav\u2019\u0131n T\u00fcrk\u00e7ede ve yabanc\u0131 dillerdeki akademik makaleleri ile s\u00f6yle\u015filerinin belirli bir sistematik izlenerek, yazar taraf\u0131ndan gerekli d\u00fczenlemeler yap\u0131l\u0131p notlar eklenerek bir araya getirilmi\u015f bir se\u00e7kisidir. Kitapta yer alan toplam k\u0131rk bir metin s\u0131ras\u0131yla Emperyalizm ve D\u00fcnya Ekonomisi , Sosyalizm ve Sol Siyaset , Marksist Kuram ve S\u0131n\u0131flar , T\u00fcrkiye: B\u00f6l\u00fc\u015f\u00fcm, B\u00fcy\u00fcme ve Ba\u011f\u0131ml\u0131l\u0131k ana ba\u015fl\u0131klar\u0131 alt\u0131nda toplanm\u0131\u015ft\u0131r. Bu metinler, yazar\u0131n yakla\u015f\u0131k yar\u0131m y\u00fczy\u0131l boyunca \u0131srarla takip etti\u011fi ve \u00f6nemli katk\u0131lar yapt\u0131\u011f\u0131 tarihsel maddecili\u011fin zamana, moda y\u00f6neli\u015flere kar\u015f\u0131 dayanakl\u0131l\u0131\u011f\u0131n\u0131 ortaya koymaktad\u0131r. Boratav\u2019\u0131n billur \u00fcslubunu, p\u0131r\u0131lt\u0131l\u0131 mant\u0131k g\u00fcc\u00fcn\u00fc ve e\u015fsiz \u00e7\u00f6z\u00fcmleme yetene\u011fini yans\u0131tan metinler yaln\u0131zca \u00f6\u011frenenlere de\u011fil \u00f6\u011fretenlere de, yaln\u0131zca iktisat\u00e7\u0131lara de\u011fil di\u011fer sosyal bilimcilere de, yaln\u0131zca akademisyenlere de\u011fil T\u00fcrkiye\u2019yi, d\u00fcnyay\u0131, tarihi, bug\u00fcn\u00fc ve yar\u0131n\u0131 anlamak isteyen geni\u015f bir okuyucu kitlesine de hitap eden vazge\u00e7ilmez bir kaynak, bir ba\u015fyap\u0131tt\u0131r. \ufffcTan\u0131t\u0131m Metni<\/p>\n","protected":false},"excerpt":{"rendered":"<p>Ankara \u00dcniversitesi Siyasal Bilgiler Fak\u00fcltesi \u0130ktisat B\u00f6l\u00fcm\u00fc emekli \u00f6\u011fretim \u00fcyesi Korkut Boratav, sadece iktisat alan\u0131nda de\u011fil, sosyal bilimlerin farkl\u0131 disiplinlerinde \u00e7ok \u00f6nemli katk\u0131larda bulunmu\u015f d\u00fcnya \u00e7ap\u0131nda<span class=\"excerpt-hellip\"> [\u2026]<\/span><\/p>\n","protected":false},"featured_media":0,"template":"","meta":{"_monsterinsights_skip_tracking":false,"_monsterinsights_sitenote_active":false,"_monsterinsights_sitenote_note":"","_monsterinsights_sitenote_category":0},"product_brand":[],"product_cat":[12312,12304],"product_tag":[],"class_list":{"0":"post-694601","1":"product","2":"type-product","3":"status-publish","5":"product_cat-diger","6":"product_cat-tarih","7":"pa_cilt-ciltsiz","8":"pa_tur-kitap","9":"pa_yayinevi-yordam-kitap","10":"pa_yazar-korkut-boratav","12":"first","13":"instock","14":"sale","15":"shipping-taxable","16":"purchasable","17":"product-type-simple"},"_links":{"self":[{"href":"https:\/\/roveyayinevi.com.tr\/index.php\/wp-json\/wp\/v2\/product\/694601","targetHints":{"allow":["GET"]}}],"collection":[{"href":"https:\/\/roveyayinevi.com.tr\/index.php\/wp-json\/wp\/v2\/product"}],"about":[{"href":"https:\/\/roveyayinevi.com.tr\/index.php\/wp-json\/wp\/v2\/types\/product"}],"wp:attachment":[{"href":"https:\/\/roveyayinevi.com.tr\/index.php\/wp-json\/wp\/v2\/media?parent=694601"}],"wp:term":[{"taxonomy":"product_brand","embeddable":true,"href":"https:\/\/roveyayinevi.com.tr\/index.php\/wp-json\/wp\/v2\/product_brand?post=694601"},{"taxonomy":"product_cat","embeddable":true,"href":"https:\/\/roveyayinevi.com.tr\/index.php\/wp-json\/wp\/v2\/product_cat?post=694601"},{"taxonomy":"product_tag","embeddable":true,"href":"https:\/\/roveyayinevi.com.tr\/index.php\/wp-json\/wp\/v2\/product_tag?post=694601"}],"curies":[{"name":"wp","href":"https:\/\/api.w.org\/{rel}","templated":true}]}}