{"id":694600,"date":"2025-08-27T14:21:53","date_gmt":"2025-08-27T11:21:53","guid":{"rendered":"https:\/\/roveyayinevi.com.tr\/index.php\/urun\/secme-yazilar-devrim-demokrasi-sosyalizm\/"},"modified":"2026-04-16T02:04:36","modified_gmt":"2026-04-15T23:04:36","slug":"secme-yazilar-devrim-demokrasi-sosyalizm","status":"publish","type":"product","link":"https:\/\/roveyayinevi.com.tr\/index.php\/urun\/secme-yazilar-devrim-demokrasi-sosyalizm\/","title":{"rendered":"Se\u00e7me Yaz\u0131lar: Devrim Demokrasi Sosyalizm"},"content":{"rendered":"<p>Bu kitap, insanl\u0131k tarihindeki en b\u00fcy\u00fck devrimci teorisyenlerden ve \u00f6rg\u00fct\u00e7\u00fclerden biri oldu\u011fu genel olarak kabul g\u00f6ren V. \u0130. Lenin\u2019in eserlerinden b\u00f6l\u00fcmleri bir araya getiriyor. Yak\u0131nlar\u0131n\u0131n sevgiyle \u0130lyi\u00e7 olarak hitap ettikleri, d\u00fcnyan\u0131n ise Lenin kod ad\u0131yla tan\u0131d\u0131\u011f\u0131 Vladimir \u0130lyi\u00e7 Ulyanov, Rus sosyalist hareketinin Bol\u015fevik kanad\u0131n\u0131n \u00f6nderiydi. Bu kanat 1917\u2019de bir devrimle iktidara ge\u00e7tikten sonra, Lenin ad\u0131 t\u00fcm d\u00fcnyada dalga dalga yay\u0131ld\u0131. Bat\u0131l\u0131 kapitalist \u00e7evrelerde ad\u0131 nefretle an\u0131lan, gaddarl\u0131\u011f\u0131n ve bask\u0131n\u0131n uygulay\u0131c\u0131s\u0131 olarak damgalanan Lenin, on milyonlarca i\u015f\u00e7inin ve yoksulun g\u00f6z\u00fcnde ise bir kurtar\u0131c\u0131yd\u0131. Ne var ki, 1991 y\u0131l\u0131nda Sovyetler Birli\u011fi \u00e7\u00f6z\u00fcld\u00fckten sonra k\u00f6p\u00fcrt\u00fclen anti-kom\u00fcnist dalgada, en b\u00fcy\u00fck hedeflerden biri de Lenin\u2019in ad\u0131 ve eseri oldu. Sol ve akademik \u00e7evrelerde de bu kampanyan\u0131n etkileri g\u00f6r\u00fcld\u00fc. Oynad\u0131\u011f\u0131 tarihsel rol\u00fcn kabul edildi\u011fi durumlarda bile, teorisyenli\u011fi ihmal edilebilir bir eylemci olarak takdim edildi. Bu derleme, Lenin\u2019in, e\u015fsiz bir taktisyen ve \u00f6rg\u00fct\u00e7\u00fc olman\u0131n yan\u0131nda b\u00fcy\u00fck bir teorisyen olarak \u00f6nemini vurguluyor, d\u00fc\u015f\u00fcncelerinin g\u00fcn\u00fcm\u00fcz d\u00fcnyas\u0131 i\u00e7in de ayd\u0131nlat\u0131c\u0131 oldu\u011fu kanaatini payla\u015f\u0131yor. Lenin\u2019in 1895-1923 y\u0131llar\u0131 aras\u0131nda yazd\u0131\u011f\u0131 kitap ve makalelerden Paul Le Blanc taraf\u0131ndan \u00f6zenle derlenen bu kitap, Sungur Savran\u2019\u0131n \u00e7evirisiyle sunuluyor. \ufffcTan\u0131t\u0131m Metni<\/p>\n","protected":false},"excerpt":{"rendered":"<p>Bu kitap, insanl\u0131k tarihindeki en b\u00fcy\u00fck devrimci teorisyenlerden ve \u00f6rg\u00fct\u00e7\u00fclerden biri oldu\u011fu genel olarak kabul g\u00f6ren V. \u0130. Lenin\u2019in eserlerinden b\u00f6l\u00fcmleri bir araya getiriyor. Yak\u0131nlar\u0131n\u0131n sevgiyle<span class=\"excerpt-hellip\"> [\u2026]<\/span><\/p>\n","protected":false},"featured_media":0,"template":"","meta":{"_monsterinsights_skip_tracking":false,"_monsterinsights_sitenote_active":false,"_monsterinsights_sitenote_note":"","_monsterinsights_sitenote_category":0},"product_brand":[],"product_cat":[12338,12337],"product_tag":[],"class_list":{"0":"post-694600","1":"product","2":"type-product","3":"status-publish","5":"product_cat-dunya-siyaseti-ve-politikasi","6":"product_cat-politika-siyaset","7":"pa_cilt-ciltli","8":"pa_tur-kitap","9":"pa_yayinevi-yordam-kitap","10":"pa_yazar-vladimir-ilyic-lenin","12":"first","13":"instock","14":"sale","15":"shipping-taxable","16":"purchasable","17":"product-type-simple"},"_links":{"self":[{"href":"https:\/\/roveyayinevi.com.tr\/index.php\/wp-json\/wp\/v2\/product\/694600","targetHints":{"allow":["GET"]}}],"collection":[{"href":"https:\/\/roveyayinevi.com.tr\/index.php\/wp-json\/wp\/v2\/product"}],"about":[{"href":"https:\/\/roveyayinevi.com.tr\/index.php\/wp-json\/wp\/v2\/types\/product"}],"wp:attachment":[{"href":"https:\/\/roveyayinevi.com.tr\/index.php\/wp-json\/wp\/v2\/media?parent=694600"}],"wp:term":[{"taxonomy":"product_brand","embeddable":true,"href":"https:\/\/roveyayinevi.com.tr\/index.php\/wp-json\/wp\/v2\/product_brand?post=694600"},{"taxonomy":"product_cat","embeddable":true,"href":"https:\/\/roveyayinevi.com.tr\/index.php\/wp-json\/wp\/v2\/product_cat?post=694600"},{"taxonomy":"product_tag","embeddable":true,"href":"https:\/\/roveyayinevi.com.tr\/index.php\/wp-json\/wp\/v2\/product_tag?post=694600"}],"curies":[{"name":"wp","href":"https:\/\/api.w.org\/{rel}","templated":true}]}}