{"id":694599,"date":"2025-08-27T14:21:53","date_gmt":"2025-08-27T11:21:53","guid":{"rendered":"https:\/\/roveyayinevi.com.tr\/index.php\/urun\/cizgilerle-komunist-manifesto\/"},"modified":"2026-04-16T02:04:36","modified_gmt":"2026-04-15T23:04:36","slug":"cizgilerle-komunist-manifesto","status":"publish","type":"product","link":"https:\/\/roveyayinevi.com.tr\/index.php\/urun\/cizgilerle-komunist-manifesto\/","title":{"rendered":"\u00c7izgilerle Kom\u00fcnist Manifesto"},"content":{"rendered":"<p>Kom\u00fcnist Manifesto bilimsel sosyalizmin en \u00f6nemli program belgelerindendir. Karl Marx ile Friedrich Engels taraf\u0131ndan kaleme al\u0131nan Kom\u00fcnist Manifesto\u2019nun ilk bas\u0131m\u0131 1848 \u015eubat\u0131nda Londra\u2019da yay\u0131nland\u0131. O tarihten bug\u00fcne belli ba\u015fl\u0131 d\u00fcnya dillerinde say\u0131s\u0131z bas\u0131m\u0131 yap\u0131ld\u0131, bug\u00fcn de yayg\u0131n bir ilginin konusu olmaya devam ediyor. \ufffcTan\u0131t\u0131m Metni<\/p>\n","protected":false},"excerpt":{"rendered":"<p>Kom\u00fcnist Manifesto bilimsel sosyalizmin en \u00f6nemli program belgelerindendir. Karl Marx ile Friedrich Engels taraf\u0131ndan kaleme al\u0131nan Kom\u00fcnist Manifesto\u2019nun ilk bas\u0131m\u0131 1848 \u015eubat\u0131nda Londra\u2019da yay\u0131nland\u0131. O tarihten<span class=\"excerpt-hellip\"> [\u2026]<\/span><\/p>\n","protected":false},"featured_media":0,"template":"","meta":{"_monsterinsights_skip_tracking":false,"_monsterinsights_sitenote_active":false,"_monsterinsights_sitenote_note":"","_monsterinsights_sitenote_category":0},"product_brand":[],"product_cat":[12689,12274],"product_tag":[],"class_list":{"0":"post-694599","1":"product","2":"type-product","3":"status-publish","5":"product_cat-cizgi-roman-cocuk-ve-genclik-kitaplari","6":"product_cat-cocuk-ve-genclik-kitaplari","7":"pa_cilt-ciltsiz","8":"pa_tur-kitap","9":"pa_yayinevi-yordam-kitap","10":"pa_yazar-karl-marx","12":"first","13":"instock","14":"sale","15":"shipping-taxable","16":"purchasable","17":"product-type-simple"},"_links":{"self":[{"href":"https:\/\/roveyayinevi.com.tr\/index.php\/wp-json\/wp\/v2\/product\/694599","targetHints":{"allow":["GET"]}}],"collection":[{"href":"https:\/\/roveyayinevi.com.tr\/index.php\/wp-json\/wp\/v2\/product"}],"about":[{"href":"https:\/\/roveyayinevi.com.tr\/index.php\/wp-json\/wp\/v2\/types\/product"}],"wp:attachment":[{"href":"https:\/\/roveyayinevi.com.tr\/index.php\/wp-json\/wp\/v2\/media?parent=694599"}],"wp:term":[{"taxonomy":"product_brand","embeddable":true,"href":"https:\/\/roveyayinevi.com.tr\/index.php\/wp-json\/wp\/v2\/product_brand?post=694599"},{"taxonomy":"product_cat","embeddable":true,"href":"https:\/\/roveyayinevi.com.tr\/index.php\/wp-json\/wp\/v2\/product_cat?post=694599"},{"taxonomy":"product_tag","embeddable":true,"href":"https:\/\/roveyayinevi.com.tr\/index.php\/wp-json\/wp\/v2\/product_tag?post=694599"}],"curies":[{"name":"wp","href":"https:\/\/api.w.org\/{rel}","templated":true}]}}