{"id":694598,"date":"2025-08-27T14:21:52","date_gmt":"2025-08-27T11:21:52","guid":{"rendered":"https:\/\/roveyayinevi.com.tr\/index.php\/urun\/arap-bahari-libya-kisi\/"},"modified":"2026-04-12T02:05:24","modified_gmt":"2026-04-11T23:05:24","slug":"arap-bahari-libya-kisi","status":"publish","type":"product","link":"https:\/\/roveyayinevi.com.tr\/index.php\/urun\/arap-bahari-libya-kisi\/","title":{"rendered":"Arap Bahar\u0131, Libya K\u0131\u015f\u0131"},"content":{"rendered":"<p>Neydi &#8220;Arap Bahar\u0131&#8221;? Yozla\u015fm\u0131\u015f gerici rejimlere kar\u015f\u0131 birikmi\u015f \u00f6fkenin s\u00fcbaplar\u0131 patlatmas\u0131 m\u0131, emperyalist maniplasyon mu? Hangi etmenlerin tetiklemesiyle ba\u015flad\u0131, nas\u0131l yay\u0131ld\u0131, nereye evrildi? B\u00f6lge dengelerini nas\u0131l etkiledi, emperyalistler ve b\u00f6lgedeki rejimler olaylar kar\u015f\u0131s\u0131nda nas\u0131l stratejiler geli\u015ftirdiler? Tunus&#8217;ta bir yoksulun bedeninden s\u0131\u00e7rayan k\u0131v\u0131lc\u0131mla ba\u015flayan halk co\u015fkunlu\u011fu Libya&#8217;da nas\u0131l trajik bir k\u0131\u015fa d\u00f6n\u00fc\u015ft\u00fc? Duman\u0131 \u00fczerinde t\u00fcten olaylar\u0131n, engin bilgiye dayanan Marksist bir analizi&#8230; &#8220;Halklar\u0131n tarih sahnesine g\u00f6rkemli bir bi\u00e7imde \u00e7\u0131k\u0131p g\u00fc\u00e7l\u00fc-silahl\u0131-d\u0131\u015f destekli zalimleri y\u0131kmaya ba\u015flad\u0131klar\u0131 ve fakat \u00f6rg\u00fctl\u00fcl\u00fck, \u00f6nderlik, ideolojik vuzuh ve politik netlik bak\u0131m\u0131ndan zaafl\u0131 bi\u00e7imde ge\u00e7mi\u015fin b\u00fct\u00fcn y\u00fcklerini ta\u015f\u0131yarak yoluna koyulduklar\u0131 kurtulu\u015f ser\u00fcveninin bug\u00fcnk\u00fc u\u011fra\u011f\u0131nda, Libya K\u0131\u015f\u0131&#8217;n\u0131n ertesinde ve Suriye tufan\u0131n\u0131n e\u015fi\u011finde, bu kitap bir Bahar esintisiyle umutlar\u0131m\u0131z\u0131 ilmek ilmek i\u015flenmi\u015f bilgiyle tazeliyor&#8230;&#8221; \ufffcTan\u0131t\u0131m Metni<\/p>\n","protected":false},"excerpt":{"rendered":"<p>Neydi &#8220;Arap Bahar\u0131&#8221;? Yozla\u015fm\u0131\u015f gerici rejimlere kar\u015f\u0131 birikmi\u015f \u00f6fkenin s\u00fcbaplar\u0131 patlatmas\u0131 m\u0131, emperyalist maniplasyon mu? Hangi etmenlerin tetiklemesiyle ba\u015flad\u0131, nas\u0131l yay\u0131ld\u0131, nereye evrildi? B\u00f6lge dengelerini nas\u0131l<span class=\"excerpt-hellip\"> [\u2026]<\/span><\/p>\n","protected":false},"featured_media":0,"template":"","meta":{"_monsterinsights_skip_tracking":false,"_monsterinsights_sitenote_active":false,"_monsterinsights_sitenote_note":"","_monsterinsights_sitenote_category":0},"product_brand":[],"product_cat":[20085,12337],"product_tag":[],"class_list":{"0":"post-694598","1":"product","2":"type-product","3":"status-publish","5":"product_cat-islam-ortadogu","6":"product_cat-politika-siyaset","7":"pa_cilt-ciltsiz","8":"pa_tur-kitap","9":"pa_yayinevi-yordam-kitap","10":"pa_yazar-vijay-prashad","12":"first","13":"instock","14":"sale","15":"shipping-taxable","16":"purchasable","17":"product-type-simple"},"_links":{"self":[{"href":"https:\/\/roveyayinevi.com.tr\/index.php\/wp-json\/wp\/v2\/product\/694598","targetHints":{"allow":["GET"]}}],"collection":[{"href":"https:\/\/roveyayinevi.com.tr\/index.php\/wp-json\/wp\/v2\/product"}],"about":[{"href":"https:\/\/roveyayinevi.com.tr\/index.php\/wp-json\/wp\/v2\/types\/product"}],"wp:attachment":[{"href":"https:\/\/roveyayinevi.com.tr\/index.php\/wp-json\/wp\/v2\/media?parent=694598"}],"wp:term":[{"taxonomy":"product_brand","embeddable":true,"href":"https:\/\/roveyayinevi.com.tr\/index.php\/wp-json\/wp\/v2\/product_brand?post=694598"},{"taxonomy":"product_cat","embeddable":true,"href":"https:\/\/roveyayinevi.com.tr\/index.php\/wp-json\/wp\/v2\/product_cat?post=694598"},{"taxonomy":"product_tag","embeddable":true,"href":"https:\/\/roveyayinevi.com.tr\/index.php\/wp-json\/wp\/v2\/product_tag?post=694598"}],"curies":[{"name":"wp","href":"https:\/\/api.w.org\/{rel}","templated":true}]}}