{"id":694597,"date":"2025-08-27T14:21:52","date_gmt":"2025-08-27T11:21:52","guid":{"rendered":"https:\/\/roveyayinevi.com.tr\/index.php\/urun\/adam-smith-pekinde\/"},"modified":"2026-04-16T02:04:36","modified_gmt":"2026-04-15T23:04:36","slug":"adam-smith-pekinde","status":"publish","type":"product","link":"https:\/\/roveyayinevi.com.tr\/index.php\/urun\/adam-smith-pekinde\/","title":{"rendered":"Adam Smith Pekin\u2019de"},"content":{"rendered":"<p>D\u00fcnyada oldu\u011fu gibi T\u00fcrkiye\u2019de de b\u00fcy\u00fck ilgiyle kar\u015f\u0131lanan eserin ikinci bas\u0131m\u0131&#8230; Arrighi, d\u00fcnya h\u00e2kimi ABD\u2019nin g\u00fcne\u015finin batmakta oldu\u011fu tezini temellendirdi\u011fi kitab\u0131nda as\u0131l olarak iki geli\u015fme \u00fczerinde duruyor: Birincisi, Yeni Amerikan Y\u00fczy\u0131l\u0131 Projesi\u2019nin y\u00fckseli\u015fi ve \u00e7\u00f6k\u00fc\u015f\u00fc; ikincisi ise, \u00c7in\u2019in Do\u011fu Asya\u2019da ya\u015fanan iktisadi r\u00f6nesans\u0131n lideri olarak ortaya \u00e7\u0131k\u0131\u015f\u0131. Bu iki geli\u015fmeye katk\u0131da bulunan bir\u00e7ok devlet ile devlet d\u0131\u015f\u0131 akt\u00f6re de gerekli dikkat g\u00f6steriliyor, fakat \u00e7\u00f6z\u00fcmlemenin ana ilgi oda\u011f\u0131n\u0131 k\u00fcresel d\u00f6n\u00fc\u015f\u00fcme yol veren ba\u015fta akt\u00f6rler olarak ABD ve \u00c7in devletleri olu\u015fturuyor. \ufffcTan\u0131t\u0131m Metni<\/p>\n","protected":false},"excerpt":{"rendered":"<p>D\u00fcnyada oldu\u011fu gibi T\u00fcrkiye\u2019de de b\u00fcy\u00fck ilgiyle kar\u015f\u0131lanan eserin ikinci bas\u0131m\u0131&#8230; Arrighi, d\u00fcnya h\u00e2kimi ABD\u2019nin g\u00fcne\u015finin batmakta oldu\u011fu tezini temellendirdi\u011fi kitab\u0131nda as\u0131l olarak iki geli\u015fme \u00fczerinde<span class=\"excerpt-hellip\"> [\u2026]<\/span><\/p>\n","protected":false},"featured_media":0,"template":"","meta":{"_monsterinsights_skip_tracking":false,"_monsterinsights_sitenote_active":false,"_monsterinsights_sitenote_note":"","_monsterinsights_sitenote_category":0},"product_brand":[],"product_cat":[13590,12337],"product_tag":[],"class_list":{"0":"post-694597","1":"product","2":"type-product","3":"status-publish","5":"product_cat-arastirma-inceleme-politika-siyaset","6":"product_cat-politika-siyaset","7":"pa_cilt-ciltsiz","8":"pa_tur-kitap","9":"pa_yayinevi-yordam-kitap","10":"pa_yazar-giovanni-arrighi","12":"first","13":"instock","14":"sale","15":"shipping-taxable","16":"purchasable","17":"product-type-simple"},"_links":{"self":[{"href":"https:\/\/roveyayinevi.com.tr\/index.php\/wp-json\/wp\/v2\/product\/694597","targetHints":{"allow":["GET"]}}],"collection":[{"href":"https:\/\/roveyayinevi.com.tr\/index.php\/wp-json\/wp\/v2\/product"}],"about":[{"href":"https:\/\/roveyayinevi.com.tr\/index.php\/wp-json\/wp\/v2\/types\/product"}],"wp:attachment":[{"href":"https:\/\/roveyayinevi.com.tr\/index.php\/wp-json\/wp\/v2\/media?parent=694597"}],"wp:term":[{"taxonomy":"product_brand","embeddable":true,"href":"https:\/\/roveyayinevi.com.tr\/index.php\/wp-json\/wp\/v2\/product_brand?post=694597"},{"taxonomy":"product_cat","embeddable":true,"href":"https:\/\/roveyayinevi.com.tr\/index.php\/wp-json\/wp\/v2\/product_cat?post=694597"},{"taxonomy":"product_tag","embeddable":true,"href":"https:\/\/roveyayinevi.com.tr\/index.php\/wp-json\/wp\/v2\/product_tag?post=694597"}],"curies":[{"name":"wp","href":"https:\/\/api.w.org\/{rel}","templated":true}]}}