{"id":694596,"date":"2025-08-27T14:21:52","date_gmt":"2025-08-27T11:21:52","guid":{"rendered":"https:\/\/roveyayinevi.com.tr\/index.php\/urun\/uc-damla-kan\/"},"modified":"2026-04-16T02:04:36","modified_gmt":"2026-04-15T23:04:36","slug":"uc-damla-kan","status":"publish","type":"product","link":"https:\/\/roveyayinevi.com.tr\/index.php\/urun\/uc-damla-kan\/","title":{"rendered":"\u00dc\u00e7 Damla Kan"},"content":{"rendered":"<p>\u0130ran edebiyat\u0131nda modernizmin \u00f6nc\u00fcs\u00fc S\u00e2d\u0131k Hid\u00e2yet&#8217;ten, Kafka&#8217;n\u0131nki gibi karanl\u0131k, karabasanl\u0131 \u00f6yk\u00fcler&#8230; Hid\u00e2yet, 1930&#8217;lu y\u0131llard, \u00fclke i\u00e7in pembe tablolar, \u00e7izen y\u00f6netime, \u0130ran halk\u0131n\u0131n ya\u015fant\u0131s\u0131n\u0131 keskin bir ger\u00e7eklikle yans\u0131tarak yan\u0131t veriyor. \u015eiddetin ve tutkunun i\u00e7 i\u00e7e ge\u00e7ti\u011fi bu \u00f6yk\u00fcler fakirlik, hastal\u0131k, bat\u0131l inan\u00e7lar, cincilik, kumal\u0131k ve siga d\u00fczeni, ikiy\u00fczl\u00fcl\u00fck, mistik hayata ve inzivaya ka\u00e7\u0131\u015f, hayal k\u0131r\u0131kl\u0131klar\u0131, kad\u0131n\u0131n mal muamelesi g\u00f6rmesi gibi \u0130ran toplumunda kol gezen sorunlara birer ayna tutuyor. Mehmet Kanar&#8217;\u0131n Fars\u00e7a asl\u0131ndan \u00f6zenle \u00e7evirdi\u011fi \u00dc\u00e7 Damla Kan, S\u00e2d\u0131k Hidayet&#8217;i K\u00f6r Bayku\u015f, Diri G\u00f6m\u00fclen ve Hac\u0131 Aga gibi kitaplar\u0131yla tan\u0131y\u0131p seven okurlara yal \u0131n ve bunalt\u0131l\u0131 bir d\u00fcnya sunuyor. \ufffcTan\u0131t\u0131m Metni<\/p>\n","protected":false},"excerpt":{"rendered":"<p>\u0130ran edebiyat\u0131nda modernizmin \u00f6nc\u00fcs\u00fc S\u00e2d\u0131k Hid\u00e2yet&#8217;ten, Kafka&#8217;n\u0131nki gibi karanl\u0131k, karabasanl\u0131 \u00f6yk\u00fcler&#8230; Hid\u00e2yet, 1930&#8217;lu y\u0131llard, \u00fclke i\u00e7in pembe tablolar, \u00e7izen y\u00f6netime, \u0130ran halk\u0131n\u0131n ya\u015fant\u0131s\u0131n\u0131 keskin bir ger\u00e7eklikle<span class=\"excerpt-hellip\"> [\u2026]<\/span><\/p>\n","protected":false},"featured_media":0,"template":"","meta":{"_monsterinsights_skip_tracking":false,"_monsterinsights_sitenote_active":false,"_monsterinsights_sitenote_note":"","_monsterinsights_sitenote_category":0},"product_brand":[],"product_cat":[13661,12291],"product_tag":[],"class_list":{"0":"post-694596","1":"product","2":"type-product","3":"status-publish","5":"product_cat-diger-ulke-edebiyatlari","6":"product_cat-edebiyat","7":"pa_cilt-ciltsiz","8":"pa_tur-kitap","9":"pa_yayinevi-yapi-kredi-yayinlari","10":"pa_yazar-sadik-hidayet","12":"first","13":"instock","14":"sale","15":"shipping-taxable","16":"purchasable","17":"product-type-simple"},"_links":{"self":[{"href":"https:\/\/roveyayinevi.com.tr\/index.php\/wp-json\/wp\/v2\/product\/694596","targetHints":{"allow":["GET"]}}],"collection":[{"href":"https:\/\/roveyayinevi.com.tr\/index.php\/wp-json\/wp\/v2\/product"}],"about":[{"href":"https:\/\/roveyayinevi.com.tr\/index.php\/wp-json\/wp\/v2\/types\/product"}],"wp:attachment":[{"href":"https:\/\/roveyayinevi.com.tr\/index.php\/wp-json\/wp\/v2\/media?parent=694596"}],"wp:term":[{"taxonomy":"product_brand","embeddable":true,"href":"https:\/\/roveyayinevi.com.tr\/index.php\/wp-json\/wp\/v2\/product_brand?post=694596"},{"taxonomy":"product_cat","embeddable":true,"href":"https:\/\/roveyayinevi.com.tr\/index.php\/wp-json\/wp\/v2\/product_cat?post=694596"},{"taxonomy":"product_tag","embeddable":true,"href":"https:\/\/roveyayinevi.com.tr\/index.php\/wp-json\/wp\/v2\/product_tag?post=694596"}],"curies":[{"name":"wp","href":"https:\/\/api.w.org\/{rel}","templated":true}]}}