{"id":694594,"date":"2025-08-27T14:21:51","date_gmt":"2025-08-27T11:21:51","guid":{"rendered":"https:\/\/roveyayinevi.com.tr\/index.php\/urun\/diyalektigin-kategorileri-ve-yasalari\/"},"modified":"2026-04-16T02:04:36","modified_gmt":"2026-04-15T23:04:36","slug":"diyalektigin-kategorileri-ve-yasalari","status":"publish","type":"product","link":"https:\/\/roveyayinevi.com.tr\/index.php\/urun\/diyalektigin-kategorileri-ve-yasalari\/","title":{"rendered":"Diyalekti\u011fin Kategorileri ve Yasalar\u0131"},"content":{"rendered":"<p>Bu kitap, maddeci diyalekti\u011fin ba\u015fl\u0131ca kategorilerini ve yasalar\u0131n\u0131 ele al\u0131yor. Diyalekti\u011fin kategorilerinin ve yasalar\u0131n\u0131n i\u00e7eri\u011fini ortaya koyarak, \u00f6zg\u00fcl felsefi bir kuram olarak diyalektik maddecili\u011fin \u00f6z\u00fcn\u00fc a\u00e7\u0131klamaya \u00e7al\u0131\u015f\u0131yor. \ufffcTan\u0131t\u0131m Metni<\/p>\n","protected":false},"excerpt":{"rendered":"<p>Bu kitap, maddeci diyalekti\u011fin ba\u015fl\u0131ca kategorilerini ve yasalar\u0131n\u0131 ele al\u0131yor. Diyalekti\u011fin kategorilerinin ve yasalar\u0131n\u0131n i\u00e7eri\u011fini ortaya koyarak, \u00f6zg\u00fcl felsefi bir kuram olarak diyalektik maddecili\u011fin \u00f6z\u00fcn\u00fc a\u00e7\u0131klamaya<span class=\"excerpt-hellip\"> [\u2026]<\/span><\/p>\n","protected":false},"featured_media":0,"template":"","meta":{"_monsterinsights_skip_tracking":false,"_monsterinsights_sitenote_active":false,"_monsterinsights_sitenote_note":"","_monsterinsights_sitenote_category":0},"product_brand":[],"product_cat":[12388,13555],"product_tag":[],"class_list":{"0":"post-694594","1":"product","2":"type-product","3":"status-publish","5":"product_cat-felsefe","6":"product_cat-genel-felsefe","7":"pa_cilt-ciltsiz","8":"pa_tur-kitap","9":"pa_yayinevi-yordam-kitap","10":"pa_yazar-aleksandr-septulin","12":"first","13":"instock","14":"sale","15":"shipping-taxable","16":"purchasable","17":"product-type-simple"},"_links":{"self":[{"href":"https:\/\/roveyayinevi.com.tr\/index.php\/wp-json\/wp\/v2\/product\/694594","targetHints":{"allow":["GET"]}}],"collection":[{"href":"https:\/\/roveyayinevi.com.tr\/index.php\/wp-json\/wp\/v2\/product"}],"about":[{"href":"https:\/\/roveyayinevi.com.tr\/index.php\/wp-json\/wp\/v2\/types\/product"}],"wp:attachment":[{"href":"https:\/\/roveyayinevi.com.tr\/index.php\/wp-json\/wp\/v2\/media?parent=694594"}],"wp:term":[{"taxonomy":"product_brand","embeddable":true,"href":"https:\/\/roveyayinevi.com.tr\/index.php\/wp-json\/wp\/v2\/product_brand?post=694594"},{"taxonomy":"product_cat","embeddable":true,"href":"https:\/\/roveyayinevi.com.tr\/index.php\/wp-json\/wp\/v2\/product_cat?post=694594"},{"taxonomy":"product_tag","embeddable":true,"href":"https:\/\/roveyayinevi.com.tr\/index.php\/wp-json\/wp\/v2\/product_tag?post=694594"}],"curies":[{"name":"wp","href":"https:\/\/api.w.org\/{rel}","templated":true}]}}