{"id":694591,"date":"2025-08-27T14:21:51","date_gmt":"2025-08-27T11:21:51","guid":{"rendered":"https:\/\/roveyayinevi.com.tr\/index.php\/urun\/bolsevikler-iktidara-geliyor\/"},"modified":"2026-04-16T02:04:36","modified_gmt":"2026-04-15T23:04:36","slug":"bolsevikler-iktidara-geliyor","status":"publish","type":"product","link":"https:\/\/roveyayinevi.com.tr\/index.php\/urun\/bolsevikler-iktidara-geliyor\/","title":{"rendered":"Bol\u015fevikler \u0130ktidara Geliyor"},"content":{"rendered":"<p>20. y\u00fczy\u0131l d\u00fcnya tarihini b\u00fcy\u00fck \u00f6l\u00e7\u00fcde belirleyen 1917 Sovyet Devrimi \u00fczerine bug\u00fcne dek pek \u00e7ok kitap yay\u0131nland\u0131. Bol\u015fevikler \u0130ktidara Geliyor, bu kitaplar\u0131n en \u00f6nemlilerinden biri olarak \u00f6ne \u00e7\u0131k\u0131yor. Rus ve Sovyet tarihi \u00fczerine \u00e7al\u0131\u015fan uzmanlar\u0131n \u00e7o\u011funun \u00fczerinde birle\u015fti\u011fi kanaate g\u00f6re; Bol\u015fevikler \u0130ktidara Geliyor, \u201cRus Devrimi \u00fczerine yaz\u0131lm\u0131\u015f en iyi kitap\u201d. Tarih profes\u00f6r\u00fc Rabinowitch&#8217;in on be\u015f y\u0131ll\u0131k \u00e7al\u0131\u015fmas\u0131n\u0131n \u00fcr\u00fcn\u00fc olan kitapta, Sovyet Devriminin en \u00f6nemli kesiti, b\u00fct\u00fcn zenginli\u011fiyle ortaya seriliyor. \u0130\u015f\u00e7ilerin 3-4 Temmuz\u2019daki kalk\u0131\u015fmas\u0131ndan 25 Ekim\u2019de Ge\u00e7ici H\u00fck\u00fcmetin devrili\u015fi ve Bol\u015feviklerin iktidar\u0131 al\u0131\u015f\u0131na kadar uzanan 100 g\u00fcnl\u00fck tarih, b\u00fct\u00fcn y\u00f6nleriyle ve \u00e7at\u0131\u015fman\u0131n her iki taraf\u0131nda yer alan t\u00fcm g\u00fc\u00e7ler a\u00e7\u0131s\u0131ndan inceleniyor. Ba\u015fta Bol\u015fevikler olmak \u00fczere belli ba\u015fl\u0131 politik akt\u00f6rlerin programatik belgeleri, bildirileri, toplant\u0131 tutanaklar\u0131, kararlar\u0131; t\u00fcm g\u00fcnl\u00fck gazeteler, parlamento oturumlar\u0131nda ve Sovyetlerde yap\u0131lan tart\u0131\u015fmalar, bir belge y\u0131\u011f\u0131n\u0131na d\u00f6n\u00fc\u015ft\u00fcr\u00fclmeden ak\u0131c\u0131 bir metin i\u00e7inde anlamland\u0131r\u0131l\u0131yor ve b\u00f6ylece zevkle okunacak, \u00f6\u011fretici ve heyecanl\u0131 bir anlat\u0131 \u00e7\u0131k\u0131yor ortaya. Bol\u015fevikler \u0130ktidara Geliyor, bir devrimi, bu devrimin en etkin g\u00fcc\u00fc Bol\u015fevik Partisini ve partinin \u00f6nderi Lenin&#8217;i ba\u015fka kaynaklarda bulunamayacak bir zenginlikle, \u201cbelgeleri konu\u015fturarak\u201d anlat\u0131yor. <\/p>\n","protected":false},"excerpt":{"rendered":"<p>20. y\u00fczy\u0131l d\u00fcnya tarihini b\u00fcy\u00fck \u00f6l\u00e7\u00fcde belirleyen 1917 Sovyet Devrimi \u00fczerine bug\u00fcne dek pek \u00e7ok kitap yay\u0131nland\u0131. Bol\u015fevikler \u0130ktidara Geliyor, bu kitaplar\u0131n en \u00f6nemlilerinden biri olarak<span class=\"excerpt-hellip\"> [\u2026]<\/span><\/p>\n","protected":false},"featured_media":0,"template":"","meta":{"_monsterinsights_skip_tracking":false,"_monsterinsights_sitenote_active":false,"_monsterinsights_sitenote_note":"","_monsterinsights_sitenote_category":0},"product_brand":[],"product_cat":[12305,12304],"product_tag":[],"class_list":{"0":"post-694591","1":"product","2":"type-product","3":"status-publish","5":"product_cat-dunya-tarihi","6":"product_cat-tarih","7":"pa_cilt-ciltsiz","8":"pa_tur-kitap","9":"pa_yayinevi-yordam-kitap","10":"pa_yazar-alexander-rabinowitch","12":"first","13":"instock","14":"sale","15":"shipping-taxable","16":"purchasable","17":"product-type-simple"},"_links":{"self":[{"href":"https:\/\/roveyayinevi.com.tr\/index.php\/wp-json\/wp\/v2\/product\/694591","targetHints":{"allow":["GET"]}}],"collection":[{"href":"https:\/\/roveyayinevi.com.tr\/index.php\/wp-json\/wp\/v2\/product"}],"about":[{"href":"https:\/\/roveyayinevi.com.tr\/index.php\/wp-json\/wp\/v2\/types\/product"}],"wp:attachment":[{"href":"https:\/\/roveyayinevi.com.tr\/index.php\/wp-json\/wp\/v2\/media?parent=694591"}],"wp:term":[{"taxonomy":"product_brand","embeddable":true,"href":"https:\/\/roveyayinevi.com.tr\/index.php\/wp-json\/wp\/v2\/product_brand?post=694591"},{"taxonomy":"product_cat","embeddable":true,"href":"https:\/\/roveyayinevi.com.tr\/index.php\/wp-json\/wp\/v2\/product_cat?post=694591"},{"taxonomy":"product_tag","embeddable":true,"href":"https:\/\/roveyayinevi.com.tr\/index.php\/wp-json\/wp\/v2\/product_tag?post=694591"}],"curies":[{"name":"wp","href":"https:\/\/api.w.org\/{rel}","templated":true}]}}