{"id":694587,"date":"2025-08-27T14:21:50","date_gmt":"2025-08-27T11:21:50","guid":{"rendered":"https:\/\/roveyayinevi.com.tr\/index.php\/urun\/walter-benjamin-uzerine\/"},"modified":"2026-04-16T02:04:36","modified_gmt":"2026-04-15T23:04:36","slug":"walter-benjamin-uzerine","status":"publish","type":"product","link":"https:\/\/roveyayinevi.com.tr\/index.php\/urun\/walter-benjamin-uzerine\/","title":{"rendered":"Walter Benjamin \u00dczerine"},"content":{"rendered":"<p>Benjamin&#8217;in s\u00f6ylediklerinde ve yazd\u0131klar\u0131nda d\u00fc\u015f\u00fcnce, sanki mas\u0131l ve \u00e7ocuk kitaplar\u0131n\u0131n vaatlerini -kaba bir olgunlukla reddetmek yerine -oldu\u011fu gibi al\u0131yor ve b\u00f6ylece bu vaatlerin ger\u00e7ekle\u015fmesi anla\u015f\u0131l\u0131r oluyordu.  onunla ilgili bilgi edinen herkes, t\u0131pk\u0131 kilitli kap\u0131lar\u0131n \u00e7atlaklar\u0131ndan noel a\u011fac\u0131n\u0131n \u0131\u015f\u0131\u011f\u0131n\u0131 g\u00f6ren bir \u00e7ocuk gibi hissederdi kendini. Ama bu \u0131\u015f\u0131k ayn\u0131 zamanda akl\u0131n \u0131\u015f\u0131\u011f\u0131 olarak, ger\u00e7e\u011fin g\u00fc\u00e7s\u00fcz aksini de\u011fil, bizzat kendisini vaat ediyordu.  Benjamin&#8217;in d\u00fc\u015f\u00fcnce sistemi yoktan yaratmak de\u011fil, var olandan kucak dolusu arma\u011fan vermekti&#8230;  1940 y\u0131l\u0131n\u0131n sonbahar\u0131nda, New York&#8217;ta \u00f6l\u00fcm haberini ald\u0131\u011f\u0131mda, ger\u00e7ekten ve kelimenin tam anlam\u0131yla, b\u00fcy\u00fck bir eserin yar\u0131m kalmas\u0131na neden olan bu \u00f6l\u00fcm\u00fcn, felsefeyi hayal edebilecek en iyi \u015feyden yoksun b\u0131rakt\u0131\u011f\u0131n\u0131 hissettim.  23. y\u00fczy\u0131l\u0131n en \u00f6nemli d\u00fc\u015f\u00fcn\u00fcrlerinden Adorno&#8217;nun kaleminden \u00fcnl\u00fc yazar, d\u00fc\u015f\u00fcn\u00fcr ve k\u00fclt\u00fcr tarih\u00e7isi Walter Benjamin. <\/p>\n","protected":false},"excerpt":{"rendered":"<p>Benjamin&#8217;in s\u00f6ylediklerinde ve yazd\u0131klar\u0131nda d\u00fc\u015f\u00fcnce, sanki mas\u0131l ve \u00e7ocuk kitaplar\u0131n\u0131n vaatlerini -kaba bir olgunlukla reddetmek yerine -oldu\u011fu gibi al\u0131yor ve b\u00f6ylece bu vaatlerin ger\u00e7ekle\u015fmesi anla\u015f\u0131l\u0131r oluyordu.<span class=\"excerpt-hellip\"> [\u2026]<\/span><\/p>\n","protected":false},"featured_media":0,"template":"","meta":{"_monsterinsights_skip_tracking":false,"_monsterinsights_sitenote_active":false,"_monsterinsights_sitenote_note":"","_monsterinsights_sitenote_category":0},"product_brand":[],"product_cat":[13661,12291],"product_tag":[],"class_list":{"0":"post-694587","1":"product","2":"type-product","3":"status-publish","5":"product_cat-diger-ulke-edebiyatlari","6":"product_cat-edebiyat","7":"pa_cilt-ciltsiz","8":"pa_tur-kitap","9":"pa_yayinevi-yapi-kredi-yayinlari","10":"pa_yazar-theodor-w-adorno","12":"first","13":"instock","14":"sale","15":"shipping-taxable","16":"purchasable","17":"product-type-simple"},"_links":{"self":[{"href":"https:\/\/roveyayinevi.com.tr\/index.php\/wp-json\/wp\/v2\/product\/694587","targetHints":{"allow":["GET"]}}],"collection":[{"href":"https:\/\/roveyayinevi.com.tr\/index.php\/wp-json\/wp\/v2\/product"}],"about":[{"href":"https:\/\/roveyayinevi.com.tr\/index.php\/wp-json\/wp\/v2\/types\/product"}],"wp:attachment":[{"href":"https:\/\/roveyayinevi.com.tr\/index.php\/wp-json\/wp\/v2\/media?parent=694587"}],"wp:term":[{"taxonomy":"product_brand","embeddable":true,"href":"https:\/\/roveyayinevi.com.tr\/index.php\/wp-json\/wp\/v2\/product_brand?post=694587"},{"taxonomy":"product_cat","embeddable":true,"href":"https:\/\/roveyayinevi.com.tr\/index.php\/wp-json\/wp\/v2\/product_cat?post=694587"},{"taxonomy":"product_tag","embeddable":true,"href":"https:\/\/roveyayinevi.com.tr\/index.php\/wp-json\/wp\/v2\/product_tag?post=694587"}],"curies":[{"name":"wp","href":"https:\/\/api.w.org\/{rel}","templated":true}]}}