{"id":694586,"date":"2025-08-27T14:21:49","date_gmt":"2025-08-27T11:21:49","guid":{"rendered":"https:\/\/roveyayinevi.com.tr\/index.php\/urun\/uzaktan-ask\/"},"modified":"2026-04-16T02:04:35","modified_gmt":"2026-04-15T23:04:35","slug":"uzaktan-ask","status":"publish","type":"product","link":"https:\/\/roveyayinevi.com.tr\/index.php\/urun\/uzaktan-ask\/","title":{"rendered":"Uzaktan A\u015fk"},"content":{"rendered":"<p>12. y\u00fczy\u0131lda, Akitanya&#8217;day\u0131z&#8230; Soylu bir ozan, Jaufre Rudel, zevk ve e\u011flenceye doymu\u015f, b\u00f6ylesi bir ya\u015fam s\u00fcrmekten b\u0131km\u0131\u015f; uzak, ar\u0131 ve sonsuz bir a\u015fk\u0131 d\u00fc\u015fl\u00fcyor&#8230; Kusursuz, d\u00fc\u015fsel bir kad\u0131n\u0131 anlat\u0131yor dizelerinde. Ve g\u00fcn\u00fcn birinde, denizler \u00f6tesinden gelen Gezgin, bu imgenin ger\u00e7ekten ya\u015fad\u0131\u011f\u0131n\u0131 haber veriyor ona. \u00c7\u0131lg\u0131na d\u00f6nen ozan\u0131n uzaktan a\u015fk \u0131n\u0131 aray\u0131\u015f\u0131 b\u00f6yle ba\u015fl\u0131yor. Daha \u00f6nce bir\u00e7ok Avrupa \u00fclkesinde g\u00f6sterimi yap\u0131lan Uzaktan A\u015fk operas\u0131n\u0131n librettosunda, Maalouf, amac\u0131na ula\u015famadan yitip giden bir sanat\u00e7\u0131 ya\u015fam\u0131n\u0131n e\u011fretilmesini sunarken, yolculuk, s\u00fcrg\u00fcn, Tanr\u0131, kimlik ve aidiyet izlekleri \u00e7evresinde bi\u00e7imlenen ve yine Bat\u0131&#8217;dan Do\u011fu&#8217;ya uzanan o dokunakl\u0131 a\u015fk ve \u00f6l\u00fcm masallar\u0131ndan birini anlat\u0131yor.<\/p>\n","protected":false},"excerpt":{"rendered":"<p>12. y\u00fczy\u0131lda, Akitanya&#8217;day\u0131z&#8230; Soylu bir ozan, Jaufre Rudel, zevk ve e\u011flenceye doymu\u015f, b\u00f6ylesi bir ya\u015fam s\u00fcrmekten b\u0131km\u0131\u015f; uzak, ar\u0131 ve sonsuz bir a\u015fk\u0131 d\u00fc\u015fl\u00fcyor&#8230; Kusursuz, d\u00fc\u015fsel<span class=\"excerpt-hellip\"> [\u2026]<\/span><\/p>\n","protected":false},"featured_media":0,"template":"","meta":{"_monsterinsights_skip_tracking":false,"_monsterinsights_sitenote_active":false,"_monsterinsights_sitenote_note":"","_monsterinsights_sitenote_category":0},"product_brand":[],"product_cat":[12291,13376],"product_tag":[],"class_list":{"0":"post-694586","1":"product","2":"type-product","3":"status-publish","5":"product_cat-edebiyat","6":"product_cat-fransiz-edebiyati","7":"pa_cilt-ciltsiz","8":"pa_tur-kitap","9":"pa_yayinevi-yapi-kredi-yayinlari","10":"pa_yazar-amin-maalouf","12":"first","13":"instock","14":"sale","15":"shipping-taxable","16":"purchasable","17":"product-type-simple"},"_links":{"self":[{"href":"https:\/\/roveyayinevi.com.tr\/index.php\/wp-json\/wp\/v2\/product\/694586","targetHints":{"allow":["GET"]}}],"collection":[{"href":"https:\/\/roveyayinevi.com.tr\/index.php\/wp-json\/wp\/v2\/product"}],"about":[{"href":"https:\/\/roveyayinevi.com.tr\/index.php\/wp-json\/wp\/v2\/types\/product"}],"wp:attachment":[{"href":"https:\/\/roveyayinevi.com.tr\/index.php\/wp-json\/wp\/v2\/media?parent=694586"}],"wp:term":[{"taxonomy":"product_brand","embeddable":true,"href":"https:\/\/roveyayinevi.com.tr\/index.php\/wp-json\/wp\/v2\/product_brand?post=694586"},{"taxonomy":"product_cat","embeddable":true,"href":"https:\/\/roveyayinevi.com.tr\/index.php\/wp-json\/wp\/v2\/product_cat?post=694586"},{"taxonomy":"product_tag","embeddable":true,"href":"https:\/\/roveyayinevi.com.tr\/index.php\/wp-json\/wp\/v2\/product_tag?post=694586"}],"curies":[{"name":"wp","href":"https:\/\/api.w.org\/{rel}","templated":true}]}}