{"id":694583,"date":"2025-08-27T14:21:49","date_gmt":"2025-08-27T11:21:49","guid":{"rendered":"https:\/\/roveyayinevi.com.tr\/index.php\/urun\/uyanislar\/"},"modified":"2026-04-16T02:04:35","modified_gmt":"2026-04-15T23:04:35","slug":"uyanislar","status":"publish","type":"product","link":"https:\/\/roveyayinevi.com.tr\/index.php\/urun\/uyanislar\/","title":{"rendered":"Uyan\u0131\u015flar"},"content":{"rendered":"<p>Uyan\u0131\u015flar, 1920&#8217;lerde d\u00fcnyan\u0131n \u00e7e\u015fitli yerlerinde g\u00f6r\u00fclen uyku hastal\u0131\u011f\u0131 salg\u0131n\u0131n\u0131n kurban\u0131 yirmi hastan\u0131n ve k\u0131rk y\u0131l sonra, Doktor Sacks&#8217;\u0131n g\u00f6zetiminde ald\u0131klar\u0131 mucize ila\u00e7 L-DOPA sayesinde inan\u0131lmaz bir \u015fekilde uyanmalar\u0131n\u0131n hikayesi. Etkileyici, cesaret dolu, hatta trajik uyan\u0131\u015flar bunlar. 1973&#8217;te yay\u0131mlanan Uyan\u0131\u015flar, daha sonra bir belgesele, radyo ve sahne oyunlar\u0131na ve ba\u015far\u0131l\u0131 bir filme konu oldu. Oliver Sacks bu kitapta uyan\u0131\u015flar \u0131n uyarlanma ser\u00fcvenini de anlat\u0131yor W.H. Auden&#8217;in bir ba\u015fyap\u0131t olarak nitelendirdi\u011fi Uyan\u0131\u015flar, Dorris Lessing&#8217;in dedi\u011fi gibi nas\u0131l bir b\u0131\u00e7ak s\u0131rt\u0131nda ya\u015fad\u0131\u011f\u0131m\u0131z\u0131 anlaman\u0131z\u0131 sa\u011fl\u0131yor. \ufffcTan\u0131t\u0131m Metni<\/p>\n","protected":false},"excerpt":{"rendered":"<p>Uyan\u0131\u015flar, 1920&#8217;lerde d\u00fcnyan\u0131n \u00e7e\u015fitli yerlerinde g\u00f6r\u00fclen uyku hastal\u0131\u011f\u0131 salg\u0131n\u0131n\u0131n kurban\u0131 yirmi hastan\u0131n ve k\u0131rk y\u0131l sonra, Doktor Sacks&#8217;\u0131n g\u00f6zetiminde ald\u0131klar\u0131 mucize ila\u00e7 L-DOPA sayesinde inan\u0131lmaz bir<span class=\"excerpt-hellip\"> [\u2026]<\/span><\/p>\n","protected":false},"featured_media":0,"template":"","meta":{"_monsterinsights_skip_tracking":false,"_monsterinsights_sitenote_active":false,"_monsterinsights_sitenote_note":"","_monsterinsights_sitenote_category":0},"product_brand":[],"product_cat":[12358,12357],"product_tag":[],"class_list":{"0":"post-694583","1":"product","2":"type-product","3":"status-publish","5":"product_cat-genel-psikoloji","6":"product_cat-psikoloji","7":"pa_cilt-ciltsiz","8":"pa_tur-kitap","9":"pa_yayinevi-yapi-kredi-yayinlari","10":"pa_yazar-oliver-sacks","12":"first","13":"instock","14":"sale","15":"shipping-taxable","16":"purchasable","17":"product-type-simple"},"_links":{"self":[{"href":"https:\/\/roveyayinevi.com.tr\/index.php\/wp-json\/wp\/v2\/product\/694583","targetHints":{"allow":["GET"]}}],"collection":[{"href":"https:\/\/roveyayinevi.com.tr\/index.php\/wp-json\/wp\/v2\/product"}],"about":[{"href":"https:\/\/roveyayinevi.com.tr\/index.php\/wp-json\/wp\/v2\/types\/product"}],"wp:attachment":[{"href":"https:\/\/roveyayinevi.com.tr\/index.php\/wp-json\/wp\/v2\/media?parent=694583"}],"wp:term":[{"taxonomy":"product_brand","embeddable":true,"href":"https:\/\/roveyayinevi.com.tr\/index.php\/wp-json\/wp\/v2\/product_brand?post=694583"},{"taxonomy":"product_cat","embeddable":true,"href":"https:\/\/roveyayinevi.com.tr\/index.php\/wp-json\/wp\/v2\/product_cat?post=694583"},{"taxonomy":"product_tag","embeddable":true,"href":"https:\/\/roveyayinevi.com.tr\/index.php\/wp-json\/wp\/v2\/product_tag?post=694583"}],"curies":[{"name":"wp","href":"https:\/\/api.w.org\/{rel}","templated":true}]}}