{"id":694580,"date":"2025-08-27T14:21:48","date_gmt":"2025-08-27T11:21:48","guid":{"rendered":"https:\/\/roveyayinevi.com.tr\/index.php\/urun\/ses-ve-ofke\/"},"modified":"2026-04-16T02:04:35","modified_gmt":"2026-04-15T23:04:35","slug":"ses-ve-ofke","status":"publish","type":"product","link":"https:\/\/roveyayinevi.com.tr\/index.php\/urun\/ses-ve-ofke\/","title":{"rendered":"Ses ve \u00d6fke"},"content":{"rendered":"<p>Yirminci y\u00fczy\u0131l\u0131n klasikleri aras\u0131na girmi\u015f, Faulkner edebiyat\u0131n\u0131n zirvelerinden biri olan Sesve \u00d6fke\u2019de, ABD\u2019nin g\u00fcneyinde ya\u015fayan Compson ailesinin da\u011f\u0131l\u0131\u015f\u0131 farkl\u0131 bilin\u00e7lerle izleniyor: Zihinsel engelli o\u011ful Benjy\u2019nin, su\u00e7luluk ve onur duygular\u0131yla azap \u00e7eken a\u011fabeyi Quentin\u2019in, sert, mant\u0131kl\u0131 ve kurnaz di\u011fer erkek karde\u015f Jason\u2019\u0131n anlat\u0131mlar\u0131yla, ailede ya\u015fananlar yava\u015f yava\u015f a\u00e7\u0131\u011fa \u00e7\u0131k\u0131yor. Faulkner\u2019\u0131n, kendine \u00f6zg\u00fc yo\u011fun dili ve kurgusuyla, ya\u015fananlar\u0131, d\u00fc\u015f\u00fcn\u00fclenleri, yay\u0131lan ya da s\u0131k\u0131\u015fan duygular\u0131 t\u00fcm bir atmosfer i\u00e7inde vermekteki ustal\u0131\u011f\u0131n\u0131 doyas\u0131ya g\u00f6steren bir roman Sesve \u00d6fke.   Ses ve \u00d6fke\u2019de, karakterlerin sahicili\u011fi ve olaylar\u0131n evrensel trajedisi, Faulkner\u2019\u0131n diliyle bir cam k\u0131r\u0131\u011f\u0131 kadar keskin, bir \u00f6fke \u00e2n\u0131 kadar y\u00fcksek sesli.     Yazd\u0131\u011f\u0131m bir roman\u0131 daha \u00f6nce yazd\u0131klar\u0131m aras\u0131ndan bana en \u00e7ok ac\u0131 ve keder verenine g\u00f6re yarg\u0131lar\u0131m, t\u0131pk\u0131 bir annenin hrs\u0131z ya da ktil olan \u00e7ocu\u011funu rahip olan \u00e7ocu\u011funa oranla daha \u00e7ok sevmesi gibi. William Faulkner (En sevdi\u011fi roman\u0131n\u0131n neden Ses ve \u00d6fke oldu\u011funu a\u00e7\u0131klarken)     Faulkner\u2019dan ba\u015fka hi\u00e7 kimse yaz\u0131ya y\u00fcre\u011finden ve ruhundan bu kadar \u00e7ok \u015fey katmam\u0131\u015ft\u0131r. Eudora Welty <\/p>\n","protected":false},"excerpt":{"rendered":"<p>Yirminci y\u00fczy\u0131l\u0131n klasikleri aras\u0131na girmi\u015f, Faulkner edebiyat\u0131n\u0131n zirvelerinden biri olan Sesve \u00d6fke\u2019de, ABD\u2019nin g\u00fcneyinde ya\u015fayan Compson ailesinin da\u011f\u0131l\u0131\u015f\u0131 farkl\u0131 bilin\u00e7lerle izleniyor: Zihinsel engelli o\u011ful Benjy\u2019nin, su\u00e7luluk<span class=\"excerpt-hellip\"> [\u2026]<\/span><\/p>\n","protected":false},"featured_media":0,"template":"","meta":{"_monsterinsights_skip_tracking":false,"_monsterinsights_sitenote_active":false,"_monsterinsights_sitenote_note":"","_monsterinsights_sitenote_category":0},"product_brand":[],"product_cat":[12891,12291],"product_tag":[],"class_list":{"0":"post-694580","1":"product","2":"type-product","3":"status-publish","5":"product_cat-amerikan-edebiyati","6":"product_cat-edebiyat","7":"pa_cilt-ciltsiz","8":"pa_tur-kitap","9":"pa_yayinevi-yapi-kredi-yayinlari","10":"pa_yazar-william-faulkner","12":"first","13":"instock","14":"sale","15":"shipping-taxable","16":"purchasable","17":"product-type-simple"},"_links":{"self":[{"href":"https:\/\/roveyayinevi.com.tr\/index.php\/wp-json\/wp\/v2\/product\/694580","targetHints":{"allow":["GET"]}}],"collection":[{"href":"https:\/\/roveyayinevi.com.tr\/index.php\/wp-json\/wp\/v2\/product"}],"about":[{"href":"https:\/\/roveyayinevi.com.tr\/index.php\/wp-json\/wp\/v2\/types\/product"}],"wp:attachment":[{"href":"https:\/\/roveyayinevi.com.tr\/index.php\/wp-json\/wp\/v2\/media?parent=694580"}],"wp:term":[{"taxonomy":"product_brand","embeddable":true,"href":"https:\/\/roveyayinevi.com.tr\/index.php\/wp-json\/wp\/v2\/product_brand?post=694580"},{"taxonomy":"product_cat","embeddable":true,"href":"https:\/\/roveyayinevi.com.tr\/index.php\/wp-json\/wp\/v2\/product_cat?post=694580"},{"taxonomy":"product_tag","embeddable":true,"href":"https:\/\/roveyayinevi.com.tr\/index.php\/wp-json\/wp\/v2\/product_tag?post=694580"}],"curies":[{"name":"wp","href":"https:\/\/api.w.org\/{rel}","templated":true}]}}