{"id":694577,"date":"2025-08-27T14:21:47","date_gmt":"2025-08-27T11:21:47","guid":{"rendered":"https:\/\/roveyayinevi.com.tr\/index.php\/urun\/sodom-ve-gomorra\/"},"modified":"2026-04-16T02:04:35","modified_gmt":"2026-04-15T23:04:35","slug":"sodom-ve-gomorra","status":"publish","type":"product","link":"https:\/\/roveyayinevi.com.tr\/index.php\/urun\/sodom-ve-gomorra\/","title":{"rendered":"Sodom ve Gomorra"},"content":{"rendered":"<p>Marcel Proust\u2019u her zaman b\u00fcy\u00fcleyen yan, insanlar\u0131n ikilikleri, \u00e7o\u011fulluklar\u0131 olmu\u015ftur. Kad\u0131n-erkekler de, erkek-kad\u0131nlar da bu nedenle Proust\u2019a daha zengin, daha karma\u015f\u0131k, daha ikircikli, dolay\u0131s\u0131yla incelenmesi daha \u00e7ekici gelmi\u015ftir. Kay\u0131p Zaman\u0131n \u0130zinde\u2019nin d\u00f6rd\u00fcnc\u00fc cildi olan Sodom ve Gomorra\u2019da da bu konular \u00fczerinde durmu\u015ftur. Kutsal Kitap\u2019ta Tanr\u0131 gazab\u0131n\u0131n yerle bir etti\u011fi kentlerin adlar\u0131 da b\u00f6ylece Kay\u0131p Zaman\u0131n \u0130zinde\u2019nin, d\u00f6nemin ahlak anlay\u0131\u015f\u0131 a\u00e7\u0131s\u0131ndan en \u00e7ok \u201ctart\u0131\u015f\u0131lan\u201d cildinin ad\u0131 olmu\u015ftur.       Kay\u0131p Zaman\u0131n \u0130zinde hem komik romand\u0131r hem trajik roman, hem ser\u00fcven roman\u0131d\u0131r hem \u015fiirsel roman, hem d\u00fc\u015flerin roman\u0131d\u0131r hem de imgeler roman\u0131&#8230;       \u201cA\u015fk [&#8230;], zihinde m\u00fcthi\u015f jeolojik kabarmalara yol a\u00e7ar. M. de Charlus\u2019\u00fcn daha birka\u00e7 g\u00fcn \u00f6ncesine kadar, yerden y\u00fckselen tek bir d\u00fc\u015f\u00fcncenin g\u00f6r\u00fclmedi\u011fi, d\u00fcmd\u00fcz bir ovaya benzeyen zihninde, birdenbire ta\u015f kadar sert s\u0131rada\u011flar y\u00fckselivermi\u015fti; \u00fcstelik bu da\u011flar \u00f6yle yontulmu\u015ftu ki, sanki bir heykelt\u0131ra\u015f mermeri ta\u015f\u0131yaca\u011f\u0131na oldu\u011fu yerde bi\u00e7imlendirmi\u015fti; \u00d6fke, K\u0131skan\u00e7l\u0131k, Merak, Arzu, Nefret, Ist\u0131rap, Gurur, Korku ve A\u015fk dev gruplar halinde dikilmekteydiler.\u201d <\/p>\n","protected":false},"excerpt":{"rendered":"<p>Marcel Proust\u2019u her zaman b\u00fcy\u00fcleyen yan, insanlar\u0131n ikilikleri, \u00e7o\u011fulluklar\u0131 olmu\u015ftur. Kad\u0131n-erkekler de, erkek-kad\u0131nlar da bu nedenle Proust\u2019a daha zengin, daha karma\u015f\u0131k, daha ikircikli, dolay\u0131s\u0131yla incelenmesi daha<span class=\"excerpt-hellip\"> [\u2026]<\/span><\/p>\n","protected":false},"featured_media":0,"template":"","meta":{"_monsterinsights_skip_tracking":false,"_monsterinsights_sitenote_active":false,"_monsterinsights_sitenote_note":"","_monsterinsights_sitenote_category":0},"product_brand":[],"product_cat":[12291,13376],"product_tag":[],"class_list":{"0":"post-694577","1":"product","2":"type-product","3":"status-publish","5":"product_cat-edebiyat","6":"product_cat-fransiz-edebiyati","7":"pa_cilt-ciltsiz","8":"pa_tur-kitap","9":"pa_yayinevi-yapi-kredi-yayinlari","10":"pa_yazar-marcel-proust","12":"first","13":"instock","14":"sale","15":"shipping-taxable","16":"purchasable","17":"product-type-simple"},"_links":{"self":[{"href":"https:\/\/roveyayinevi.com.tr\/index.php\/wp-json\/wp\/v2\/product\/694577","targetHints":{"allow":["GET"]}}],"collection":[{"href":"https:\/\/roveyayinevi.com.tr\/index.php\/wp-json\/wp\/v2\/product"}],"about":[{"href":"https:\/\/roveyayinevi.com.tr\/index.php\/wp-json\/wp\/v2\/types\/product"}],"wp:attachment":[{"href":"https:\/\/roveyayinevi.com.tr\/index.php\/wp-json\/wp\/v2\/media?parent=694577"}],"wp:term":[{"taxonomy":"product_brand","embeddable":true,"href":"https:\/\/roveyayinevi.com.tr\/index.php\/wp-json\/wp\/v2\/product_brand?post=694577"},{"taxonomy":"product_cat","embeddable":true,"href":"https:\/\/roveyayinevi.com.tr\/index.php\/wp-json\/wp\/v2\/product_cat?post=694577"},{"taxonomy":"product_tag","embeddable":true,"href":"https:\/\/roveyayinevi.com.tr\/index.php\/wp-json\/wp\/v2\/product_tag?post=694577"}],"curies":[{"name":"wp","href":"https:\/\/api.w.org\/{rel}","templated":true}]}}