{"id":694573,"date":"2025-08-27T14:21:46","date_gmt":"2025-08-27T11:21:46","guid":{"rendered":"https:\/\/roveyayinevi.com.tr\/index.php\/urun\/turkiye-ortam-sorunlari-cografyasi\/"},"modified":"2026-04-16T02:04:35","modified_gmt":"2026-04-15T23:04:35","slug":"turkiye-ortam-sorunlari-cografyasi","status":"publish","type":"product","link":"https:\/\/roveyayinevi.com.tr\/index.php\/urun\/turkiye-ortam-sorunlari-cografyasi\/","title":{"rendered":"T\u00fcrkiye Ortam Sorunlar\u0131 Co\u011frafyas\u0131"},"content":{"rendered":"<p>G\u00fcn\u00fcm\u00fczde d\u00fcnya ekosisteminin ortamla ilgili olan sorunlar\u0131, hem \u00e7ok \u00e7e\u015fitli, hem de ekosistemdeki etki paylar\u0131 \u00e7ok farkl\u0131d\u0131r. \u00d6zellikle, geli\u015fmi\u015f \u00fclkelerin \u00fczerinde fazlas\u0131yla durduklar\u0131 ortam ve onun sorunlar\u0131n\u0131n incelenmesi, T\u00fcrkiye i\u00e7in olduk\u00e7a yenidir. Bu nedenle eserde, ekolojik ortam olarak T\u00fcrkiye se\u00e7ilmi\u015f olup, atmosfer, su ve hava ekosistemleri ayr\u0131 ayr\u0131 incelenerek, sorunlar\u0131 belirlenmeye \u00e7al\u0131\u015f\u0131lm\u0131\u015ft\u0131r. \ufffcTan\u0131t\u0131m Metni<\/p>\n","protected":false},"excerpt":{"rendered":"<p>G\u00fcn\u00fcm\u00fczde d\u00fcnya ekosisteminin ortamla ilgili olan sorunlar\u0131, hem \u00e7ok \u00e7e\u015fitli, hem de ekosistemdeki etki paylar\u0131 \u00e7ok farkl\u0131d\u0131r. \u00d6zellikle, geli\u015fmi\u015f \u00fclkelerin \u00fczerinde fazlas\u0131yla durduklar\u0131 ortam ve onun<span class=\"excerpt-hellip\"> [\u2026]<\/span><\/p>\n","protected":false},"featured_media":0,"template":"","meta":{"_monsterinsights_skip_tracking":false,"_monsterinsights_sitenote_active":false,"_monsterinsights_sitenote_note":"","_monsterinsights_sitenote_category":0},"product_brand":[],"product_cat":[13043,14144],"product_tag":[],"class_list":{"0":"post-694573","1":"product","2":"type-product","3":"status-publish","5":"product_cat-ekonomi","6":"product_cat-turkiye-ekonomisi","7":"pa_tur-kitap","8":"pa_yayinevi-yeditepe-yayinevi-ders-kitaplari","9":"pa_yazar-nuriye-garipagaoglu","11":"first","12":"instock","13":"sale","14":"shipping-taxable","15":"purchasable","16":"product-type-simple"},"_links":{"self":[{"href":"https:\/\/roveyayinevi.com.tr\/index.php\/wp-json\/wp\/v2\/product\/694573","targetHints":{"allow":["GET"]}}],"collection":[{"href":"https:\/\/roveyayinevi.com.tr\/index.php\/wp-json\/wp\/v2\/product"}],"about":[{"href":"https:\/\/roveyayinevi.com.tr\/index.php\/wp-json\/wp\/v2\/types\/product"}],"wp:attachment":[{"href":"https:\/\/roveyayinevi.com.tr\/index.php\/wp-json\/wp\/v2\/media?parent=694573"}],"wp:term":[{"taxonomy":"product_brand","embeddable":true,"href":"https:\/\/roveyayinevi.com.tr\/index.php\/wp-json\/wp\/v2\/product_brand?post=694573"},{"taxonomy":"product_cat","embeddable":true,"href":"https:\/\/roveyayinevi.com.tr\/index.php\/wp-json\/wp\/v2\/product_cat?post=694573"},{"taxonomy":"product_tag","embeddable":true,"href":"https:\/\/roveyayinevi.com.tr\/index.php\/wp-json\/wp\/v2\/product_tag?post=694573"}],"curies":[{"name":"wp","href":"https:\/\/api.w.org\/{rel}","templated":true}]}}