{"id":694572,"date":"2025-08-27T14:21:46","date_gmt":"2025-08-27T11:21:46","guid":{"rendered":"https:\/\/roveyayinevi.com.tr\/index.php\/urun\/cografyaya-davet\/"},"modified":"2026-04-16T02:04:35","modified_gmt":"2026-04-15T23:04:35","slug":"cografyaya-davet","status":"publish","type":"product","link":"https:\/\/roveyayinevi.com.tr\/index.php\/urun\/cografyaya-davet\/","title":{"rendered":"Co\u011frafya\u2019ya Davet"},"content":{"rendered":"<p>Bu kitap, T\u00fcrkiye \u00fcniversitelerinde co\u011frafya b\u00f6l\u00fcmlerinde \u00f6\u011fretime ba\u015flayan \u00f6\u011frenciler ile co\u011frafya bilimiyle tan\u0131\u015fmak isteyen \u00fcniversiteden ve d\u0131\u015far\u0131dan her okuyucuya bir davettir. burada \u00f6zellikle \u00e7a\u011fr\u0131, \u00e7a\u011f\u0131rma anlam\u0131na gelen davet kelimesi kullan\u0131lm\u0131\u015f olup nedeni hem ger\u00e7ek anlamda okuyucuyu co\u011frafyaya \u00e7a\u011f\u0131rmak hem de di\u011fer co\u011frafyaya giri\u015f kitaplar\u0131ndan farkl\u0131 bir kitap oldu\u011funu vurgulamakt\u0131r. \ufffcTan\u0131t\u0131m Metni<\/p>\n","protected":false},"excerpt":{"rendered":"<p>Bu kitap, T\u00fcrkiye \u00fcniversitelerinde co\u011frafya b\u00f6l\u00fcmlerinde \u00f6\u011fretime ba\u015flayan \u00f6\u011frenciler ile co\u011frafya bilimiyle tan\u0131\u015fmak isteyen \u00fcniversiteden ve d\u0131\u015far\u0131dan her okuyucuya bir davettir. burada \u00f6zellikle \u00e7a\u011fr\u0131, \u00e7a\u011f\u0131rma anlam\u0131na<span class=\"excerpt-hellip\"> [\u2026]<\/span><\/p>\n","protected":false},"featured_media":0,"template":"","meta":{"_monsterinsights_skip_tracking":false,"_monsterinsights_sitenote_active":false,"_monsterinsights_sitenote_note":"","_monsterinsights_sitenote_category":0},"product_brand":[],"product_cat":[12364],"product_tag":[],"class_list":{"0":"post-694572","1":"product","2":"type-product","3":"status-publish","5":"product_cat-genel-konular","6":"pa_cilt-ciltsiz","7":"pa_tur-kitap","8":"pa_yayinevi-yeditepe-yayinevi-ders-kitaplari","9":"pa_yazar-osman-gumuscu","11":"first","12":"instock","13":"sale","14":"shipping-taxable","15":"purchasable","16":"product-type-simple"},"_links":{"self":[{"href":"https:\/\/roveyayinevi.com.tr\/index.php\/wp-json\/wp\/v2\/product\/694572","targetHints":{"allow":["GET"]}}],"collection":[{"href":"https:\/\/roveyayinevi.com.tr\/index.php\/wp-json\/wp\/v2\/product"}],"about":[{"href":"https:\/\/roveyayinevi.com.tr\/index.php\/wp-json\/wp\/v2\/types\/product"}],"wp:attachment":[{"href":"https:\/\/roveyayinevi.com.tr\/index.php\/wp-json\/wp\/v2\/media?parent=694572"}],"wp:term":[{"taxonomy":"product_brand","embeddable":true,"href":"https:\/\/roveyayinevi.com.tr\/index.php\/wp-json\/wp\/v2\/product_brand?post=694572"},{"taxonomy":"product_cat","embeddable":true,"href":"https:\/\/roveyayinevi.com.tr\/index.php\/wp-json\/wp\/v2\/product_cat?post=694572"},{"taxonomy":"product_tag","embeddable":true,"href":"https:\/\/roveyayinevi.com.tr\/index.php\/wp-json\/wp\/v2\/product_tag?post=694572"}],"curies":[{"name":"wp","href":"https:\/\/api.w.org\/{rel}","templated":true}]}}