{"id":694571,"date":"2025-08-27T14:21:46","date_gmt":"2025-08-27T11:21:46","guid":{"rendered":"https:\/\/roveyayinevi.com.tr\/index.php\/urun\/zaman-ve-anlati-2\/"},"modified":"2026-04-16T02:04:35","modified_gmt":"2026-04-15T23:04:35","slug":"zaman-ve-anlati-2","status":"publish","type":"product","link":"https:\/\/roveyayinevi.com.tr\/index.php\/urun\/zaman-ve-anlati-2\/","title":{"rendered":"Zaman ve Anlat\u0131 2"},"content":{"rendered":"<p>Frans\u0131z felsefecisi ve yorumbilimcisi Paul Ricoeur&#8217;\u00fcn (1913-2005) anlat\u0131 yorumbilimi alan\u0131ndaki ba\u015fyap\u0131t\u0131 olarak nitelendirebilece\u011fimiz Zaman ve Anlat\u0131 T\u00fcrk\u00e7e&#8217;de d\u00f6rt cilt olarak yay\u0131mlanacak. Yazar\u0131n kurumsal g\u00f6r\u00fc\u015flerini temellendirdi\u011fi birinci cilt, Zaman-Olay\u00f6rg\u00fcs\u00fc-\u00dc\u00e7l\u00fc Mimesis altba\u015fl\u0131\u011f\u0131yla 2007&#8217;de yay\u0131mland\u0131. Tarih ve Anlat\u0131 altba\u015fl\u0131\u011f\u0131n\u0131 ta\u015f\u0131yan bu ikinci ciltte, P. Ricoeur zaman ve olay\u00f6rg\u00fcs\u00fc (anlat\u0131) aras\u0131ndaki ili\u015fkiyi yorumlarken, \u00f6yk\u00fclemeye kar\u015f\u0131 \u00e7\u0131kan tarih yazarlar\u0131 ile \u00f6yk\u00fclemeye a\u011f\u0131rl\u0131k veren tarih anlama aras\u0131ndaki kar\u015f\u0131tl\u0131\u011f\u0131n belirgin \u00f6zelliklerini g\u00f6steriyor, tarihyaz\u0131m\u0131ndaki olay tarih\u00e7ili\u011fi ile uzun s\u00fcre tarih\u00e7ili\u011fini en nice ayr\u0131nt\u0131lar\u0131na kadar \u00e7\u00f6z\u00fcml\u00fcyor, k\u0131sacas\u0131 tarihi yaz\u0131\u015f bi\u00e7imlerinin felsefi temellerini sorguluyor. P. Ricoeur tarihsel anlat\u0131ya y\u00f6nelik bu ara\u015ft\u0131rmay\u0131 geli\u015ftirirken, kendine \u00f6zg\u00fc yorumbilimsel (hermen\u00f6tik) kaz\u0131 i\u015flemini, tarihyaz\u0131m\u0131nda ve tarih felsefesinde \u00f6nde gelen \u015fu adlar\u0131n temel yap\u0131tlar\u0131na uyguluyor: P. Aries, R. Aron, M. Bloch, F. Braudel, A. Danto, W. Dray, G. Duby, Ch. Frankel, F. Furet, W. B. Gallie, P. Gardiner, C. G. Hempel, E. Husserl, E. Labrousse, J. Le Goff, M. Mandelbaum, H. -I. Marrou, L. O. Mink, E. Nagel, G. Ryle, F. Simiand, P. Veyne, M. Vovelle, M. Weber, H. White, H. von Wright, vb. \ufffcTan\u0131t\u0131m Metni<\/p>\n","protected":false},"excerpt":{"rendered":"<p>Frans\u0131z felsefecisi ve yorumbilimcisi Paul Ricoeur&#8217;\u00fcn (1913-2005) anlat\u0131 yorumbilimi alan\u0131ndaki ba\u015fyap\u0131t\u0131 olarak nitelendirebilece\u011fimiz Zaman ve Anlat\u0131 T\u00fcrk\u00e7e&#8217;de d\u00f6rt cilt olarak yay\u0131mlanacak. Yazar\u0131n kurumsal g\u00f6r\u00fc\u015flerini temellendirdi\u011fi birinci<span class=\"excerpt-hellip\"> [\u2026]<\/span><\/p>\n","protected":false},"featured_media":0,"template":"","meta":{"_monsterinsights_skip_tracking":false,"_monsterinsights_sitenote_active":false,"_monsterinsights_sitenote_note":"","_monsterinsights_sitenote_category":0},"product_brand":[],"product_cat":[12291,13376],"product_tag":[],"class_list":{"0":"post-694571","1":"product","2":"type-product","3":"status-publish","5":"product_cat-edebiyat","6":"product_cat-fransiz-edebiyati","7":"pa_cilt-ciltsiz","8":"pa_tur-kitap","9":"pa_yayinevi-yapi-kredi-yayinlari","10":"pa_yazar-paul-ricoeur","12":"first","13":"instock","14":"sale","15":"shipping-taxable","16":"purchasable","17":"product-type-simple"},"_links":{"self":[{"href":"https:\/\/roveyayinevi.com.tr\/index.php\/wp-json\/wp\/v2\/product\/694571","targetHints":{"allow":["GET"]}}],"collection":[{"href":"https:\/\/roveyayinevi.com.tr\/index.php\/wp-json\/wp\/v2\/product"}],"about":[{"href":"https:\/\/roveyayinevi.com.tr\/index.php\/wp-json\/wp\/v2\/types\/product"}],"wp:attachment":[{"href":"https:\/\/roveyayinevi.com.tr\/index.php\/wp-json\/wp\/v2\/media?parent=694571"}],"wp:term":[{"taxonomy":"product_brand","embeddable":true,"href":"https:\/\/roveyayinevi.com.tr\/index.php\/wp-json\/wp\/v2\/product_brand?post=694571"},{"taxonomy":"product_cat","embeddable":true,"href":"https:\/\/roveyayinevi.com.tr\/index.php\/wp-json\/wp\/v2\/product_cat?post=694571"},{"taxonomy":"product_tag","embeddable":true,"href":"https:\/\/roveyayinevi.com.tr\/index.php\/wp-json\/wp\/v2\/product_tag?post=694571"}],"curies":[{"name":"wp","href":"https:\/\/api.w.org\/{rel}","templated":true}]}}