{"id":694570,"date":"2025-08-27T14:21:45","date_gmt":"2025-08-27T11:21:45","guid":{"rendered":"https:\/\/roveyayinevi.com.tr\/index.php\/urun\/amok-usta-isi\/"},"modified":"2026-04-16T02:04:35","modified_gmt":"2026-04-15T23:04:35","slug":"amok-usta-isi","status":"publish","type":"product","link":"https:\/\/roveyayinevi.com.tr\/index.php\/urun\/amok-usta-isi\/","title":{"rendered":"Amok &#8211; Usta \u0130\u015fi"},"content":{"rendered":"<p>Kendi halinde ya\u015fayan bir k\u00f6y doktorunun hayat\u0131, y\u00fcz\u00fcn\u00fc t\u00fclle gizleyen esrarengiz bir kad\u0131n\u0131n yasad\u0131\u015f\u0131 k\u00fcrtaj i\u00e7in kap\u0131s\u0131n\u0131 \u00e7almas\u0131yla \u00e7\u0131\u011f\u0131r\u0131ndan \u00e7\u0131kar. Kad\u0131n evine girdikten bir saat sonra, doktor ge\u00e7mi\u015fini bir kenara f\u0131rlatarak bo\u015flu\u011fa at\u0131lm\u0131\u015f; sonunda her \u015feyini yitirece\u011fi o \u00e7\u0131lg\u0131n ko\u015fuya ba\u015flam\u0131\u015ft\u0131r, t\u0131pk\u0131 bir amok gibi&#8230; \ufffcTan\u0131t\u0131m Metni<\/p>\n","protected":false},"excerpt":{"rendered":"<p>Kendi halinde ya\u015fayan bir k\u00f6y doktorunun hayat\u0131, y\u00fcz\u00fcn\u00fc t\u00fclle gizleyen esrarengiz bir kad\u0131n\u0131n yasad\u0131\u015f\u0131 k\u00fcrtaj i\u00e7in kap\u0131s\u0131n\u0131 \u00e7almas\u0131yla \u00e7\u0131\u011f\u0131r\u0131ndan \u00e7\u0131kar. Kad\u0131n evine girdikten bir saat sonra,<span class=\"excerpt-hellip\"> [\u2026]<\/span><\/p>\n","protected":false},"featured_media":0,"template":"","meta":{"_monsterinsights_skip_tracking":false,"_monsterinsights_sitenote_active":false,"_monsterinsights_sitenote_note":"","_monsterinsights_sitenote_category":0},"product_brand":[],"product_cat":[12782,12291],"product_tag":[],"class_list":{"0":"post-694570","1":"product","2":"type-product","3":"status-publish","5":"product_cat-alman-edebiyati","6":"product_cat-edebiyat","7":"pa_cilt-ciltsiz","8":"pa_tur-kitap","9":"pa_yayinevi-yordam-kitap","10":"pa_yazar-stefan-zweig","12":"first","13":"instock","14":"sale","15":"shipping-taxable","16":"purchasable","17":"product-type-simple"},"_links":{"self":[{"href":"https:\/\/roveyayinevi.com.tr\/index.php\/wp-json\/wp\/v2\/product\/694570","targetHints":{"allow":["GET"]}}],"collection":[{"href":"https:\/\/roveyayinevi.com.tr\/index.php\/wp-json\/wp\/v2\/product"}],"about":[{"href":"https:\/\/roveyayinevi.com.tr\/index.php\/wp-json\/wp\/v2\/types\/product"}],"wp:attachment":[{"href":"https:\/\/roveyayinevi.com.tr\/index.php\/wp-json\/wp\/v2\/media?parent=694570"}],"wp:term":[{"taxonomy":"product_brand","embeddable":true,"href":"https:\/\/roveyayinevi.com.tr\/index.php\/wp-json\/wp\/v2\/product_brand?post=694570"},{"taxonomy":"product_cat","embeddable":true,"href":"https:\/\/roveyayinevi.com.tr\/index.php\/wp-json\/wp\/v2\/product_cat?post=694570"},{"taxonomy":"product_tag","embeddable":true,"href":"https:\/\/roveyayinevi.com.tr\/index.php\/wp-json\/wp\/v2\/product_tag?post=694570"}],"curies":[{"name":"wp","href":"https:\/\/api.w.org\/{rel}","templated":true}]}}