{"id":694569,"date":"2025-08-27T14:21:45","date_gmt":"2025-08-27T11:21:45","guid":{"rendered":"https:\/\/roveyayinevi.com.tr\/index.php\/urun\/tanzimat-oncesi-osmanli-tarihi-arastirma-rehberi\/"},"modified":"2026-04-16T02:04:35","modified_gmt":"2026-04-15T23:04:35","slug":"tanzimat-oncesi-osmanli-tarihi-arastirma-rehberi","status":"publish","type":"product","link":"https:\/\/roveyayinevi.com.tr\/index.php\/urun\/tanzimat-oncesi-osmanli-tarihi-arastirma-rehberi\/","title":{"rendered":"Tanzimat \u00d6ncesi Osmanl\u0131 Tarihi Ara\u015ft\u0131rma Rehberi"},"content":{"rendered":"<p>Osmanl\u0131 Tarihi Ara\u015ft\u0131rma Rehberi  Osmanl\u0131 siyasi tarihi \u00fczerinde ara\u015ft\u0131rma yapmak isteyenler i\u00e7in vazge\u00e7ilmez bir el kitab\u0131d\u0131r. Osmanl\u0131 tarihinin ana kaynaklar\u0131 olan kronikler, \u015fehn\u00e2meler, gazavatn\u00e2meler, fetihn\u00e2meler, sefaretn\u00e2meler, \u0131slahatn\u00e2meler, surn\u00e2meler ve biyografi kitaplar\u0131 ile Osmanl\u0131 \u0130mparatorlu\u011fu i\u00e7in T\u00fcrk tarihleri kadar \u00f6nemli olan yabanc\u0131 kaynaklar (Arap, Bizans, Bulgar, \u0130ran, \u0130talyan, Macar ve S\u0131rp) hakk\u0131nda bir ara\u015ft\u0131rmac\u0131n\u0131n ihtiya\u00e7 duyaca\u011f\u0131 bilgilere bu eser vas\u0131tas\u0131yla ula\u015f\u0131labilir. Ayr\u0131ca eserde Tanzimat\u2019a kadar Osmanl\u0131 siyasi tarihi hakk\u0131nda yap\u0131lm\u0131\u015f ara\u015ft\u0131rmalar da \u00e7ok geni\u015f bir bi\u00e7imde kronolojik s\u0131rayla verilmi\u015ftir. <\/p>\n","protected":false},"excerpt":{"rendered":"<p>Osmanl\u0131 Tarihi Ara\u015ft\u0131rma Rehberi Osmanl\u0131 siyasi tarihi \u00fczerinde ara\u015ft\u0131rma yapmak isteyenler i\u00e7in vazge\u00e7ilmez bir el kitab\u0131d\u0131r. Osmanl\u0131 tarihinin ana kaynaklar\u0131 olan kronikler, \u015fehn\u00e2meler, gazavatn\u00e2meler, fetihn\u00e2meler, sefaretn\u00e2meler,<span class=\"excerpt-hellip\"> [\u2026]<\/span><\/p>\n","protected":false},"featured_media":0,"template":"","meta":{"_monsterinsights_skip_tracking":false,"_monsterinsights_sitenote_active":false,"_monsterinsights_sitenote_note":"","_monsterinsights_sitenote_category":0},"product_brand":[],"product_cat":[13517,12304],"product_tag":[],"class_list":{"0":"post-694569","1":"product","2":"type-product","3":"status-publish","5":"product_cat-osmanli-tarihi","6":"product_cat-tarih","7":"pa_tur-kitap","8":"pa_yayinevi-yeditepe-yayinevi","9":"pa_yazar-erhan-afyoncu","11":"first","12":"instock","13":"sale","14":"shipping-taxable","15":"purchasable","16":"product-type-simple"},"_links":{"self":[{"href":"https:\/\/roveyayinevi.com.tr\/index.php\/wp-json\/wp\/v2\/product\/694569","targetHints":{"allow":["GET"]}}],"collection":[{"href":"https:\/\/roveyayinevi.com.tr\/index.php\/wp-json\/wp\/v2\/product"}],"about":[{"href":"https:\/\/roveyayinevi.com.tr\/index.php\/wp-json\/wp\/v2\/types\/product"}],"wp:attachment":[{"href":"https:\/\/roveyayinevi.com.tr\/index.php\/wp-json\/wp\/v2\/media?parent=694569"}],"wp:term":[{"taxonomy":"product_brand","embeddable":true,"href":"https:\/\/roveyayinevi.com.tr\/index.php\/wp-json\/wp\/v2\/product_brand?post=694569"},{"taxonomy":"product_cat","embeddable":true,"href":"https:\/\/roveyayinevi.com.tr\/index.php\/wp-json\/wp\/v2\/product_cat?post=694569"},{"taxonomy":"product_tag","embeddable":true,"href":"https:\/\/roveyayinevi.com.tr\/index.php\/wp-json\/wp\/v2\/product_tag?post=694569"}],"curies":[{"name":"wp","href":"https:\/\/api.w.org\/{rel}","templated":true}]}}