{"id":694567,"date":"2025-08-27T14:21:45","date_gmt":"2025-08-27T11:21:45","guid":{"rendered":"https:\/\/roveyayinevi.com.tr\/index.php\/urun\/ingilizce-turkce-satranc-sozlugu\/"},"modified":"2026-04-16T02:04:35","modified_gmt":"2026-04-15T23:04:35","slug":"ingilizce-turkce-satranc-sozlugu","status":"publish","type":"product","link":"https:\/\/roveyayinevi.com.tr\/index.php\/urun\/ingilizce-turkce-satranc-sozlugu\/","title":{"rendered":"\u0130ngilizce &#8211; T\u00fcrk\u00e7e Satran\u00e7 S\u00f6zl\u00fc\u011f\u00fc"},"content":{"rendered":"<p>Sevgili \u00e7ocuklar, D\u00fc\u015f\u00fcnebiliyor musunuz, bir kitapla hem \u0130ngilizce \u00f6\u011freneceksiniz hem de satran\u00e7.\u0130ngilizce size ba\u015fka uluslar\u0131n insanlarla bir araya geldi\u011finizde onlarla konu\u015fman\u0131z\u0131, anla\u015fman\u0131z\u0131 sa\u011flar.Satranc\u0131n yararlar\u0131na gelince o kadar \u00e7ok ki, ben burada bir ka\u00e7\u0131n\u0131 sayay\u0131m, di\u011ferlerini de siz oynad\u0131k\u00e7a g\u00f6receksiniz:Sevgili anne babalar,Bilginin, teknolojinin h\u0131zla geli\u015fti\u011fi g\u00fcn\u00fcm\u00fczde \u00e7ocuklar\u0131m\u0131z\u0131 m\u00fcmk\u00fcn olabilen en k\u00fc\u00e7\u00fck ya\u015ftan ba\u015flayarak en do\u011fru \u015fekilde e\u011fitmek \u00e7ok \u00f6nemli. En k\u00fc\u00e7\u00fck ya\u015ftan ba\u015flayarak en do\u011fru \u015fekilde e\u011fitim diyorum \u00e7\u00fcnk\u00fc ge\u00e7en zaman\u0131n da telafisi yok. Onun i\u00e7in az zamanda bir\u00e7ok se\u00e7enek i\u00e7inde en do\u011fruyu se\u00e7meye, se\u00e7ilen tercihin sorumlulu\u011funu ta\u015f\u0131maya katk\u0131 sunan satranc\u0131 \u00f6nemsiyorum.\u0130ngilizceyi \u00f6nemsiyorum \u00e7\u00fcnk\u00fc g\u00fcn\u00fcm\u00fcz\u00fcn olmazsa olmaz\u0131, yabanc\u0131 d\u00fcnyalar\u0131n vazge\u00e7ilmez kap\u0131s\u0131&#8230;.Elinizdeki kitab\u0131n \u00e7ocuklar\u0131m\u0131z\u0131n bilgi d\u00fcnyas\u0131nda bir k\u0131v\u0131lc\u0131m olmas\u0131 dileklerimle&#8230; <\/p>\n","protected":false},"excerpt":{"rendered":"<p>Sevgili \u00e7ocuklar, D\u00fc\u015f\u00fcnebiliyor musunuz, bir kitapla hem \u0130ngilizce \u00f6\u011freneceksiniz hem de satran\u00e7.\u0130ngilizce size ba\u015fka uluslar\u0131n insanlarla bir araya geldi\u011finizde onlarla konu\u015fman\u0131z\u0131, anla\u015fman\u0131z\u0131 sa\u011flar.Satranc\u0131n yararlar\u0131na gelince o<span class=\"excerpt-hellip\"> [\u2026]<\/span><\/p>\n","protected":false},"featured_media":0,"template":"","meta":{"_monsterinsights_skip_tracking":false,"_monsterinsights_sitenote_active":false,"_monsterinsights_sitenote_note":"","_monsterinsights_sitenote_category":0},"product_brand":[],"product_cat":[15563,24020],"product_tag":[],"class_list":{"0":"post-694567","1":"product","2":"type-product","3":"status-publish","5":"product_cat-hobi","6":"product_cat-kultur","7":"pa_cilt-ciltsiz","8":"pa_tur-kitap","9":"pa_yayinevi-delta-kultur-yayinevi","10":"pa_yazar-nilufer-cinar-corlulu","12":"first","13":"instock","14":"sale","15":"shipping-taxable","16":"purchasable","17":"product-type-simple"},"_links":{"self":[{"href":"https:\/\/roveyayinevi.com.tr\/index.php\/wp-json\/wp\/v2\/product\/694567","targetHints":{"allow":["GET"]}}],"collection":[{"href":"https:\/\/roveyayinevi.com.tr\/index.php\/wp-json\/wp\/v2\/product"}],"about":[{"href":"https:\/\/roveyayinevi.com.tr\/index.php\/wp-json\/wp\/v2\/types\/product"}],"wp:attachment":[{"href":"https:\/\/roveyayinevi.com.tr\/index.php\/wp-json\/wp\/v2\/media?parent=694567"}],"wp:term":[{"taxonomy":"product_brand","embeddable":true,"href":"https:\/\/roveyayinevi.com.tr\/index.php\/wp-json\/wp\/v2\/product_brand?post=694567"},{"taxonomy":"product_cat","embeddable":true,"href":"https:\/\/roveyayinevi.com.tr\/index.php\/wp-json\/wp\/v2\/product_cat?post=694567"},{"taxonomy":"product_tag","embeddable":true,"href":"https:\/\/roveyayinevi.com.tr\/index.php\/wp-json\/wp\/v2\/product_tag?post=694567"}],"curies":[{"name":"wp","href":"https:\/\/api.w.org\/{rel}","templated":true}]}}