{"id":694566,"date":"2025-08-27T14:21:44","date_gmt":"2025-08-27T11:21:44","guid":{"rendered":"https:\/\/roveyayinevi.com.tr\/index.php\/urun\/zulmun-artsin\/"},"modified":"2026-04-16T02:04:35","modified_gmt":"2026-04-15T23:04:35","slug":"zulmun-artsin","status":"publish","type":"product","link":"https:\/\/roveyayinevi.com.tr\/index.php\/urun\/zulmun-artsin\/","title":{"rendered":"Zulm\u00fcn Arts\u0131n"},"content":{"rendered":"<p>Zulm\u00fcn Arts\u0131n, Baldaki Tuz, A\u011fac\u0131n \u00c7\u00fcr\u00fc\u011f\u00fc ve Ustad\u0131r Ar\u0131 Ya\u015far Kemal&#8217;in gazetelerde, dergilerde yay\u0131nlanm\u0131\u015f toplumcu ve ger\u00e7ek\u00e7i bir bak\u0131\u015f a\u00e7\u0131s\u0131yla kaleme ald\u0131\u011f\u0131 yaz\u0131lar\u0131ndan ve konu\u015fmalar\u0131ndan derlenmi\u015ftir. Onun d\u00fc\u015f\u00fcnce ve yazarl\u0131k ser\u00fcvenine tan\u0131kl\u0131k eden bu yaz\u0131lar halk\u0131n y\u0131llard\u0131r i\u00e7ine s\u00fcr\u00fcklendi\u011fi karanl\u0131\u011f\u0131n belgeleridir. Egede, Akdeniz y\u00f6relerinde gene ormanlar yan\u0131yor. Benim \u015fa\u015f\u0131rd\u0131\u011f\u0131m daha yanacak orman kald\u0131\u011f\u0131d\u0131r. Nereden buluyorlar da, bu kadar orman\u0131 yak\u0131yorlar? Ben bu y\u00f6relerde dikili a\u011fa\u00e7 kalmad\u0131\u011f\u0131n\u0131 san\u0131yordum. Demek ki yan\u0131lm\u0131\u015f\u0131m. \u00d6ld\u00fcrmeyen Allah \u00f6ld\u00fcrmez derler, \u015fu orman\u0131 da bitirmeyen Allah bir t\u00fcrl\u00fc bitirmiyor demek ki. Ya\u015far Kemal<\/p>\n","protected":false},"excerpt":{"rendered":"<p>Zulm\u00fcn Arts\u0131n, Baldaki Tuz, A\u011fac\u0131n \u00c7\u00fcr\u00fc\u011f\u00fc ve Ustad\u0131r Ar\u0131 Ya\u015far Kemal&#8217;in gazetelerde, dergilerde yay\u0131nlanm\u0131\u015f toplumcu ve ger\u00e7ek\u00e7i bir bak\u0131\u015f a\u00e7\u0131s\u0131yla kaleme ald\u0131\u011f\u0131 yaz\u0131lar\u0131ndan ve konu\u015fmalar\u0131ndan derlenmi\u015ftir.<span class=\"excerpt-hellip\"> [\u2026]<\/span><\/p>\n","protected":false},"featured_media":0,"template":"","meta":{"_monsterinsights_skip_tracking":false,"_monsterinsights_sitenote_active":false,"_monsterinsights_sitenote_note":"","_monsterinsights_sitenote_category":0},"product_brand":[],"product_cat":[12337],"product_tag":[],"class_list":{"0":"post-694566","1":"product","2":"type-product","3":"status-publish","5":"product_cat-politika-siyaset","6":"pa_cilt-ciltsiz","7":"pa_tur-kitap","8":"pa_yayinevi-yapi-kredi-yayinlari","9":"pa_yazar-yasar-kemal","11":"first","12":"instock","13":"sale","14":"shipping-taxable","15":"purchasable","16":"product-type-simple"},"_links":{"self":[{"href":"https:\/\/roveyayinevi.com.tr\/index.php\/wp-json\/wp\/v2\/product\/694566","targetHints":{"allow":["GET"]}}],"collection":[{"href":"https:\/\/roveyayinevi.com.tr\/index.php\/wp-json\/wp\/v2\/product"}],"about":[{"href":"https:\/\/roveyayinevi.com.tr\/index.php\/wp-json\/wp\/v2\/types\/product"}],"wp:attachment":[{"href":"https:\/\/roveyayinevi.com.tr\/index.php\/wp-json\/wp\/v2\/media?parent=694566"}],"wp:term":[{"taxonomy":"product_brand","embeddable":true,"href":"https:\/\/roveyayinevi.com.tr\/index.php\/wp-json\/wp\/v2\/product_brand?post=694566"},{"taxonomy":"product_cat","embeddable":true,"href":"https:\/\/roveyayinevi.com.tr\/index.php\/wp-json\/wp\/v2\/product_cat?post=694566"},{"taxonomy":"product_tag","embeddable":true,"href":"https:\/\/roveyayinevi.com.tr\/index.php\/wp-json\/wp\/v2\/product_tag?post=694566"}],"curies":[{"name":"wp","href":"https:\/\/api.w.org\/{rel}","templated":true}]}}