{"id":694560,"date":"2025-08-27T14:21:43","date_gmt":"2025-08-27T11:21:43","guid":{"rendered":"https:\/\/roveyayinevi.com.tr\/index.php\/urun\/zaman-disi-yasam\/"},"modified":"2026-04-16T02:04:35","modified_gmt":"2026-04-15T23:04:35","slug":"zaman-disi-yasam","status":"publish","type":"product","link":"https:\/\/roveyayinevi.com.tr\/index.php\/urun\/zaman-disi-yasam\/","title":{"rendered":"Zaman D\u0131\u015f\u0131 Ya\u015fam"},"content":{"rendered":"<p>Benim en b\u00fcy\u00fck mutlulu\u011fum her\u015feyden ka\u00e7mak. Her\u015feyden. T\u00fcm \u00e7ocuklarda. T\u00fcm ac\u0131lardan. T\u00fcm sevgilerden. T\u00fcm orgazmlardan. T\u00fcm gecelerden. T\u00fcm g\u00fcnlerden. Her hilal aydan, her \u00fclkeden. Ben her gece \u00f6l\u00fcyorum. Her sabah yeniden canlan\u0131yorum. Her yirmid\u00f6rt saatlik zaman dilimi hem \u00f6l\u00fcm hem ya\u015fam ayn\u0131 zamanda&#8230; Zaman D\u0131\u015f\u0131 Ya\u015fam \u00e7a\u011fda\u015f T\u00fcrk edebiyat\u0131n\u0131n \u00e7ok gen\u00e7 ya\u015fta yitirdi\u011fi \u00f6zg\u00fcn yazarlar\u0131ndan Tezer \u00d6zl\u00fc&#8217;n\u00fcn, kendi yap\u0131tlar\u0131ndan yola \u00e7\u0131karak, 1983 y\u0131l\u0131nda kaleme ald\u0131\u011f\u0131 bir senaryodur. Tezer \u00d6zl\u00fc t\u00fcm yap\u0131tlar\u0131nda sergiledi\u011fi ya\u015fam\u0131n ve zaman\u0131n en k\u00fc\u00e7\u00fck kesitinde dahi ya\u015fam\u0131n anlam\u0131n\u0131 aray\u0131\u015f edimini, bu kez zaman d\u0131\u015f\u0131 ya\u015famda da sergiliyor. \ufffcTan\u0131t\u0131m Metni<\/p>\n","protected":false},"excerpt":{"rendered":"<p>Benim en b\u00fcy\u00fck mutlulu\u011fum her\u015feyden ka\u00e7mak. Her\u015feyden. T\u00fcm \u00e7ocuklarda. T\u00fcm ac\u0131lardan. T\u00fcm sevgilerden. T\u00fcm orgazmlardan. T\u00fcm gecelerden. T\u00fcm g\u00fcnlerden. Her hilal aydan, her \u00fclkeden. Ben her<span class=\"excerpt-hellip\"> [\u2026]<\/span><\/p>\n","protected":false},"featured_media":0,"template":"","meta":{"_monsterinsights_skip_tracking":false,"_monsterinsights_sitenote_active":false,"_monsterinsights_sitenote_note":"","_monsterinsights_sitenote_category":0},"product_brand":[],"product_cat":[12291,14272],"product_tag":[],"class_list":{"0":"post-694560","1":"product","2":"type-product","3":"status-publish","5":"product_cat-edebiyat","6":"product_cat-tiyatro","7":"pa_cilt-ciltsiz","8":"pa_tur-kitap","9":"pa_yayinevi-yapi-kredi-yayinlari","10":"pa_yazar-tezer-ozlu","12":"first","13":"instock","14":"sale","15":"shipping-taxable","16":"purchasable","17":"product-type-simple"},"_links":{"self":[{"href":"https:\/\/roveyayinevi.com.tr\/index.php\/wp-json\/wp\/v2\/product\/694560","targetHints":{"allow":["GET"]}}],"collection":[{"href":"https:\/\/roveyayinevi.com.tr\/index.php\/wp-json\/wp\/v2\/product"}],"about":[{"href":"https:\/\/roveyayinevi.com.tr\/index.php\/wp-json\/wp\/v2\/types\/product"}],"wp:attachment":[{"href":"https:\/\/roveyayinevi.com.tr\/index.php\/wp-json\/wp\/v2\/media?parent=694560"}],"wp:term":[{"taxonomy":"product_brand","embeddable":true,"href":"https:\/\/roveyayinevi.com.tr\/index.php\/wp-json\/wp\/v2\/product_brand?post=694560"},{"taxonomy":"product_cat","embeddable":true,"href":"https:\/\/roveyayinevi.com.tr\/index.php\/wp-json\/wp\/v2\/product_cat?post=694560"},{"taxonomy":"product_tag","embeddable":true,"href":"https:\/\/roveyayinevi.com.tr\/index.php\/wp-json\/wp\/v2\/product_tag?post=694560"}],"curies":[{"name":"wp","href":"https:\/\/api.w.org\/{rel}","templated":true}]}}