{"id":694552,"date":"2025-08-27T14:21:41","date_gmt":"2025-08-27T11:21:41","guid":{"rendered":"https:\/\/roveyayinevi.com.tr\/index.php\/urun\/yollar-ayrilirken\/"},"modified":"2026-04-16T02:04:35","modified_gmt":"2026-04-15T23:04:35","slug":"yollar-ayrilirken","status":"publish","type":"product","link":"https:\/\/roveyayinevi.com.tr\/index.php\/urun\/yollar-ayrilirken\/","title":{"rendered":"Yollar Ayr\u0131l\u0131rken"},"content":{"rendered":"<p>Bu kitapta \u0130slami kurumlar ve Ortado\u011fu ekonomileri konusunda d\u00fcnyan\u0131n \u00f6nde gelen bir uzman\u0131, Sanayi Devrimi&#8217;nden beri tart\u0131\u015f\u0131lan bu sorulara yeni yan\u0131tlar sunuyor. 1000 y\u0131l\u0131nda Ortado\u011fu ekonomisi Avrupa ekonomisinden daha az geli\u015fkin de\u011fildi; ama 1800 y\u0131l\u0131na var\u0131ld\u0131\u011f\u0131nda gerek ya\u015fam standartlar\u0131, gerek teknoloji, gerekse ekonomik etkinlik bak\u0131m\u0131ndan \u00e7arp\u0131c\u0131 d\u00fczeyde geriye d\u00fc\u015fm\u00fc\u015f durumdayd\u0131. Bat\u0131 d\u00fcnyas\u0131 \u00e7a\u011f atlarken, Ortado\u011fu ekonomisi modernle\u015fme s\u00fcrecinin emekleme d\u00f6nemindeydi. Ortado\u011fu&#8217;yla Bat\u0131&#8217;n\u0131n ekonomik geli\u015fim yollar\u0131 neden ayr\u0131ld\u0131? Ortado\u011fu ni\u00e7in 21. y\u00fczy\u0131lda bile azgeli\u015fmi\u015f b\u00f6lge konumunda? Timur Kuran, Ortado\u011fu&#8217;da ekonomik geli\u015fimin t\u0131kanmas\u0131n\u0131 ne b\u00f6lgenin co\u011frafi konumuna ne de emperyalizme ba\u011fl\u0131yor; dinle ilintili tutumlar\u0131n da bu s\u00fcre\u00e7te kritik bir rol oynamad\u0131\u011f\u0131n\u0131 g\u00f6stererek \u0130slam&#8217;la kapitalizm aras\u0131nda derin bir ba\u011fda\u015fmazl\u0131k olmad\u0131\u011f\u0131n\u0131 vurguluyor. Azgeli\u015fmi\u015fli\u011fin kayna\u011f\u0131, modern ekonomik ya\u015fam a\u00e7\u0131s\u0131ndan kritik kimi alanlarda Orta\u00e7a\u011f \u015fartlar\u0131na uyarlanm\u0131\u015f Islam hukununun de\u011fi\u015fen \u015fartlara ayak uyduramamas\u0131yd\u0131. Orta\u00e7a\u011f&#8217;da y\u00fcksek bir refah d\u00fczeyi sa\u011flayan \u0130slam kurumlar\u0131, modern ekonomik ya\u015fam\u0131n \u00f6zel sermaye birikimi, kal\u0131c\u0131 \u015firket, seri \u00fcretim ve gayri\u015fahsi ticaret gibi \u00f6zelliklerinin ortaya \u00e7\u0131k\u0131\u015f\u0131n\u0131 yava\u015flatarak, hatta kimi ba\u011flamlarda \u00f6n\u00fcn\u00fc t\u0131kayarak, geli\u015fimi engellemeye ba\u015flad\u0131. 19. y\u00fczy\u0131ldan itibaren Ortado\u011fu \u00fclkeleri modern ekonominin kilit kurumlar\u0131n\u0131 ithal ettiyse de b\u00f6lge ekonomisi a\u00e7\u0131lan u\u00e7urumu hen\u00fcz kapatabilmi\u015f de\u011fil. \u00dcstelik kestirme bir \u00e7\u00f6z\u00fcm yok. Ortado\u011fu&#8217;nun eski kurumlar\u0131ndan miras kalan ve g\u00fcn\u00fcm\u00fczde b\u00f6lgenin ay\u0131r\u0131c\u0131 \u00f6zellikleri olan d\u00fc\u015f\u00fck g\u00fcven duygusu, yayg\u0131n yolsuzluk ve zay\u0131f sivil toplum gibi engellerin a\u015f\u0131lmas\u0131 ku\u015faklar s\u00fcrecektir. Yollar Ayr\u0131l\u0131rken \u0130slam d\u00fcnyas\u0131ndaki sek\u00fclerlik yanl\u0131lar\u0131n\u0131n bile ele almakta duraksad\u0131\u011f\u0131 bir konuda a\u00e7\u0131k s\u00f6zl\u00fc ve d\u00fcr\u00fcst bir tart\u0131\u015fman\u0131n \u00f6n\u00fcn\u00fc a\u00e7\u0131yor. <\/p>\n","protected":false},"excerpt":{"rendered":"<p>Bu kitapta \u0130slami kurumlar ve Ortado\u011fu ekonomileri konusunda d\u00fcnyan\u0131n \u00f6nde gelen bir uzman\u0131, Sanayi Devrimi&#8217;nden beri tart\u0131\u015f\u0131lan bu sorulara yeni yan\u0131tlar sunuyor. 1000 y\u0131l\u0131nda Ortado\u011fu ekonomisi<span class=\"excerpt-hellip\"> [\u2026]<\/span><\/p>\n","protected":false},"featured_media":0,"template":"","meta":{"_monsterinsights_skip_tracking":false,"_monsterinsights_sitenote_active":false,"_monsterinsights_sitenote_note":"","_monsterinsights_sitenote_category":0},"product_brand":[],"product_cat":[12718,12719],"product_tag":[],"class_list":{"0":"post-694552","1":"product","2":"type-product","3":"status-publish","5":"product_cat-din","6":"product_cat-islam","7":"pa_cilt-ciltsiz","8":"pa_tur-kitap","9":"pa_yayinevi-yapi-kredi-yayinlari","10":"pa_yazar-timur-kuran","12":"first","13":"instock","14":"sale","15":"shipping-taxable","16":"purchasable","17":"product-type-simple"},"_links":{"self":[{"href":"https:\/\/roveyayinevi.com.tr\/index.php\/wp-json\/wp\/v2\/product\/694552","targetHints":{"allow":["GET"]}}],"collection":[{"href":"https:\/\/roveyayinevi.com.tr\/index.php\/wp-json\/wp\/v2\/product"}],"about":[{"href":"https:\/\/roveyayinevi.com.tr\/index.php\/wp-json\/wp\/v2\/types\/product"}],"wp:attachment":[{"href":"https:\/\/roveyayinevi.com.tr\/index.php\/wp-json\/wp\/v2\/media?parent=694552"}],"wp:term":[{"taxonomy":"product_brand","embeddable":true,"href":"https:\/\/roveyayinevi.com.tr\/index.php\/wp-json\/wp\/v2\/product_brand?post=694552"},{"taxonomy":"product_cat","embeddable":true,"href":"https:\/\/roveyayinevi.com.tr\/index.php\/wp-json\/wp\/v2\/product_cat?post=694552"},{"taxonomy":"product_tag","embeddable":true,"href":"https:\/\/roveyayinevi.com.tr\/index.php\/wp-json\/wp\/v2\/product_tag?post=694552"}],"curies":[{"name":"wp","href":"https:\/\/api.w.org\/{rel}","templated":true}]}}