{"id":694551,"date":"2025-08-27T14:21:41","date_gmt":"2025-08-27T11:21:41","guid":{"rendered":"https:\/\/roveyayinevi.com.tr\/index.php\/urun\/acaba-kiminle-evlensem\/"},"modified":"2026-04-16T02:04:35","modified_gmt":"2026-04-15T23:04:35","slug":"acaba-kiminle-evlensem","status":"publish","type":"product","link":"https:\/\/roveyayinevi.com.tr\/index.php\/urun\/acaba-kiminle-evlensem\/","title":{"rendered":"Acaba Kiminle Evlensem"},"content":{"rendered":"<p>Adresim a\u00e7\u0131k.  Sana kilitlenmi\u015f bir y\u00fcrek.  Yolda y\u00fcr\u00fcrken yan\u0131mdan ge\u00e7ip gitme! Ans\u0131z\u0131n &#8220;dur&#8221; ve tek bir kelime s\u00f6ylemeden sar\u0131l bana. Belki de okyanusun \u00f6tesinden Atla bir gemiye ve gel bana. Adresi bilmedi\u011fini umursama. Bo\u015f ver adresi. En iyi adres, ans\u0131z\u0131n gitmeye karar verdi\u011fin yerdir.  En iyi adres, bileti \u00f6nceden rezervasyon edilmeyendir.  En iyi adres daha \u00f6nce hi\u00e7 aranmam\u0131\u015f adrestir.  Beni bul di\u011fer yar\u0131m. Aram\u0131zda okyanuslar varm\u0131\u015f, umursama.  Okyanus dedi\u011fin, say\u0131s\u0131 belli olmayan su damlalar\u0131ndan ba\u015fka bir \u015fey de\u011fildir.  Zaman dedi\u011fin, okyanusu olu\u015fturan su damlalar\u0131 gibi, zaman\u0131 olu\u015fturan anlard\u0131r.  \u015eimdi gel yan\u0131ma.  \u015eu an gel. Umursama nereye gidece\u011fimizi.  Y\u00fcre\u011fini dinle ve beni bul.  Yolda y\u00fcr\u00fcrken g\u00f6r\u00fcrsen beni, &#8220;dur&#8221; ve beni almadan gitme.  Bir ad\u0131m bile.  Gel di\u011fer yar\u0131m. Gel ve beni bul. <\/p>\n","protected":false},"excerpt":{"rendered":"<p>Adresim a\u00e7\u0131k. Sana kilitlenmi\u015f bir y\u00fcrek. Yolda y\u00fcr\u00fcrken yan\u0131mdan ge\u00e7ip gitme! Ans\u0131z\u0131n &#8220;dur&#8221; ve tek bir kelime s\u00f6ylemeden sar\u0131l bana. Belki de okyanusun \u00f6tesinden Atla bir<span class=\"excerpt-hellip\"> [\u2026]<\/span><\/p>\n","protected":false},"featured_media":0,"template":"","meta":{"_monsterinsights_skip_tracking":false,"_monsterinsights_sitenote_active":false,"_monsterinsights_sitenote_note":"","_monsterinsights_sitenote_category":0},"product_brand":[],"product_cat":[12831,12324],"product_tag":[],"class_list":{"0":"post-694551","1":"product","2":"type-product","3":"status-publish","5":"product_cat-aile-ve-cocuk","6":"product_cat-sosyoloji","7":"pa_cilt-ciltsiz","8":"pa_tur-kitap","9":"pa_yayinevi-cay-yayinlari","10":"pa_yazar-mustafa-cay","12":"first","13":"instock","14":"sale","15":"shipping-taxable","16":"purchasable","17":"product-type-simple"},"_links":{"self":[{"href":"https:\/\/roveyayinevi.com.tr\/index.php\/wp-json\/wp\/v2\/product\/694551","targetHints":{"allow":["GET"]}}],"collection":[{"href":"https:\/\/roveyayinevi.com.tr\/index.php\/wp-json\/wp\/v2\/product"}],"about":[{"href":"https:\/\/roveyayinevi.com.tr\/index.php\/wp-json\/wp\/v2\/types\/product"}],"wp:attachment":[{"href":"https:\/\/roveyayinevi.com.tr\/index.php\/wp-json\/wp\/v2\/media?parent=694551"}],"wp:term":[{"taxonomy":"product_brand","embeddable":true,"href":"https:\/\/roveyayinevi.com.tr\/index.php\/wp-json\/wp\/v2\/product_brand?post=694551"},{"taxonomy":"product_cat","embeddable":true,"href":"https:\/\/roveyayinevi.com.tr\/index.php\/wp-json\/wp\/v2\/product_cat?post=694551"},{"taxonomy":"product_tag","embeddable":true,"href":"https:\/\/roveyayinevi.com.tr\/index.php\/wp-json\/wp\/v2\/product_tag?post=694551"}],"curies":[{"name":"wp","href":"https:\/\/api.w.org\/{rel}","templated":true}]}}