{"id":694549,"date":"2025-08-27T14:21:40","date_gmt":"2025-08-27T11:21:40","guid":{"rendered":"https:\/\/roveyayinevi.com.tr\/index.php\/urun\/yon-devrim-hareketi\/"},"modified":"2026-04-16T02:04:35","modified_gmt":"2026-04-15T23:04:35","slug":"yon-devrim-hareketi","status":"publish","type":"product","link":"https:\/\/roveyayinevi.com.tr\/index.php\/urun\/yon-devrim-hareketi\/","title":{"rendered":"Y\u00f6n &#8211; Devrim Hareketi"},"content":{"rendered":"<p>Do\u011fan Avc\u0131o\u011flu liderli\u011findeki Y\u00f6n-Devrim Hareketi, Yeni Osmanl\u0131lar, J\u00f6n T\u00fcrkler, \u0130ttihat\u00e7\u0131lar, Kemalistler, Kadrocular ve g\u00fcn\u00fcm\u00fcz \u2018ulusal solcu\u2019lar\u0131na uzanan Osmanl\u0131-T\u00fcrk geleneksel ayd\u0131n hareketleri i\u00e7inde bir istisna te\u015fkil eder. Ak\u0131m\u0131n geli\u015ftirdi\u011fi siyasal s\u00f6ylemin \u00f6zelli\u011fi, kendine \u00f6ncel ayd\u0131n hareketlerinin T\u00fcrkiye nas\u0131l kalk\u0131nabilir? ana sorunsal\u0131 i\u00e7in geli\u015ftirdikleri t\u00fcm temel kavram ve \u00f6nermeleri Marksizmden yararlanarak yeniden anlamland\u0131rmay\u0131 denemi\u015f olmas\u0131 ve bunlar\u0131 sosyalist bir T\u00fcrkiye projesi i\u00e7in yeniden bir araya getirmi\u015f olmas\u0131d\u0131r. \ufffcTan\u0131t\u0131m Metni<\/p>\n","protected":false},"excerpt":{"rendered":"<p>Do\u011fan Avc\u0131o\u011flu liderli\u011findeki Y\u00f6n-Devrim Hareketi, Yeni Osmanl\u0131lar, J\u00f6n T\u00fcrkler, \u0130ttihat\u00e7\u0131lar, Kemalistler, Kadrocular ve g\u00fcn\u00fcm\u00fcz \u2018ulusal solcu\u2019lar\u0131na uzanan Osmanl\u0131-T\u00fcrk geleneksel ayd\u0131n hareketleri i\u00e7inde bir istisna te\u015fkil eder.<span class=\"excerpt-hellip\"> [\u2026]<\/span><\/p>\n","protected":false},"featured_media":0,"template":"","meta":{"_monsterinsights_skip_tracking":false,"_monsterinsights_sitenote_active":false,"_monsterinsights_sitenote_note":"","_monsterinsights_sitenote_category":0},"product_brand":[],"product_cat":[12312,12304],"product_tag":[],"class_list":{"0":"post-694549","1":"product","2":"type-product","3":"status-publish","5":"product_cat-diger","6":"product_cat-tarih","7":"pa_cilt-ciltsiz","8":"pa_tur-kitap","9":"pa_yayinevi-yordam-kitap","10":"pa_yazar-gokhan-atilgan","12":"first","13":"instock","14":"sale","15":"shipping-taxable","16":"purchasable","17":"product-type-simple"},"_links":{"self":[{"href":"https:\/\/roveyayinevi.com.tr\/index.php\/wp-json\/wp\/v2\/product\/694549","targetHints":{"allow":["GET"]}}],"collection":[{"href":"https:\/\/roveyayinevi.com.tr\/index.php\/wp-json\/wp\/v2\/product"}],"about":[{"href":"https:\/\/roveyayinevi.com.tr\/index.php\/wp-json\/wp\/v2\/types\/product"}],"wp:attachment":[{"href":"https:\/\/roveyayinevi.com.tr\/index.php\/wp-json\/wp\/v2\/media?parent=694549"}],"wp:term":[{"taxonomy":"product_brand","embeddable":true,"href":"https:\/\/roveyayinevi.com.tr\/index.php\/wp-json\/wp\/v2\/product_brand?post=694549"},{"taxonomy":"product_cat","embeddable":true,"href":"https:\/\/roveyayinevi.com.tr\/index.php\/wp-json\/wp\/v2\/product_cat?post=694549"},{"taxonomy":"product_tag","embeddable":true,"href":"https:\/\/roveyayinevi.com.tr\/index.php\/wp-json\/wp\/v2\/product_tag?post=694549"}],"curies":[{"name":"wp","href":"https:\/\/api.w.org\/{rel}","templated":true}]}}