{"id":694545,"date":"2025-08-27T14:21:39","date_gmt":"2025-08-27T11:21:39","guid":{"rendered":"https:\/\/roveyayinevi.com.tr\/index.php\/urun\/yukseltin-tavan-kirisini-ustalar-seymour-bir-giris\/"},"modified":"2026-04-16T02:04:35","modified_gmt":"2026-04-15T23:04:35","slug":"yukseltin-tavan-kirisini-ustalar-seymour-bir-giris","status":"publish","type":"product","link":"https:\/\/roveyayinevi.com.tr\/index.php\/urun\/yukseltin-tavan-kirisini-ustalar-seymour-bir-giris\/","title":{"rendered":"Y\u00fckseltin Tavan Kiri\u015fini Ustalar &#8211; Seymour Bir Giri\u015f"},"content":{"rendered":"<p>Efsane yazar, suskun m\u00fcnzevi Salinger&#8217;\u0131n T\u00fcrk\u00e7eye \u00e7evirilen son kitab\u0131. Daha \u00f6nceki y\u0131llarda Dokuz \u00d6yk\u00fc (1993), Franny ve Zooey (1993) ve \u00c7avdar Tarlas\u0131nda \u00c7ocuklar isimli kitaplar\u0131n\u0131 yay\u0131mlad\u0131\u011f\u0131m\u0131z Salinger&#8217;\u0131n kitapla\u015fm\u0131\u015f son kitab\u0131yd\u0131. Y\u00fckseltin Tavan Kiri\u015fini Ustalar ve Seymour Bir Giri\u015f. Franny ve Zooey&#8217;de oldu\u011fu gibi bu kitapta da Glass karde\u015flere ait iki uzun \u00f6yk\u00fc yer al\u0131yor. Yazd\u0131\u011f\u0131 \u00f6yk\u00fcler kadar, 1963&#8217;ten bu yana s\u00fcrd\u00fcrd\u00fc\u011f\u00fc mutlak m\u00fcnzevi tavr\u0131yla da edebiyat g\u00fcndeminin en \u00e7ok konu\u015fulan ismi, J. D. Salinger. Tek -ve k\u00fclt- roman\u0131 \u00c7avdar Tarlas\u0131nda \u00c7ocuklar ile modern edebiyat\u0131n klasi\u011fi olan Salinger&#8217;\u0131n bu roman\u0131 (ilk bask\u0131s\u0131&#8230;.) her y\u0131l iki y\u00fcz elli bin bas\u0131l\u0131yor. \ufffcTan\u0131t\u0131m Metni<\/p>\n","protected":false},"excerpt":{"rendered":"<p>Efsane yazar, suskun m\u00fcnzevi Salinger&#8217;\u0131n T\u00fcrk\u00e7eye \u00e7evirilen son kitab\u0131. Daha \u00f6nceki y\u0131llarda Dokuz \u00d6yk\u00fc (1993), Franny ve Zooey (1993) ve \u00c7avdar Tarlas\u0131nda \u00c7ocuklar isimli kitaplar\u0131n\u0131 yay\u0131mlad\u0131\u011f\u0131m\u0131z<span class=\"excerpt-hellip\"> [\u2026]<\/span><\/p>\n","protected":false},"featured_media":0,"template":"","meta":{"_monsterinsights_skip_tracking":false,"_monsterinsights_sitenote_active":false,"_monsterinsights_sitenote_note":"","_monsterinsights_sitenote_category":0},"product_brand":[],"product_cat":[12891,12291],"product_tag":[],"class_list":{"0":"post-694545","1":"product","2":"type-product","3":"status-publish","5":"product_cat-amerikan-edebiyati","6":"product_cat-edebiyat","7":"pa_cilt-ciltsiz","8":"pa_tur-kitap","9":"pa_yayinevi-yapi-kredi-yayinlari","10":"pa_yazar-jerome-david-salinger","12":"first","13":"instock","14":"sale","15":"shipping-taxable","16":"purchasable","17":"product-type-simple"},"_links":{"self":[{"href":"https:\/\/roveyayinevi.com.tr\/index.php\/wp-json\/wp\/v2\/product\/694545","targetHints":{"allow":["GET"]}}],"collection":[{"href":"https:\/\/roveyayinevi.com.tr\/index.php\/wp-json\/wp\/v2\/product"}],"about":[{"href":"https:\/\/roveyayinevi.com.tr\/index.php\/wp-json\/wp\/v2\/types\/product"}],"wp:attachment":[{"href":"https:\/\/roveyayinevi.com.tr\/index.php\/wp-json\/wp\/v2\/media?parent=694545"}],"wp:term":[{"taxonomy":"product_brand","embeddable":true,"href":"https:\/\/roveyayinevi.com.tr\/index.php\/wp-json\/wp\/v2\/product_brand?post=694545"},{"taxonomy":"product_cat","embeddable":true,"href":"https:\/\/roveyayinevi.com.tr\/index.php\/wp-json\/wp\/v2\/product_cat?post=694545"},{"taxonomy":"product_tag","embeddable":true,"href":"https:\/\/roveyayinevi.com.tr\/index.php\/wp-json\/wp\/v2\/product_tag?post=694545"}],"curies":[{"name":"wp","href":"https:\/\/api.w.org\/{rel}","templated":true}]}}