{"id":694537,"date":"2025-08-27T14:21:37","date_gmt":"2025-08-27T11:21:37","guid":{"rendered":"https:\/\/roveyayinevi.com.tr\/index.php\/urun\/perdido-sokagi-istasyonu\/"},"modified":"2026-04-16T02:04:34","modified_gmt":"2026-04-15T23:04:34","slug":"perdido-sokagi-istasyonu","status":"publish","type":"product","link":"https:\/\/roveyayinevi.com.tr\/index.php\/urun\/perdido-sokagi-istasyonu\/","title":{"rendered":"Perdido Soka\u011f\u0131 \u0130stasyonu"},"content":{"rendered":"<p>Yeni Crobuzon d\u00fcnyan\u0131n merkezidir. \u0130nsanlar, Tekraryap\u0131mlar ve esrarengiz \u0131rklar bu kentin kanatlar\u0131 alt\u0131nda ya\u015famlar\u0131n\u0131 s\u00fcrd\u00fcr\u00fcrler. Miskin miskin akan bir nehir kenti ikiye b\u00f6ler. Fabrikalar ve d\u00f6k\u00fcmhaneler gecenin sessizli\u011fini y\u0131rtar. Bin y\u0131ldan uzun zamand\u0131r Parlamento ve onun ac\u0131mas\u0131z milisleri b\u00f6lge ekonomisine h\u00e2kim olmu\u015f ve i\u015f\u00e7ilere, sanat\u00e7\u0131lara, casuslara, askerlere, b\u00fcy\u00fcc\u00fclere, esrarke\u015flere ve fahi\u015felere k\u00f6k s\u00f6kt\u00fcrm\u00fc\u015ft\u00fcr. G\u00fcn\u00fcn birinde kente bir yabanc\u0131 gelir. Cebinde alt\u0131n k\u00fcl\u00e7eleri, kalbinde ger\u00e7ekle\u015fmesi imk\u00e2ns\u0131z bir iste\u011fi vard\u0131r. Ama bu arada kimsenin akl\u0131na gelmeyecek bir \u015fey olur ve tamamen tesad\u00fcf eseri o \u015fey serbest kal\u0131r. Korkun\u00e7 bir yarat\u0131k b\u00fct\u00fcn kente deh\u015fet sa\u00e7maya ba\u015flar. Milyonlar\u0131n kaderi hainlere, ka\u00e7aklara ve yeralt\u0131 d\u00fcnyas\u0131n\u0131n patronlar\u0131na ba\u011fl\u0131d\u0131r art\u0131k. Gece olunca b\u00fct\u00fcn kentte bir s\u00fcrek av\u0131 ba\u015flar. Kentin tekinsiz, izbe k\u00f6\u015felerinde \u00e7ete sava\u015flar\u0131 \u00e7\u0131kar. B\u00fcy\u00fck hesapla\u015fma, Perdido Soka\u011f\u0131 \u0130stasyonu binas\u0131n\u0131n karma\u015f\u0131k, devasa kubbeleri alt\u0131nda ya\u015fanacakt\u0131r&#8230; Perdido Soka\u011f\u0131 \u0130stasyonu, Britanya bilim kurgu\/fantastik edebiyat\u0131n\u0131n y\u00fckselen gen\u00e7 sesi China Mi\u00e9ville\u2019in en \u00fcnl\u00fc roman\u0131d\u0131r. B\u00fcy\u00fck be\u011feniyle kar\u015f\u0131lanan, pek \u00e7ok dile \u00e7evrilen eser, yazar\u0131na Arthur C. Clarke ve Britanya Fantezi \u00f6d\u00fcllerini de kazand\u0131rm\u0131\u015ft\u0131r. \u201cMi\u00e9ville\u2019in edeb\u00ee \u00fcslubundaki kendine g\u00fcven son derece hayranl\u0131k uyand\u0131r\u0131c\u0131.\u201d The Times \u201cUstaca yaz\u0131lm\u0131\u015f, s\u00fcr\u00fckleyici bir macera, bol miktarda b\u00fcy\u00fc var\u2026 Mi\u00e9ville sizi hayal k\u0131r\u0131kl\u0131\u011f\u0131na u\u011fratmayacak.\u201d Daily Telegraph \u201cMi\u00e9ville, bu kitab\u0131nda insan\u0131 hem hayranl\u0131k hem de deh\u015fet i\u00e7inde b\u0131rakan, muazzam bir d\u00fcnya yaratm\u0131\u015f. G\u00f6rkemli, ba\u015ftan \u00e7\u0131kar\u0131c\u0131 bir hik\u00e2ye.\u201d Publishing News<\/p>\n","protected":false},"excerpt":{"rendered":"<p>Yeni Crobuzon d\u00fcnyan\u0131n merkezidir. \u0130nsanlar, Tekraryap\u0131mlar ve esrarengiz \u0131rklar bu kentin kanatlar\u0131 alt\u0131nda ya\u015famlar\u0131n\u0131 s\u00fcrd\u00fcr\u00fcrler. Miskin miskin akan bir nehir kenti ikiye b\u00f6ler. Fabrikalar ve d\u00f6k\u00fcmhaneler<span class=\"excerpt-hellip\"> [\u2026]<\/span><\/p>\n","protected":false},"featured_media":0,"template":"","meta":{"_monsterinsights_skip_tracking":false,"_monsterinsights_sitenote_active":false,"_monsterinsights_sitenote_note":"","_monsterinsights_sitenote_category":0},"product_brand":[],"product_cat":[12291,12866],"product_tag":[],"class_list":{"0":"post-694537","1":"product","2":"type-product","3":"status-publish","5":"product_cat-edebiyat","6":"product_cat-ingiliz-edebiyati","7":"pa_cilt-ciltsiz","8":"pa_tur-kitap","9":"pa_yayinevi-yordam-kitap","10":"pa_yazar-china-mieville","12":"first","13":"instock","14":"sale","15":"shipping-taxable","16":"purchasable","17":"product-type-simple"},"_links":{"self":[{"href":"https:\/\/roveyayinevi.com.tr\/index.php\/wp-json\/wp\/v2\/product\/694537","targetHints":{"allow":["GET"]}}],"collection":[{"href":"https:\/\/roveyayinevi.com.tr\/index.php\/wp-json\/wp\/v2\/product"}],"about":[{"href":"https:\/\/roveyayinevi.com.tr\/index.php\/wp-json\/wp\/v2\/types\/product"}],"wp:attachment":[{"href":"https:\/\/roveyayinevi.com.tr\/index.php\/wp-json\/wp\/v2\/media?parent=694537"}],"wp:term":[{"taxonomy":"product_brand","embeddable":true,"href":"https:\/\/roveyayinevi.com.tr\/index.php\/wp-json\/wp\/v2\/product_brand?post=694537"},{"taxonomy":"product_cat","embeddable":true,"href":"https:\/\/roveyayinevi.com.tr\/index.php\/wp-json\/wp\/v2\/product_cat?post=694537"},{"taxonomy":"product_tag","embeddable":true,"href":"https:\/\/roveyayinevi.com.tr\/index.php\/wp-json\/wp\/v2\/product_tag?post=694537"}],"curies":[{"name":"wp","href":"https:\/\/api.w.org\/{rel}","templated":true}]}}